{"id":3838,"date":"2026-04-21T09:08:45","date_gmt":"2026-04-21T09:08:45","guid":{"rendered":"https:\/\/dev.sbro.ro\/?product=zece-baieti-care-si-au-folosit-talentele"},"modified":"2026-04-21T09:08:45","modified_gmt":"2026-04-21T09:08:45","slug":"zece-baieti-care-si-au-folosit-talentele","status":"publish","type":"product","link":"https:\/\/dev.sbro.ro\/product\/zece-baieti-care-si-au-folosit-talentele\/","title":{"rendered":"Zece baieti care si-au folosit talentele"},"content":{"rendered":"<p>Johann Sebastian Bach * Paul Brand * John Bunyan * James Clerk Maxwell * Wilfred Grenfell * C.S. Lewis * Samuel Morse * Ghillean Prance * C.T. Studd * George Washington-Carver Ce po\u021bi face tu pentru Dumnezeu? Ace\u0219ti zece b\u0103ie\u021bi au devenit oameni remarcabili. Cu to\u021bii au avut \u00een comun dou\u0103 lucruri: \u0219i-au folosit talentele \u0219i au avut convingerea c\u0103 aceste abilit\u0103\u021bi le-au fost date de Dumnezeu ca daruri pentru a fi puse \u00een slujba Lui. Paul Brand a fost un inovator \u00een domeniul medicinei, aduc\u00e2nd astfel speran\u021b\u0103 multor bolnavi. Pasiunea lui Ghillean Prance pentru mediul \u00eenconjur\u0103tor l-a condus p\u00e2n\u0103 la Gr\u0103dina Botanic\u0103 Kew, ce reprezint\u0103 \u0219i azi un centru de excelen\u021b\u0103 \u00een studiul crea\u021biei lui Dumnezeu. C.S. Lewis a deschis u\u0219a spre Narnia \u0219i, totodat\u0103, a deschis multor oameni inima spre credin\u021b\u0103. C.T. Studd era un excep\u021bional juc\u0103tor de crichet, care a excelat \u0219i \u00een c\u00e2mpul de misiune. Wilfred Grenfell a fost un explorator neobosit \u00een zona arctic\u0103. Muzica lui J.S. Bach \u00eei inspir\u0103 pe mul\u021bi chiar \u0219i \u00een zilele noastre, a\u0219a cum el a fost inspirat de Cristos. James Clerk Maxwell a crezut c\u0103 Dumnezeu men\u021bine ordinea \u00een Univers, ceea ce l-a condus la descoperiri \u0219tiin\u021bifice importante. Samuel Morse a inventat multe lucruri, contribuind la salvarea multor vie\u021bi. George Washington-Carver a dep\u0103\u0219it discrimin\u0103rile suferite \u0219i a devenit un mare chimist. John Bunyan a petrecut mul\u021bi ani \u00een \u00eenchisoare, dar ne-a l\u0103sat o scriere clasic\u0103 de mare profunzime spiritual\u0103.<\/p>\n","protected":false},"excerpt":{"rendered":"<p>Johann Sebastian Bach * Paul Brand * John Bunyan * James Clerk Maxwell * Wilfred Grenfell * C.S. Lewis * Samuel Morse * Ghillean Prance * C.T. Studd * George Washington-Carver Ce po\u021bi face tu pentru Dumnezeu? Ace\u0219ti zece b\u0103ie\u021bi au devenit oameni remarcabili. Cu to\u021bii au avut \u00een comun dou\u0103 lucruri: \u0219i-au folosit talentele [&hellip;]<\/p>\n","protected":false},"featured_media":9260,"comment_status":"open","ping_status":"closed","template":"","meta":[],"product_brand":[],"product_cat":[35,13],"product_tag":[],"class_list":{"0":"post-3838","1":"product","2":"type-product","3":"status-publish","4":"has-post-thumbnail","6":"product_cat-copii","7":"product_cat-familie","9":"first","10":"instock","11":"shipping-taxable","12":"purchasable","13":"product-type-simple"},"_links":{"self":[{"href":"https:\/\/dev.sbro.ro\/wp-json\/wp\/v2\/product\/3838","targetHints":{"allow":["GET"]}}],"collection":[{"href":"https:\/\/dev.sbro.ro\/wp-json\/wp\/v2\/product"}],"about":[{"href":"https:\/\/dev.sbro.ro\/wp-json\/wp\/v2\/types\/product"}],"replies":[{"embeddable":true,"href":"https:\/\/dev.sbro.ro\/wp-json\/wp\/v2\/comments?post=3838"}],"wp:featuredmedia":[{"embeddable":true,"href":"https:\/\/dev.sbro.ro\/wp-json\/wp\/v2\/media\/9260"}],"wp:attachment":[{"href":"https:\/\/dev.sbro.ro\/wp-json\/wp\/v2\/media?parent=3838"}],"wp:term":[{"taxonomy":"product_brand","embeddable":true,"href":"https:\/\/dev.sbro.ro\/wp-json\/wp\/v2\/product_brand?post=3838"},{"taxonomy":"product_cat","embeddable":true,"href":"https:\/\/dev.sbro.ro\/wp-json\/wp\/v2\/product_cat?post=3838"},{"taxonomy":"product_tag","embeddable":true,"href":"https:\/\/dev.sbro.ro\/wp-json\/wp\/v2\/product_tag?post=3838"}],"curies":[{"name":"wp","href":"https:\/\/api.w.org\/{rel}","templated":true}]}}