{"id":3840,"date":"2026-04-21T09:08:45","date_gmt":"2026-04-21T09:08:45","guid":{"rendered":"https:\/\/dev.sbro.ro\/?product=eliberarea-biblica"},"modified":"2026-04-21T09:08:45","modified_gmt":"2026-04-21T09:08:45","slug":"eliberarea-biblica","status":"publish","type":"product","link":"https:\/\/dev.sbro.ro\/product\/eliberarea-biblica\/","title":{"rendered":"Eliberarea biblica"},"content":{"rendered":"<p>Derek Prince, pe baza Scripturii \u0219i a vastei sale experien\u021be \u00een domeniu, abordeaz\u0103 temerile \u0219i concep\u021biile gre\u0219ite asociate adesea cu domeniul eliber\u0103rii. Vorbind pe baza experien\u021bei acumulate \u00een peste 30 de ani \u00een slujirea de eliberare \u0219i oferind nenum\u0103rate exemple, el ne pune la dispozi\u021bie sfaturi practice \u0219i \u00eenv\u0103\u021b\u0103tur\u0103 sistematic\u0103 despre cum s\u0103 primim eliberarea \u0219i cum anume s\u0103 p\u0103str\u0103m libertatea ob\u021binut\u0103. Derek Prince subliniaz\u0103 \u00eenc\u0103 din primele pagini urm\u0103torul aspect important: \u201eIsus nu a trimis niciodat\u0103 pe cineva s\u0103 predice Evanghelia f\u0103r\u0103 a instrui \u00een mod specific acea persoan\u0103, ca ea s\u0103 poat\u0103 ac\u021biona \u00eempotriva demonilor \u00een acela\u0219i fel \u00een care El \u00censu\u0219i a f\u0103cut-o.\u201d Dac\u0103 acest lucru s-a schimbat \u00een zilele noastre, autorul ne provoac\u0103, adres\u00e2ndu-ne o \u00eentrebare crucial\u0103: \u201eCine s-a schimbat? \u2013 Isus? Demonii? Ori Biserica?\u201d \u201eEliberarea biblic\u0103\u201d poate fi un manual util de antrenare \u0219i echipare spiritual\u0103 at\u00e2t \u00een ceea ce te prive\u0219te pe tine personal, c\u00e2t \u0219i \u00een vederea slujirii altora care se confrunt\u0103 cu astfel de probleme. CUPRINS: Partea I \u2013 Fundamente 1. Cum a procedat Isus? 2. Terminologie 3. Modelul \u015fi misiunea lui Isus Partea a II-a \u2013 \u00cen \u015fcoala experien\u0163ei 4. Lupta mea cu depresia 5. E\u015fecul meu de a ajuta anumi\u0163i oameni 6. Confruntarea cu demonii 7. Provocat la propriul amvon 8. Sub suprafa\u0163\u0103 9. Lec\u0163ii de la o slujire care c\u00e2\u015ftig\u0103 teren 10. Conflicte personale ne\u00eentrerupte Partea a III-a \u2013 \u0218apte \u00eentreb\u0103ri 11. Ce sunt demonii? 12. Fire sau demoni? 13. Cum primesc demonii acces? 14. Ce este ocultismul? 15. Este vr\u0103jitoria activ\u0103 \u0219i \u00een zilele noastre? 16. Cre\u0219tinii au vreodat\u0103 nevoie de eliberare de demoni? 17. Va locui Duhul Sf\u00e2nt \u00eentr-un vas murdar? Partea a IV-a \u2013 Cum s\u0103 recuno\u0219ti \u0219i s\u0103 sco\u021bi afar\u0103 demonii 18. Activit\u0103\u021bi specifice demonilor 19. Arii ale fiin\u021bei umane care sunt afectate de demoni 20. Demoni de boal\u0103 \u0219i de infirmitate 21. Preg\u0103tire pentru eliberare 22. Rug\u0103ciunea de eliberare 23. Cum s\u0103 \u00ee\u021bi men\u021bii libertatea dob\u00e2ndit\u0103 24. De ce unele persoane nu sunt eliberate 25. Cum po\u021bi ajuta alte persoane s\u0103 primeasc\u0103 eliberare 26. Dup\u0103 eliberare?<\/p>\n","protected":false},"excerpt":{"rendered":"<p>Derek Prince, pe baza Scripturii \u0219i a vastei sale experien\u021be \u00een domeniu, abordeaz\u0103 temerile \u0219i concep\u021biile gre\u0219ite asociate adesea cu domeniul eliber\u0103rii. Vorbind pe baza experien\u021bei acumulate \u00een peste 30 de ani \u00een slujirea de eliberare \u0219i oferind nenum\u0103rate exemple, el ne pune la dispozi\u021bie sfaturi practice \u0219i \u00eenv\u0103\u021b\u0103tur\u0103 sistematic\u0103 despre cum s\u0103 primim eliberarea [&hellip;]<\/p>\n","protected":false},"featured_media":9262,"comment_status":"open","ping_status":"closed","template":"","meta":[],"product_brand":[],"product_cat":[41],"product_tag":[],"class_list":{"0":"post-3840","1":"product","2":"type-product","3":"status-publish","4":"has-post-thumbnail","6":"product_cat-consiliere","8":"first","9":"instock","10":"shipping-taxable","11":"purchasable","12":"product-type-simple"},"_links":{"self":[{"href":"https:\/\/dev.sbro.ro\/wp-json\/wp\/v2\/product\/3840","targetHints":{"allow":["GET"]}}],"collection":[{"href":"https:\/\/dev.sbro.ro\/wp-json\/wp\/v2\/product"}],"about":[{"href":"https:\/\/dev.sbro.ro\/wp-json\/wp\/v2\/types\/product"}],"replies":[{"embeddable":true,"href":"https:\/\/dev.sbro.ro\/wp-json\/wp\/v2\/comments?post=3840"}],"wp:featuredmedia":[{"embeddable":true,"href":"https:\/\/dev.sbro.ro\/wp-json\/wp\/v2\/media\/9262"}],"wp:attachment":[{"href":"https:\/\/dev.sbro.ro\/wp-json\/wp\/v2\/media?parent=3840"}],"wp:term":[{"taxonomy":"product_brand","embeddable":true,"href":"https:\/\/dev.sbro.ro\/wp-json\/wp\/v2\/product_brand?post=3840"},{"taxonomy":"product_cat","embeddable":true,"href":"https:\/\/dev.sbro.ro\/wp-json\/wp\/v2\/product_cat?post=3840"},{"taxonomy":"product_tag","embeddable":true,"href":"https:\/\/dev.sbro.ro\/wp-json\/wp\/v2\/product_tag?post=3840"}],"curies":[{"name":"wp","href":"https:\/\/api.w.org\/{rel}","templated":true}]}}