{"id":3871,"date":"2026-04-21T09:08:49","date_gmt":"2026-04-21T09:08:49","guid":{"rendered":"https:\/\/dev.sbro.ro\/?product=raspunsurile-scripturii-la-problemele-vietii"},"modified":"2026-04-21T09:08:49","modified_gmt":"2026-04-21T09:08:49","slug":"raspunsurile-scripturii-la-problemele-vietii","status":"publish","type":"product","link":"https:\/\/dev.sbro.ro\/product\/raspunsurile-scripturii-la-problemele-vietii\/","title":{"rendered":"Raspunsurile Scripturii la problemele vietii"},"content":{"rendered":"<p>\u201eDoctorul Schlezak se afl\u0103 f\u0103r\u0103 \u00eendoial\u0103 \u00een cea mai prolific\u0103 bucat\u0103 din via\u0163\u0103. Scrie c\u0103r\u0163i, picteaz\u0103, face prunci, consiliaz\u0103 \u015fi toate acestea repede \u015fi bine, de parc\u0103 nu ar mai fi timp. M-am bucurat s\u0103 v\u0103d gata o nou\u0103 carte. L-am \u015fi invidiat pentru capacitatea de a munci \u015fi a respecta termene. La lenea mea proverbial\u0103, ce face el e lucru mare. Cartea de fa\u0163\u0103 pune Biblia ca \u015fi cheie pentru toate \u00eencuietorile vie\u0163ii. F\u0103r\u0103 Biblie nu exist\u0103 nimic. Nici viitor, nici civiliza\u0163ie, nici minte \u00een cap, nici speran\u0163\u0103. Dac\u0103 Dumnezeu nu ar exista, ar trebui inventat. Dac\u0103 Biblia nu ar exista, am sta to\u0163i prin copaci \u015fi ne-am ucide cu ciomege. In cartea de fa\u0163\u0103 nu g\u0103si\u0163i r\u0103spunsurile lui Vlad la problemele min\u0163ii voastre, ci r\u0103spunsurile Lui Dumnezeu. Sau, mai bine zis, r\u0103spunsul care este indubitabil \u00eentotdeauna, Hristos. Bravo, Vlad&#8230;&#8221; Prof. Dr. Vladimir Pu\u015ftan, Pre\u015fedinte Cire\u015farii \u015fi pastor senior al Bisericii Sf\u00e2nta Treime din Beiu\u015f \u015fi din Londra Dr. Vlad Schlezak este \u00een primul r\u00e2nd un cre\u015ftin practicant, este c\u0103s\u0103torit cu Ana \u015fi au o feti\u0163\u0103, Rebecca. Doar apoi e medic psihiatru cre\u015ftin (Londra), 17 ani de experien\u0163\u0103 medical\u0103, lider consilier \u015fi fondator al Clinicii de Consiliere Cre\u015ftin\u0103 Multidisciplinar\u0103 (Londra), profesor fondator al \u015ecolii C.C.M. (Consiliere Cre\u015ftin\u0103 Multidisciplinar\u0103 &#8211; Londra, Beiu\u015f), psiholog clinic \u015fi psihoterapeut cognitiv-comportamental \u015fi psihodinamic (Londra), master psihiatrie [MSc), lector \u015fi fondator al forumului academic psihiatric postuniversitar [Londra) pentru medici psihiatri, asistente medicale, asisten\u0163i sociali, psihologi clinici, terapeu\u0163i ocupa\u0163ionali, autor de articole \u015ftiin\u0163ifice de specialitate \u015fi publica\u0163ii \u00een reviste interna\u0163ionale, autor de cursuri pentru diplom\u0103 postuniversitar\u0103 \u00een psihiatrie pentru medicii de familie [PGDip, Londra), \u201eDiploma Ambasadorului pentru contribu\u0163ia deosebit\u0103 la promovarea imaginii Rom\u00e2niei \u00een Marea Britanie prin art\u0103 \u015fi medicin\u0103&#8221; [Londra), autor de carte cre\u015ftin\u0103: &#8220;Diagnosticul Biblic al bolii spirituale&#8221;, &#8220;Lan\u0163urile Diavolului&#8221;, &#8220;Consiliere Cre\u015ftin\u0103 Multidisciplinar\u0103 \u015fi &#8220;R\u0103spunsurile Scripturii la problemele vie\u0163ii&#8221;.<\/p>\n","protected":false},"excerpt":{"rendered":"<p>\u201eDoctorul Schlezak se afl\u0103 f\u0103r\u0103 \u00eendoial\u0103 \u00een cea mai prolific\u0103 bucat\u0103 din via\u0163\u0103. Scrie c\u0103r\u0163i, picteaz\u0103, face prunci, consiliaz\u0103 \u015fi toate acestea repede \u015fi bine, de parc\u0103 nu ar mai fi timp. M-am bucurat s\u0103 v\u0103d gata o nou\u0103 carte. L-am \u015fi invidiat pentru capacitatea de a munci \u015fi a respecta termene. La lenea mea [&hellip;]<\/p>\n","protected":false},"featured_media":9291,"comment_status":"open","ping_status":"closed","template":"","meta":[],"product_brand":[],"product_cat":[36],"product_tag":[],"class_list":{"0":"post-3871","1":"product","2":"type-product","3":"status-publish","4":"has-post-thumbnail","6":"product_cat-psihologie","8":"first","9":"outofstock","10":"shipping-taxable","11":"purchasable","12":"product-type-simple"},"_links":{"self":[{"href":"https:\/\/dev.sbro.ro\/wp-json\/wp\/v2\/product\/3871","targetHints":{"allow":["GET"]}}],"collection":[{"href":"https:\/\/dev.sbro.ro\/wp-json\/wp\/v2\/product"}],"about":[{"href":"https:\/\/dev.sbro.ro\/wp-json\/wp\/v2\/types\/product"}],"replies":[{"embeddable":true,"href":"https:\/\/dev.sbro.ro\/wp-json\/wp\/v2\/comments?post=3871"}],"wp:featuredmedia":[{"embeddable":true,"href":"https:\/\/dev.sbro.ro\/wp-json\/wp\/v2\/media\/9291"}],"wp:attachment":[{"href":"https:\/\/dev.sbro.ro\/wp-json\/wp\/v2\/media?parent=3871"}],"wp:term":[{"taxonomy":"product_brand","embeddable":true,"href":"https:\/\/dev.sbro.ro\/wp-json\/wp\/v2\/product_brand?post=3871"},{"taxonomy":"product_cat","embeddable":true,"href":"https:\/\/dev.sbro.ro\/wp-json\/wp\/v2\/product_cat?post=3871"},{"taxonomy":"product_tag","embeddable":true,"href":"https:\/\/dev.sbro.ro\/wp-json\/wp\/v2\/product_tag?post=3871"}],"curies":[{"name":"wp","href":"https:\/\/api.w.org\/{rel}","templated":true}]}}