{"id":3883,"date":"2026-04-21T09:08:51","date_gmt":"2026-04-21T09:08:51","guid":{"rendered":"https:\/\/dev.sbro.ro\/?product=cana-pot-sa-se-mute-muntii-neagra"},"modified":"2026-04-21T09:08:51","modified_gmt":"2026-04-21T09:08:51","slug":"cana-pot-sa-se-mute-muntii-neagra","status":"publish","type":"product","link":"https:\/\/dev.sbro.ro\/?product=cana-pot-sa-se-mute-muntii-neagra","title":{"rendered":"Cana &#8211; Pot sa se mute muntii (neagra)"},"content":{"rendered":"<p>               Cana ceramica cu verset biblic: &#8220;Isaia 54:10a Pot s\u0103 se mute mun\u0163ii, pot s\u0103 se clatine dealurile, dar dragostea Mea nu se va muta de la tine.&#8221;<\/p>\n","protected":false},"excerpt":{"rendered":"<p>Cana ceramica cu verset biblic: &#8220;Isaia 54:10a Pot s\u0103 se mute mun\u0163ii, pot s\u0103 se clatine dealurile, dar dragostea Mea nu se va muta de la tine.&#8221;<\/p>\n","protected":false},"featured_media":9303,"comment_status":"open","ping_status":"closed","template":"","meta":[],"product_brand":[],"product_cat":[94],"product_tag":[],"class_list":{"0":"post-3883","1":"product","2":"type-product","3":"status-publish","4":"has-post-thumbnail","6":"product_cat-cani-inscriptionate","8":"first","9":"instock","10":"shipping-taxable","11":"purchasable","12":"product-type-simple"},"_links":{"self":[{"href":"https:\/\/dev.sbro.ro\/index.php?rest_route=\/wp\/v2\/product\/3883","targetHints":{"allow":["GET"]}}],"collection":[{"href":"https:\/\/dev.sbro.ro\/index.php?rest_route=\/wp\/v2\/product"}],"about":[{"href":"https:\/\/dev.sbro.ro\/index.php?rest_route=\/wp\/v2\/types\/product"}],"replies":[{"embeddable":true,"href":"https:\/\/dev.sbro.ro\/index.php?rest_route=%2Fwp%2Fv2%2Fcomments&post=3883"}],"wp:featuredmedia":[{"embeddable":true,"href":"https:\/\/dev.sbro.ro\/index.php?rest_route=\/wp\/v2\/media\/9303"}],"wp:attachment":[{"href":"https:\/\/dev.sbro.ro\/index.php?rest_route=%2Fwp%2Fv2%2Fmedia&parent=3883"}],"wp:term":[{"taxonomy":"product_brand","embeddable":true,"href":"https:\/\/dev.sbro.ro\/index.php?rest_route=%2Fwp%2Fv2%2Fproduct_brand&post=3883"},{"taxonomy":"product_cat","embeddable":true,"href":"https:\/\/dev.sbro.ro\/index.php?rest_route=%2Fwp%2Fv2%2Fproduct_cat&post=3883"},{"taxonomy":"product_tag","embeddable":true,"href":"https:\/\/dev.sbro.ro\/index.php?rest_route=%2Fwp%2Fv2%2Fproduct_tag&post=3883"}],"curies":[{"name":"wp","href":"https:\/\/api.w.org\/{rel}","templated":true}]}}