{"id":3892,"date":"2026-04-21T09:08:51","date_gmt":"2026-04-21T09:08:51","guid":{"rendered":"https:\/\/dev.sbro.ro\/?product=cand-oamenii-par-mari"},"modified":"2026-04-21T09:08:51","modified_gmt":"2026-04-21T09:08:51","slug":"cand-oamenii-par-mari","status":"publish","type":"product","link":"https:\/\/dev.sbro.ro\/product\/cand-oamenii-par-mari\/","title":{"rendered":"Cand oamenii par mari"},"content":{"rendered":"<p>S\u0102 AI MAI PU\u021aIN\u0102 NEVOIE DE OAMENI, DAR S\u0102-I IUBE\u0218TI MAI MULT<\/p>\n<p>\u201eS\u0103 apel\u0103m la oameni mai pu\u021bin pentru \u00eemplinirea nevoilor noastre \u0219i s\u0103 le oferim mai mult\u0103 iubire&#8230; Iat\u0103 provocarea autorului, care ne vorbe\u0219te despre tendin\u021ba de a privi cu respect exagerat spre oameni, de a ne l\u0103sa domina\u021bi \u0219i manipula\u021bi de ei, de a ne baza pe ei pentru a ob\u021bine ceva ce doar Dumnezeu ne poate da&#8230; Welch ne propune un antidot: frica de Dumnezeu\u2026 r\u0103spunsul credinciosului la puterea, m\u0103re\u021bia \u0219i, \u00een egal\u0103 m\u0103sur\u0103, mila lui Dumnezeu.\u201c<\/p>\n<p>\u2014Dallas Morning News<\/p>\n<p>\u201eBiblic\u0103 \u0219i practic\u0103. F\u0103r\u0103 a avea neap\u0103rat de \u00eenfruntat presiunea de grup sau codependen\u021ba, cititorii vor beneficia de pe urma lecturii c\u0103r\u021bii de fa\u021b\u0103, care are meritul de a ne deschide ochii \u0219i a ne duce \u00eenapoi la Dumnezeu \u0219i la Cuv\u00e2ntul Lui pentru a ne \u00eenvinge frica de oameni.\u201c<\/p>\n<p>\u2014The Baptist Bulletin<\/p>\n<p>\u201eAt\u00e2t de necesar \u00een zilele noastre, foarte util ca material auxiliar pentru \u0219coala duminical\u0103 sau studiu biblic acas\u0103, volumul acesta n-ar trebui s\u0103 lipseasc\u0103 din biblioteca niciunei biserici. Abordeaz\u0103 o tem\u0103 de actualitate \u0219i ofer\u0103 r\u0103spunsuri argumentate biblic.\u201c<\/p>\n<p>\u2014The Presbyterian Witness<\/p>\n<p>\u201e&#8230;biblic\u0103 \u00een cel mai surprinz\u0103tor mod&#8230; plin\u0103 de idei practice, interesante, utile.\u201c<\/p>\n<p>\u2014John MacArthur<\/p>\n<p>\u201eEd Welch e un bun doctor de suflete. Cartea lui e instructiv\u0103, conving\u0103toare \u0219i \u00eencurajatoare; o recomand cu c\u0103ldur\u0103.\u201c<\/p>\n<p>\u2014Jerry Bridges<\/p>\n<p>\u201eCaptivant\u0103 \u0219i plin\u0103 de vigoare&#8230; atac\u0103 una dintre problemele care paralizeaz\u0103 biserica. Cu \u00een\u021belepciune \u0219i compasiune, demasc\u0103 \u0219i respinge stereotipurile teologiei terapeutice.\u201c<\/p>\n<p>\u2014Susan Hunt <\/p>\n","protected":false},"excerpt":{"rendered":"<p>S\u0102 AI MAI PU\u021aIN\u0102 NEVOIE DE OAMENI, DAR S\u0102-I IUBE\u0218TI MAI MULT \u201eS\u0103 apel\u0103m la oameni mai pu\u021bin pentru \u00eemplinirea nevoilor noastre \u0219i s\u0103 le oferim mai mult\u0103 iubire&#8230; Iat\u0103 provocarea autorului, care ne vorbe\u0219te despre tendin\u021ba de a privi cu respect exagerat spre oameni, de a ne l\u0103sa domina\u021bi \u0219i manipula\u021bi de ei, de [&hellip;]<\/p>\n","protected":false},"featured_media":9312,"comment_status":"open","ping_status":"closed","template":"","meta":[],"product_brand":[],"product_cat":[18],"product_tag":[],"class_list":{"0":"post-3892","1":"product","2":"type-product","3":"status-publish","4":"has-post-thumbnail","6":"product_cat-viata-crestina","8":"first","9":"instock","10":"shipping-taxable","11":"purchasable","12":"product-type-simple"},"_links":{"self":[{"href":"https:\/\/dev.sbro.ro\/wp-json\/wp\/v2\/product\/3892","targetHints":{"allow":["GET"]}}],"collection":[{"href":"https:\/\/dev.sbro.ro\/wp-json\/wp\/v2\/product"}],"about":[{"href":"https:\/\/dev.sbro.ro\/wp-json\/wp\/v2\/types\/product"}],"replies":[{"embeddable":true,"href":"https:\/\/dev.sbro.ro\/wp-json\/wp\/v2\/comments?post=3892"}],"wp:featuredmedia":[{"embeddable":true,"href":"https:\/\/dev.sbro.ro\/wp-json\/wp\/v2\/media\/9312"}],"wp:attachment":[{"href":"https:\/\/dev.sbro.ro\/wp-json\/wp\/v2\/media?parent=3892"}],"wp:term":[{"taxonomy":"product_brand","embeddable":true,"href":"https:\/\/dev.sbro.ro\/wp-json\/wp\/v2\/product_brand?post=3892"},{"taxonomy":"product_cat","embeddable":true,"href":"https:\/\/dev.sbro.ro\/wp-json\/wp\/v2\/product_cat?post=3892"},{"taxonomy":"product_tag","embeddable":true,"href":"https:\/\/dev.sbro.ro\/wp-json\/wp\/v2\/product_tag?post=3892"}],"curies":[{"name":"wp","href":"https:\/\/api.w.org\/{rel}","templated":true}]}}