{"id":3901,"date":"2026-04-21T09:08:52","date_gmt":"2026-04-21T09:08:52","guid":{"rendered":"https:\/\/dev.sbro.ro\/?product=caminul-domnisoarei-katie-vol-4-seria-verisoarele-din-carolina"},"modified":"2026-04-21T09:08:52","modified_gmt":"2026-04-21T09:08:52","slug":"caminul-domnisoarei-katie-vol-4-seria-verisoarele-din-carolina","status":"publish","type":"product","link":"https:\/\/dev.sbro.ro\/product\/caminul-domnisoarei-katie-vol-4-seria-verisoarele-din-carolina\/","title":{"rendered":"Caminul domnisoarei Katie &#8211; vol. 4 Seria: Verisoarele din Carolina"},"content":{"rendered":"<p>Ultima carte din seria \u201eVeri\u0219oarele din Carolina\u201d<\/p>\n<p>Un c\u0103l\u0103re\u021b singuratic galopa ca v\u00e2ntul, \u00een noapte.<br \/>\nCa s\u0103 nu ajung\u0103 prea t\u00e2rziu, nu-\u0219i putea \u00eeng\u0103dui nicio clip\u0103 de r\u0103gaz.<br \/>\n\u00cen joc erau vie\u021bile multora, dar \u0219i propriul s\u0103u viitor.<\/p>\n<p>V\u00e2ntul schimb\u0103rilor sufla peste planta\u021biile de bumbac din Carolina&#8230; schimb\u0103ri care vor zgudui vie\u021bile celor care \u00ee\u0219i duc traiul la Rosewood.<\/p>\n<p>Katie \u0219i Mayme sunt deja femei \u00een toat\u0103 regula, iar Jeremiah este plecat la munc\u0103 \u00een Nord. \u00cen cur\u00e2nd, mari schimb\u0103ri se vor abate peste \u00eentreaga familie de la Rosewood.<\/p>\n<p>Probleme nu se ivesc doar \u00een Sud&#8230; primejdia p\u00e2nde\u0219te peste tot. Katie \u0219i Mayme pornesc \u00eentr-o c\u0103l\u0103torie cu trenul c\u0103tre Nord, spre Philadelphia, \u00eens\u0103 numai una dintre ele ajunge la destina\u021bie.<\/p>\n<p>\u00centre timp, Ku Klux Klan pl\u0103nuie\u0219te s\u0103 ard\u0103 din temelii planta\u021bia Rosewood, pun\u00e2ndu-i pe cei care tr\u0103iesc acolo fa\u021b\u0103 \u00een fa\u021b\u0103 cu o decizie greu de luat: s\u0103 salveze planta\u021bia sau s\u0103 \u00ee\u0219i scape vie\u021bile?<\/p>\n<p>Va izbuti \u0219i de data aceasta familia de la Rosewood s\u0103-\u0219i apere mult iubita mo\u0219ie? Sau vor fi sili\u021bi cu to\u021bii s\u0103-\u0219i ia r\u0103mas-bun de la c\u0103minul domni\u0219oarei Katie?<\/p>\n","protected":false},"excerpt":{"rendered":"<p>Ultima carte din seria \u201eVeri\u0219oarele din Carolina\u201d Un c\u0103l\u0103re\u021b singuratic galopa ca v\u00e2ntul, \u00een noapte. Ca s\u0103 nu ajung\u0103 prea t\u00e2rziu, nu-\u0219i putea \u00eeng\u0103dui nicio clip\u0103 de r\u0103gaz. \u00cen joc erau vie\u021bile multora, dar \u0219i propriul s\u0103u viitor. V\u00e2ntul schimb\u0103rilor sufla peste planta\u021biile de bumbac din Carolina&#8230; schimb\u0103ri care vor zgudui vie\u021bile celor care \u00ee\u0219i [&hellip;]<\/p>\n","protected":false},"featured_media":9321,"comment_status":"open","ping_status":"closed","template":"","meta":[],"product_brand":[],"product_cat":[31],"product_tag":[],"class_list":{"0":"post-3901","1":"product","2":"type-product","3":"status-publish","4":"has-post-thumbnail","6":"product_cat-romane","8":"first","9":"instock","10":"shipping-taxable","11":"purchasable","12":"product-type-simple"},"_links":{"self":[{"href":"https:\/\/dev.sbro.ro\/wp-json\/wp\/v2\/product\/3901","targetHints":{"allow":["GET"]}}],"collection":[{"href":"https:\/\/dev.sbro.ro\/wp-json\/wp\/v2\/product"}],"about":[{"href":"https:\/\/dev.sbro.ro\/wp-json\/wp\/v2\/types\/product"}],"replies":[{"embeddable":true,"href":"https:\/\/dev.sbro.ro\/wp-json\/wp\/v2\/comments?post=3901"}],"wp:featuredmedia":[{"embeddable":true,"href":"https:\/\/dev.sbro.ro\/wp-json\/wp\/v2\/media\/9321"}],"wp:attachment":[{"href":"https:\/\/dev.sbro.ro\/wp-json\/wp\/v2\/media?parent=3901"}],"wp:term":[{"taxonomy":"product_brand","embeddable":true,"href":"https:\/\/dev.sbro.ro\/wp-json\/wp\/v2\/product_brand?post=3901"},{"taxonomy":"product_cat","embeddable":true,"href":"https:\/\/dev.sbro.ro\/wp-json\/wp\/v2\/product_cat?post=3901"},{"taxonomy":"product_tag","embeddable":true,"href":"https:\/\/dev.sbro.ro\/wp-json\/wp\/v2\/product_tag?post=3901"}],"curies":[{"name":"wp","href":"https:\/\/api.w.org\/{rel}","templated":true}]}}