{"id":3926,"date":"2026-04-21T09:08:55","date_gmt":"2026-04-21T09:08:55","guid":{"rendered":"https:\/\/dev.sbro.ro\/?product=cum-sa-traiesti-cu-parintii-fara-sa-ti-pierzi-mintile"},"modified":"2026-04-21T09:08:55","modified_gmt":"2026-04-21T09:08:55","slug":"cum-sa-traiesti-cu-parintii-fara-sa-ti-pierzi-mintile","status":"publish","type":"product","link":"https:\/\/dev.sbro.ro\/product\/cum-sa-traiesti-cu-parintii-fara-sa-ti-pierzi-mintile\/","title":{"rendered":"Cum sa traiesti cu parintii fara sa-ti pierzi mintile!"},"content":{"rendered":"<p>O carte pentru adolescen\u021bi pe care ar trebuie s\u0103 o citeasc\u0103 fiecare p\u0103rinte Dumnezeu poate rezolva orice problem\u0103 de familie\u2014indiferent cine \u201ea \u00eenceput\u201c Dac\u0103 v\u0103 trece cumva prin cap c\u0103 aceast\u0103 carte a fost scris\u0103 ca s\u0103-i \u00eenve\u0163e pe tineri \u015fmecherii prin care s\u0103-i schimbe pe p\u0103rin\u0163ii lor, v\u0103 \u00een\u015fela\u0163i. Cartea de fa\u0163\u0103 le sugereaz\u0103 tinerilor adolescen\u0163i cum s\u0103 provoace schimb\u0103ri \u00een familiile \u00een care tr\u0103iesc, schimb\u00e2nd \u00een primul r\u00e2nd ceva \u00een ei \u00een\u015fi\u015fi. Autorul, Ken Davis, face o radiografie lucid\u0103 a complexit\u0103\u0163ii vie\u0163ii de adolescent care tr\u0103ie\u015fte \u00eempreun\u0103 cu ai s\u0103i \u015fi folose\u015fte Biblia ca instrumentar obligatoriu pentru armonia ce ar trebui s\u0103 domneasc\u0103 \u00een orice familie, subliniind un lucru pe care nici un t\u00e2n\u0103r nu are voie s\u0103-l uite: Dumnezeu este marele \u201eMaestru al micilor diferen\u0163e\u201c, Cel care poate elucida orice dilem\u0103 \u015fi pune cap\u0103t oric\u0103rui conflict familial iscat din divergen\u0163e ce aparent sunt ne\u00eensemnate, dar care provoac\u0103 multe pagube. Unele capitole con\u0163in \u00eentreb\u0103ri care au rolul de a conduce la o \u00een\u0163elegere reciproc\u0103 \u015fi de a ini\u0163ia un dialog constructiv \u00eentre p\u0103rin\u0163i \u015fi odraslele lor. \u00cencerca\u0163i s\u0103 r\u0103spunde\u0163i la aceste \u00eentreb\u0103ri, pentru a vedea pe pielea voastr\u0103 unde duce o bun\u0103 comunicare. Nu cumva s\u0103 ave\u0163i impresia c\u0103 aceast\u0103 carte se adreseaz\u0103 exclusiv copiilor! Mamele \u015fi ta\u0163ii ar trebui s\u0103 o citeasc\u0103 \u015fi ei, din scoar\u0163\u0103-n scoar\u0163\u0103, pentru c\u0103, prin intermediul ei, vor descoperi un nou mod de a \u00een\u0163elege cum iau p\u0103rin\u0163ii hot\u0103r\u00e2rile, \u00een ce fel \u00ee\u015fi exercit\u0103 autoritatea \u015fi cum \u00ee\u015fi arat\u0103 dragostea fa\u0163\u0103 de copiii lor care se afl\u0103 \u00een pragul maturit\u0103\u0163ii. Cum s\u0103 tr\u0103ie\u015fti cu p\u0103rin\u0163ii f\u0103r\u0103 s\u0103-\u0163i pierzi min\u0163ile! este o carte scris\u0103 \u00eentr-un stil extrem de cald \u015fi haios despre cea mai important\u0103 rela\u0163ie a oric\u0103rui t\u00e2n\u0103r \u2013 aceea cu p\u0103rin\u0163ii s\u0103i \u015fi, mai ales, despre modul \u00een care aceast\u0103 rela\u0163ie determin\u0103 decisiv tipul de raportare al unui adolescent la cei cu care intr\u0103 \u00een contact, aici incluz\u00e2ndu-se prietenii, fra\u0163ii, dar \u015fi viitorul partener de via\u0163\u0103 \u015fi propriii copii c\u00e2nd le va veni r\u00e2ndul. Rela\u0163ia p\u0103rinte-copil nu are dec\u00e2t de c\u00e2\u015ftigat de pe urma acestei c\u0103r\u0163i, a\u015fa c\u0103 nu ar trebui s\u0103 v\u0103 lipseasc\u0103 din cas\u0103. Ken Davis este de mul\u0163i ani membru al Funda\u0163iei Youth for Christ. Este cunoscut pentru prelegerile sale adresate tinerilor, care sunt deosebit de apreciate \u015fi de un umor irezistibil. El a mai scris \u015fi cartea How to Speak to Youth&#8230; and Keep Them Awake at the Same Time (Cum s\u0103 vorbe\u015fti tinerilor&#8230; \u015fi s\u0103-i \u015fi \u0163ii treji).<\/p>\n","protected":false},"excerpt":{"rendered":"<p>O carte pentru adolescen\u021bi pe care ar trebuie s\u0103 o citeasc\u0103 fiecare p\u0103rinte Dumnezeu poate rezolva orice problem\u0103 de familie\u2014indiferent cine \u201ea \u00eenceput\u201c Dac\u0103 v\u0103 trece cumva prin cap c\u0103 aceast\u0103 carte a fost scris\u0103 ca s\u0103-i \u00eenve\u0163e pe tineri \u015fmecherii prin care s\u0103-i schimbe pe p\u0103rin\u0163ii lor, v\u0103 \u00een\u015fela\u0163i. Cartea de fa\u0163\u0103 le sugereaz\u0103 [&hellip;]<\/p>\n","protected":false},"featured_media":9346,"comment_status":"open","ping_status":"closed","template":"","meta":[],"product_brand":[],"product_cat":[78],"product_tag":[],"class_list":{"0":"post-3926","1":"product","2":"type-product","3":"status-publish","4":"has-post-thumbnail","6":"product_cat-adolescenti","8":"first","9":"instock","10":"shipping-taxable","11":"purchasable","12":"product-type-simple"},"_links":{"self":[{"href":"https:\/\/dev.sbro.ro\/wp-json\/wp\/v2\/product\/3926","targetHints":{"allow":["GET"]}}],"collection":[{"href":"https:\/\/dev.sbro.ro\/wp-json\/wp\/v2\/product"}],"about":[{"href":"https:\/\/dev.sbro.ro\/wp-json\/wp\/v2\/types\/product"}],"replies":[{"embeddable":true,"href":"https:\/\/dev.sbro.ro\/wp-json\/wp\/v2\/comments?post=3926"}],"wp:featuredmedia":[{"embeddable":true,"href":"https:\/\/dev.sbro.ro\/wp-json\/wp\/v2\/media\/9346"}],"wp:attachment":[{"href":"https:\/\/dev.sbro.ro\/wp-json\/wp\/v2\/media?parent=3926"}],"wp:term":[{"taxonomy":"product_brand","embeddable":true,"href":"https:\/\/dev.sbro.ro\/wp-json\/wp\/v2\/product_brand?post=3926"},{"taxonomy":"product_cat","embeddable":true,"href":"https:\/\/dev.sbro.ro\/wp-json\/wp\/v2\/product_cat?post=3926"},{"taxonomy":"product_tag","embeddable":true,"href":"https:\/\/dev.sbro.ro\/wp-json\/wp\/v2\/product_tag?post=3926"}],"curies":[{"name":"wp","href":"https:\/\/api.w.org\/{rel}","templated":true}]}}