{"id":3934,"date":"2026-04-21T09:08:57","date_gmt":"2026-04-21T09:08:57","guid":{"rendered":"https:\/\/dev.sbro.ro\/?product=carari-de-lumina-poezii"},"modified":"2026-04-21T09:08:57","modified_gmt":"2026-04-21T09:08:57","slug":"carari-de-lumina-poezii","status":"publish","type":"product","link":"https:\/\/dev.sbro.ro\/?product=carari-de-lumina-poezii","title":{"rendered":"C\u0103r\u0103ri de lumin\u0103 &#8211; poezii"},"content":{"rendered":"<p>P\u0103rinte-al \u00eendur\u0103rilor divine,<\/p>\n<p>La Tine \u00eendr\u0103znesc acum, ca fiu:<\/p>\n<p>Dac\u0103 ai pus at\u00e2ta cer \u00een mine<\/p>\n<p>D\u0103-mi \u015fi putere despre el s\u0103 scriu!<\/p>\n<\/p>\n<p>Ai pus \u00een mine dragoste \u015fi pace,<\/p>\n<p>Dar despre ele, Doamne,- cum s\u0103 tac?<\/p>\n<p>\u00cenva\u0163\u0103-m\u0103, P\u0103rinte, cum se face<\/p>\n<p>Ca \u00een cuvinte calde s\u0103 le-mbrac.<\/p>\n<\/p>\n<p>Tu e\u015fti din ve\u015fnicii, e\u015fti Necuprinsul<\/p>\n<p>\u015ei te descoperi lumii, celor vii,<\/p>\n<p>Prin ceea ce-ai creat pe tot \u00eentinsul,<\/p>\n<p>Dar vrem s\u0103 Te vedem \u015fi-n poezii.<\/p>\n<\/p>\n<p>D\u0103-mi, Doamne, for\u0163a de-a struni cuv\u00e2ntul<\/p>\n<p>\u015ei cu iubire s\u0103-l \u00eennobilez,<\/p>\n<p>S\u0103 Te cunoasc\u0103 \u015fi prin vers p\u0103m\u00e2ntul,<\/p>\n<p>Un vers cu focul dragostei \u00een miez.<\/p>\n<\/p>\n<p>Vreau s\u0103-mpletesc dantel\u0103rii m\u0103iastre<\/p>\n<p>Pun\u00e2nd cuvintele pe canava,<\/p>\n<p>Lans\u00e2ndu-le apoi \u00een zbor spre astre,<\/p>\n<p>\u00cenaripate pentru slava Ta.<\/p>\n<\/p>\n<p>D\u0103-mi sc\u00e2nteiere vie \u00een cuvinte<\/p>\n<p>Ca, \u00eenmuind condeiul \u00een napalm ,<\/p>\n<p>S\u0103 scriu cu foc, cu clocot, vers fierbinte<\/p>\n<p>Sau f\u0103-m\u0103, Doamne, chiar pe mine psalm.<\/p>\n<\/p>\n<p>Simion Felix Mar\u0163ian<\/p>\n","protected":false},"excerpt":{"rendered":"<p>P\u0103rinte-al \u00eendur\u0103rilor divine, La Tine \u00eendr\u0103znesc acum, ca fiu: Dac\u0103 ai pus at\u00e2ta cer \u00een mine D\u0103-mi \u015fi putere despre el s\u0103 scriu! Ai pus \u00een mine dragoste \u015fi pace, Dar despre ele, Doamne,- cum s\u0103 tac? \u00cenva\u0163\u0103-m\u0103, P\u0103rinte, cum se face Ca \u00een cuvinte calde s\u0103 le-mbrac. Tu e\u015fti din ve\u015fnicii, e\u015fti Necuprinsul \u015ei [&hellip;]<\/p>\n","protected":false},"featured_media":9354,"comment_status":"open","ping_status":"closed","template":"","meta":[],"product_brand":[],"product_cat":[39,62],"product_tag":[],"class_list":{"0":"post-3934","1":"product","2":"type-product","3":"status-publish","4":"has-post-thumbnail","6":"product_cat-poezii","7":"product_cat-poezii-editura-metanoia","9":"first","10":"instock","11":"shipping-taxable","12":"purchasable","13":"product-type-simple"},"_links":{"self":[{"href":"https:\/\/dev.sbro.ro\/index.php?rest_route=\/wp\/v2\/product\/3934","targetHints":{"allow":["GET"]}}],"collection":[{"href":"https:\/\/dev.sbro.ro\/index.php?rest_route=\/wp\/v2\/product"}],"about":[{"href":"https:\/\/dev.sbro.ro\/index.php?rest_route=\/wp\/v2\/types\/product"}],"replies":[{"embeddable":true,"href":"https:\/\/dev.sbro.ro\/index.php?rest_route=%2Fwp%2Fv2%2Fcomments&post=3934"}],"wp:featuredmedia":[{"embeddable":true,"href":"https:\/\/dev.sbro.ro\/index.php?rest_route=\/wp\/v2\/media\/9354"}],"wp:attachment":[{"href":"https:\/\/dev.sbro.ro\/index.php?rest_route=%2Fwp%2Fv2%2Fmedia&parent=3934"}],"wp:term":[{"taxonomy":"product_brand","embeddable":true,"href":"https:\/\/dev.sbro.ro\/index.php?rest_route=%2Fwp%2Fv2%2Fproduct_brand&post=3934"},{"taxonomy":"product_cat","embeddable":true,"href":"https:\/\/dev.sbro.ro\/index.php?rest_route=%2Fwp%2Fv2%2Fproduct_cat&post=3934"},{"taxonomy":"product_tag","embeddable":true,"href":"https:\/\/dev.sbro.ro\/index.php?rest_route=%2Fwp%2Fv2%2Fproduct_tag&post=3934"}],"curies":[{"name":"wp","href":"https:\/\/api.w.org\/{rel}","templated":true}]}}