{"id":3936,"date":"2026-04-21T09:08:57","date_gmt":"2026-04-21T09:08:57","guid":{"rendered":"https:\/\/dev.sbro.ro\/?product=cu-dumnezeu-in-fiecare-zi"},"modified":"2026-04-21T09:08:57","modified_gmt":"2026-04-21T09:08:57","slug":"cu-dumnezeu-in-fiecare-zi","status":"publish","type":"product","link":"https:\/\/dev.sbro.ro\/product\/cu-dumnezeu-in-fiecare-zi\/","title":{"rendered":"Cu Dumnezeu \u00een fiecare zi"},"content":{"rendered":"<p>Nu sunt scriitor, \u00eemi place mai mult s\u0103 citesc dec\u00e2t s\u0103 scriu, \u00eens\u0103 g\u00e2ndul de a scrie aceast\u0103 carte s-a n\u0103scut la \u00eendemnul mai multor fra\u021bi \u0219i surori din diferite state.<br \/>\nTimp de \u0219apte ani m-a fr\u0103m\u00e2ntat g\u00e2ndul dac\u0103 este bine sau nu s\u0103 a\u0219tern pe h\u00e2rtie tr\u0103irile din via\u021ba mea. Pe m\u0103sur\u0103 ce meditam la aceasta, amintirea mai multor experien\u021be<br \/>\navute \u00een cei 62 de ani de umblare cu Dumnezeu m-au determinat s\u0103 scriu \u0219i s\u0103 m\u0103 \u00eencred \u00een ajutorul Domnului, care este autorul tuturor minunilor pe care le-am experimentat.<br \/>\n(Psalmul 103:2-3).<br \/>\n\u00cen Matei 9:35 citim: Isus str\u0103b\u0103tea toate cet\u0103\u021bile \u0219i satele \u00eenv\u0103\u021b\u00e2nd pe norod \u00een sinagogi, propov\u0103duind Evanghelia \u00cemp\u0103r\u0103\u021biei \u0219i vindec\u00e2nd orice boal\u0103 \u0219i orice fel de neputin\u021b\u0103 care era \u00een norod.<br \/>\nM\u0103 rog Domnului ca experien\u021bele pe care le scriu \u00een aceast\u0103 carte s\u0103 fie de ajutor cititorilor, \u0219i \u00een mod special tinerei genera\u021bii. Dumnezeu nu se schimb\u0103 niciodat\u0103 ci r\u0103m\u00e2ne<br \/>\nAcela\u0219i ieri \u0219i azi \u0219i \u00een veci. \u00cemp\u0103ratul David exclam\u0103: \u201eDoamne, Dumnezeule, multe sunt minunile \u0219i planurile Tale pentru mine: nimeni nu se poate asem\u0103na cu Tine. A\u0219 vrea s\u0103 le vestesc \u0219i s\u0103 le tr\u00e2mbi\u021bez, dar num\u0103rul lor este prea mare ca s\u0103 le povestesc. (Psalmul 40:5).<\/p>\n","protected":false},"excerpt":{"rendered":"<p>Nu sunt scriitor, \u00eemi place mai mult s\u0103 citesc dec\u00e2t s\u0103 scriu, \u00eens\u0103 g\u00e2ndul de a scrie aceast\u0103 carte s-a n\u0103scut la \u00eendemnul mai multor fra\u021bi \u0219i surori din diferite state. Timp de \u0219apte ani m-a fr\u0103m\u00e2ntat g\u00e2ndul dac\u0103 este bine sau nu s\u0103 a\u0219tern pe h\u00e2rtie tr\u0103irile din via\u021ba mea. Pe m\u0103sur\u0103 ce meditam [&hellip;]<\/p>\n","protected":false},"featured_media":9356,"comment_status":"open","ping_status":"closed","template":"","meta":[],"product_brand":[],"product_cat":[20,10],"product_tag":[],"class_list":{"0":"post-3936","1":"product","2":"type-product","3":"status-publish","4":"has-post-thumbnail","6":"product_cat-biografii-eseuri-marturii","7":"product_cat-editura-metanoia","9":"first","10":"outofstock","11":"shipping-taxable","12":"purchasable","13":"product-type-simple"},"_links":{"self":[{"href":"https:\/\/dev.sbro.ro\/wp-json\/wp\/v2\/product\/3936","targetHints":{"allow":["GET"]}}],"collection":[{"href":"https:\/\/dev.sbro.ro\/wp-json\/wp\/v2\/product"}],"about":[{"href":"https:\/\/dev.sbro.ro\/wp-json\/wp\/v2\/types\/product"}],"replies":[{"embeddable":true,"href":"https:\/\/dev.sbro.ro\/wp-json\/wp\/v2\/comments?post=3936"}],"wp:featuredmedia":[{"embeddable":true,"href":"https:\/\/dev.sbro.ro\/wp-json\/wp\/v2\/media\/9356"}],"wp:attachment":[{"href":"https:\/\/dev.sbro.ro\/wp-json\/wp\/v2\/media?parent=3936"}],"wp:term":[{"taxonomy":"product_brand","embeddable":true,"href":"https:\/\/dev.sbro.ro\/wp-json\/wp\/v2\/product_brand?post=3936"},{"taxonomy":"product_cat","embeddable":true,"href":"https:\/\/dev.sbro.ro\/wp-json\/wp\/v2\/product_cat?post=3936"},{"taxonomy":"product_tag","embeddable":true,"href":"https:\/\/dev.sbro.ro\/wp-json\/wp\/v2\/product_tag?post=3936"}],"curies":[{"name":"wp","href":"https:\/\/api.w.org\/{rel}","templated":true}]}}