{"id":3943,"date":"2026-04-21T09:08:58","date_gmt":"2026-04-21T09:08:58","guid":{"rendered":"https:\/\/dev.sbro.ro\/?product=vera-fiica-regelui"},"modified":"2026-04-21T09:08:58","modified_gmt":"2026-04-21T09:08:58","slug":"vera-fiica-regelui","status":"publish","type":"product","link":"https:\/\/dev.sbro.ro\/product\/vera-fiica-regelui\/","title":{"rendered":"Vera fiica Regelui"},"content":{"rendered":"<p>Vei fi uimit de m\u0103rturia Verei despre felul miraculos \u00een care Dumnezeu S-a \u00eengrijit de ea. Vera a avut o existen\u021b\u0103 vrednic\u0103 de mil\u0103 \u00een prima parte a vie\u021bii, din cauza traumei provocate de abuzul din copil\u0103rie, a accidentului \u00een urma c\u0103ruia a r\u0103mas invalid\u0103 \u0219i a anilor de disperare \u0219i singur\u0103tate. C\u0103l\u0103toria ei de la disperare spre credin\u021b\u0103 este o poveste care ne inspir\u0103 \u0219i ne arat\u0103 dragostea \u0219i credincio\u0219ia lui Dumnezeu. Vei fi uimit de m\u0103rturia Verei despre felul miraculos \u00een care Dumnezeu S-a \u00eengrijit de hrana ei, a protejat-o \u0219i i-a purtat de grij\u0103. Chiar \u0219i \u00een suferin\u021b\u0103 \u0219i s\u0103r\u0103cie lucie, bucuria nest\u0103vilit\u0103 a acestei prin\u021bese aduce cinste Tat\u0103lui ei \u0219i este o surs\u0103 de inspira\u021bie pentru to\u021bi cei care o vor cunoa\u0219te din paginile acestei c\u0103r\u021bi.<\/p>\n","protected":false},"excerpt":{"rendered":"<p>Vei fi uimit de m\u0103rturia Verei despre felul miraculos \u00een care Dumnezeu S-a \u00eengrijit de ea. Vera a avut o existen\u021b\u0103 vrednic\u0103 de mil\u0103 \u00een prima parte a vie\u021bii, din cauza traumei provocate de abuzul din copil\u0103rie, a accidentului \u00een urma c\u0103ruia a r\u0103mas invalid\u0103 \u0219i a anilor de disperare \u0219i singur\u0103tate. C\u0103l\u0103toria ei de [&hellip;]<\/p>\n","protected":false},"featured_media":9363,"comment_status":"open","ping_status":"closed","template":"","meta":[],"product_brand":[],"product_cat":[30],"product_tag":[],"class_list":{"0":"post-3943","1":"product","2":"type-product","3":"status-publish","4":"has-post-thumbnail","6":"product_cat-beletristica","8":"first","9":"instock","10":"shipping-taxable","11":"purchasable","12":"product-type-simple"},"_links":{"self":[{"href":"https:\/\/dev.sbro.ro\/wp-json\/wp\/v2\/product\/3943","targetHints":{"allow":["GET"]}}],"collection":[{"href":"https:\/\/dev.sbro.ro\/wp-json\/wp\/v2\/product"}],"about":[{"href":"https:\/\/dev.sbro.ro\/wp-json\/wp\/v2\/types\/product"}],"replies":[{"embeddable":true,"href":"https:\/\/dev.sbro.ro\/wp-json\/wp\/v2\/comments?post=3943"}],"wp:featuredmedia":[{"embeddable":true,"href":"https:\/\/dev.sbro.ro\/wp-json\/wp\/v2\/media\/9363"}],"wp:attachment":[{"href":"https:\/\/dev.sbro.ro\/wp-json\/wp\/v2\/media?parent=3943"}],"wp:term":[{"taxonomy":"product_brand","embeddable":true,"href":"https:\/\/dev.sbro.ro\/wp-json\/wp\/v2\/product_brand?post=3943"},{"taxonomy":"product_cat","embeddable":true,"href":"https:\/\/dev.sbro.ro\/wp-json\/wp\/v2\/product_cat?post=3943"},{"taxonomy":"product_tag","embeddable":true,"href":"https:\/\/dev.sbro.ro\/wp-json\/wp\/v2\/product_tag?post=3943"}],"curies":[{"name":"wp","href":"https:\/\/api.w.org\/{rel}","templated":true}]}}