{"id":3952,"date":"2026-04-21T09:08:59","date_gmt":"2026-04-21T09:08:59","guid":{"rendered":"https:\/\/dev.sbro.ro\/?product=cunoaste-ti-rolul-in-familie-sinteze-tematice-vol-3"},"modified":"2026-04-21T09:08:59","modified_gmt":"2026-04-21T09:08:59","slug":"cunoaste-ti-rolul-in-familie-sinteze-tematice-vol-3","status":"publish","type":"product","link":"https:\/\/dev.sbro.ro\/product\/cunoaste-ti-rolul-in-familie-sinteze-tematice-vol-3\/","title":{"rendered":"Cunoaste-ti rolul in familie &#8211; Sinteze tematice vol.3"},"content":{"rendered":"<p>Ne afl\u0103m \u00een fa\u021ba unui text dificil \u2013 1 Corinteni 11:1-16 \u2013, a c\u0103rui \u00een\u0163elegere \u015fi aplicare au generat discu\u021bii \u00eenfocate de-a lungul istoriei. Dar atunci c\u00e2nd \u00eel interpret\u0103m \u00een contextul \u00eentregii c\u0103r\u021bi \u0219i \u00een lumina scopului cu care autorul l-a inclus \u00een scrierea sa, descoperim c\u0103 ne afl\u0103m \u00een fa\u021ba unuia dintre cele mai importante texte ce vorbesc despre locul  \u0219i rolul b\u0103rbatului \u0219i al femeii \u00een lupta spiritual\u0103 a familiei. Pentru a r\u0103m\u00e2ne \u00een picioare \u00een fa\u0163a atacurilor Celui R\u0103u, b\u0103rbatul este chemat s\u0103 se \u00eencoloneze dup\u0103 Hristos, s\u0103-L cunoasc\u0103 \u0219i s\u0103-L urmeze, iar femeia a fost dat\u0103 de Dumnezeu ca ajutor potrivit so\u021bului ei, pentru ca, \u00eempreun\u0103, s\u0103 fie implica\u021bi \u00een b\u0103t\u0103liile cerului. De\u0219i problemele din biserica din Corint erau generate, \u00een primul r\u00e2nd, de femei, totu\u0219i, Pavel ridic\u0103 oglinda Cuv\u00e2ntului \u00een fa\u021ba am\u00e2ndurora, chem\u00e2ndu-i \u0219i pe unul \u0219i pe cel\u0103lalt s\u0103-\u0219i redescopere locul \u0219i rolul \u00een familie.<\/p>\n<p>Cuprins<br \/>\nPrefa\u0163a editorului 7<\/p>\n<p>Prefa\u021b\u0103 11<\/p>\n<p>Locul \u015fi rolul b\u0103rbatului \u00een lupta spiritual\u0103 a rug\u0103ciunii \u015fi prorociei 25<\/p>\n<p>Locul \u015fi rolul femeii \u00een lupta spiritual\u0103 a rug\u0103ciunii \u015fi prorociei 55<\/p>\n<p>Concluzii 119\u2028<\/p>\n<p>\u00cen loc de postfa\u021b\u0103 129<\/p>\n<p>Bibliografie 133 <\/p>\n","protected":false},"excerpt":{"rendered":"<p>Ne afl\u0103m \u00een fa\u021ba unui text dificil \u2013 1 Corinteni 11:1-16 \u2013, a c\u0103rui \u00een\u0163elegere \u015fi aplicare au generat discu\u021bii \u00eenfocate de-a lungul istoriei. Dar atunci c\u00e2nd \u00eel interpret\u0103m \u00een contextul \u00eentregii c\u0103r\u021bi \u0219i \u00een lumina scopului cu care autorul l-a inclus \u00een scrierea sa, descoperim c\u0103 ne afl\u0103m \u00een fa\u021ba unuia dintre cele mai [&hellip;]<\/p>\n","protected":false},"featured_media":9372,"comment_status":"open","ping_status":"closed","template":"","meta":[],"product_brand":[],"product_cat":[18],"product_tag":[],"class_list":{"0":"post-3952","1":"product","2":"type-product","3":"status-publish","4":"has-post-thumbnail","6":"product_cat-viata-crestina","8":"first","9":"outofstock","10":"shipping-taxable","11":"purchasable","12":"product-type-simple"},"_links":{"self":[{"href":"https:\/\/dev.sbro.ro\/wp-json\/wp\/v2\/product\/3952","targetHints":{"allow":["GET"]}}],"collection":[{"href":"https:\/\/dev.sbro.ro\/wp-json\/wp\/v2\/product"}],"about":[{"href":"https:\/\/dev.sbro.ro\/wp-json\/wp\/v2\/types\/product"}],"replies":[{"embeddable":true,"href":"https:\/\/dev.sbro.ro\/wp-json\/wp\/v2\/comments?post=3952"}],"wp:featuredmedia":[{"embeddable":true,"href":"https:\/\/dev.sbro.ro\/wp-json\/wp\/v2\/media\/9372"}],"wp:attachment":[{"href":"https:\/\/dev.sbro.ro\/wp-json\/wp\/v2\/media?parent=3952"}],"wp:term":[{"taxonomy":"product_brand","embeddable":true,"href":"https:\/\/dev.sbro.ro\/wp-json\/wp\/v2\/product_brand?post=3952"},{"taxonomy":"product_cat","embeddable":true,"href":"https:\/\/dev.sbro.ro\/wp-json\/wp\/v2\/product_cat?post=3952"},{"taxonomy":"product_tag","embeddable":true,"href":"https:\/\/dev.sbro.ro\/wp-json\/wp\/v2\/product_tag?post=3952"}],"curies":[{"name":"wp","href":"https:\/\/api.w.org\/{rel}","templated":true}]}}