{"id":3958,"date":"2026-04-21T09:08:59","date_gmt":"2026-04-21T09:08:59","guid":{"rendered":"https:\/\/dev.sbro.ro\/?product=1-si-2-timotei-ghid-de-studiu"},"modified":"2026-04-21T09:08:59","modified_gmt":"2026-04-21T09:08:59","slug":"1-si-2-timotei-ghid-de-studiu","status":"publish","type":"product","link":"https:\/\/dev.sbro.ro\/product\/1-si-2-timotei-ghid-de-studiu\/","title":{"rendered":"1 si 2 Timotei &#8211; Ghid de studiu"},"content":{"rendered":"<p>hidul se dore\u015fte a fi o resurs\u0103 pentru to\u0163i cei care doresc s\u0103 studieze Epistolele lui Pavel c\u0103tre Timotei.<\/p>\n<p>Cuprins<\/p>\n<p>Lec\u0163ia 1  1 Timotei 1<br \/>\nBiserica \u015fi \u00eenv\u0103\u0163\u0103tura ei<\/p>\n<p>Lec\u0163ia 2  1 Timotei 2<br \/>\nBiserica \u015fi misiunea ei<\/p>\n<p>Lec\u0163ia 3  1 Timotei 3<br \/>\nBiserica \u015fi c\u00e2rmuirea ei<\/p>\n<p>Lec\u0163ia 4  1 Timotei 4<br \/>\nSlujitorii Bisericii \u015fi slujirea lor<\/p>\n<p>Lec\u0163ia 5  1 Timotei 5<br \/>\nBiserica \u015fi resursele ei<\/p>\n<p>Lec\u0163ia 6  1 Timotei 6<br \/>\nBiserica \u015fi focalizarea ei<\/p>\n<p>Lec\u0163ia 7  1 Timotei<br \/>\nS\u0103 \u015ftii cum s\u0103 te por\u0163i \u00een Casa lui Dumnezeu<\/p>\n<p>Lec\u0163ia 8  2 Timotei 1<br \/>\n\u00cenfl\u0103c\u0103reaz\u0103 darul din tine<\/p>\n<p>Lec\u0163ia 9  2 Timotei 2<br \/>\nP\u0103streaz\u0103-\u0163i focalizarea<\/p>\n<p>Lec\u0163ia 10  2 Timotei 3<br \/>\nCalc\u0103 pe urmele mele<\/p>\n<p>Lec\u0163ia 11  2 Timotei 4<br \/>\nPreia \u015ftafeta \u015fi du-o mai departe<\/p>\n<p>Lec\u0163ia 12  2 Timotei<br \/>\nS\u0103 nu-\u0163i fie ru\u015fine de m\u0103rturisirea Domnului nostru, ci sufer\u0103 \u00eempreun\u0103 cu Evanghelia<\/p>\n","protected":false},"excerpt":{"rendered":"<p>hidul se dore\u015fte a fi o resurs\u0103 pentru to\u0163i cei care doresc s\u0103 studieze Epistolele lui Pavel c\u0103tre Timotei. Cuprins Lec\u0163ia 1 1 Timotei 1 Biserica \u015fi \u00eenv\u0103\u0163\u0103tura ei Lec\u0163ia 2 1 Timotei 2 Biserica \u015fi misiunea ei Lec\u0163ia 3 1 Timotei 3 Biserica \u015fi c\u00e2rmuirea ei Lec\u0163ia 4 1 Timotei 4 Slujitorii Bisericii \u015fi [&hellip;]<\/p>\n","protected":false},"featured_media":9378,"comment_status":"open","ping_status":"closed","template":"","meta":[],"product_brand":[],"product_cat":[40],"product_tag":[],"class_list":{"0":"post-3958","1":"product","2":"type-product","3":"status-publish","4":"has-post-thumbnail","6":"product_cat-studiu-biblic","8":"first","9":"outofstock","10":"shipping-taxable","11":"purchasable","12":"product-type-simple"},"_links":{"self":[{"href":"https:\/\/dev.sbro.ro\/wp-json\/wp\/v2\/product\/3958","targetHints":{"allow":["GET"]}}],"collection":[{"href":"https:\/\/dev.sbro.ro\/wp-json\/wp\/v2\/product"}],"about":[{"href":"https:\/\/dev.sbro.ro\/wp-json\/wp\/v2\/types\/product"}],"replies":[{"embeddable":true,"href":"https:\/\/dev.sbro.ro\/wp-json\/wp\/v2\/comments?post=3958"}],"wp:featuredmedia":[{"embeddable":true,"href":"https:\/\/dev.sbro.ro\/wp-json\/wp\/v2\/media\/9378"}],"wp:attachment":[{"href":"https:\/\/dev.sbro.ro\/wp-json\/wp\/v2\/media?parent=3958"}],"wp:term":[{"taxonomy":"product_brand","embeddable":true,"href":"https:\/\/dev.sbro.ro\/wp-json\/wp\/v2\/product_brand?post=3958"},{"taxonomy":"product_cat","embeddable":true,"href":"https:\/\/dev.sbro.ro\/wp-json\/wp\/v2\/product_cat?post=3958"},{"taxonomy":"product_tag","embeddable":true,"href":"https:\/\/dev.sbro.ro\/wp-json\/wp\/v2\/product_tag?post=3958"}],"curies":[{"name":"wp","href":"https:\/\/api.w.org\/{rel}","templated":true}]}}