{"id":3960,"date":"2026-04-21T09:08:59","date_gmt":"2026-04-21T09:08:59","guid":{"rendered":"https:\/\/dev.sbro.ro\/?product=filipeni-ghid-de-studiu"},"modified":"2026-04-21T09:08:59","modified_gmt":"2026-04-21T09:08:59","slug":"filipeni-ghid-de-studiu","status":"publish","type":"product","link":"https:\/\/dev.sbro.ro\/product\/filipeni-ghid-de-studiu\/","title":{"rendered":"Filipeni &#8211; ghid de studiu"},"content":{"rendered":"<p>Ghidul se dore\u015fte a fi o resurs\u0103 pentru to\u0163i cei care doresc s\u0103 studieze epistola c\u0103tre Filipeni<\/p>\n<p>Epistola c\u0103tre Filipeni este extrem de actual\u0103, put\u00e2nd fi considerat\u0103 o epistol\u0103 c\u0103tre bisericile \u0219i familiile de azi. Cum ar fi dac\u0103 am primi o asemenea scrisoare:<\/p>\n<p> \u201cHar \u015fi pace sfin\u0163ilor \u00een Hristos, dimpreun\u0103 cu episcopii \u015fi diaconii.<\/p>\n<p>P\u0103rt\u0103\u015fia voastr\u0103 la Evanghelie a aprins \u00een mine dragostea lui Hristos fa\u0163\u0103 de voi \u015fi dorin\u0163a mea de a v\u0103 vedea cresc\u00e2nd \u00een deosebirea lucrurilor alese, ca astfel s\u0103 v\u0103 p\u0103stra\u0163i cura\u0163i, credincio\u015fi \u015fi roditori. Astfel dar:<\/p>\n<p>        &#8211; bucura\u0163i-v\u0103 \u00eempreun\u0103 cu mine: Hristos este prosl\u0103vit \u015fi Evanghelia \u00eenainteaz\u0103 \u00een orice situa\u0163ie m-a\u015f afla, c\u0103ci pentru mine a tr\u0103i \u015fi a muri este Hristos;<\/p>\n<p>        &#8211; lupta\u0163i \u00een unitate pentru Evanghelie, l\u0103s\u00e2ndu-v\u0103 \u00eencuraja\u0163i de modelul lui Hristos \u015fi de credincio\u015fia lui Dumnezeu;<\/p>\n<p>        &#8211; pre\u0163ui\u0163i pe oamenii care se jertfesc cu bucurie pentru lucrul lui Hristos \u015fi urma\u0163i-le exemplul;<\/p>\n<p>        &#8211; socoti\u0163i dimpreun\u0103 cu mine pricinile p\u0103m\u00e2nte\u015fti de \u00eencredere ca pe ni\u015fte gunoaie pe l\u00e2ng\u0103 pre\u0163ul nespus de mare al cunoa\u015fterii lui Hristos, continu\u00e2ndu-v\u0103 astfel alergarea spre premiului chem\u0103rii cere\u015fti;<\/p>\n<p>        &#8211; r\u0103m\u00e2ne\u0163i tari \u00een Domnul, p\u0103str\u00e2nd unitatea de g\u00e2ndire, bucur\u00e2ndu-v\u0103 \u015fi n\u0103d\u0103jduind \u00een El \u015fi fiind \u00eensufle\u0163i\u0163i de lucrurile alese pe care le-a\u0163i v\u0103zut \u015fi la mine.<\/p>\n<p>C\u00e2t despre mine, sunt mul\u0163umit \u00een starea \u00een care m\u0103 aflu \u015fi, \u00een acela\u015fi timp, mul\u0163umitor lui Hristos pentru partea pe care o lua\u0163i la Evanghelie \u00eenc\u0103 de la \u00eenceput. Iar voi, \u00eencuraja\u0163i-v\u0103 unii pe al\u0163i, c\u0103ci sunte\u0163i dimpreun\u0103 p\u0103rta\u015fi la aceea\u015fi Evanghelie.\u201d<\/p>\n","protected":false},"excerpt":{"rendered":"<p>Ghidul se dore\u015fte a fi o resurs\u0103 pentru to\u0163i cei care doresc s\u0103 studieze epistola c\u0103tre Filipeni Epistola c\u0103tre Filipeni este extrem de actual\u0103, put\u00e2nd fi considerat\u0103 o epistol\u0103 c\u0103tre bisericile \u0219i familiile de azi. Cum ar fi dac\u0103 am primi o asemenea scrisoare: \u201cHar \u015fi pace sfin\u0163ilor \u00een Hristos, dimpreun\u0103 cu episcopii \u015fi diaconii. [&hellip;]<\/p>\n","protected":false},"featured_media":9380,"comment_status":"open","ping_status":"closed","template":"","meta":[],"product_brand":[],"product_cat":[40],"product_tag":[],"class_list":{"0":"post-3960","1":"product","2":"type-product","3":"status-publish","4":"has-post-thumbnail","6":"product_cat-studiu-biblic","8":"first","9":"outofstock","10":"shipping-taxable","11":"purchasable","12":"product-type-simple"},"_links":{"self":[{"href":"https:\/\/dev.sbro.ro\/wp-json\/wp\/v2\/product\/3960","targetHints":{"allow":["GET"]}}],"collection":[{"href":"https:\/\/dev.sbro.ro\/wp-json\/wp\/v2\/product"}],"about":[{"href":"https:\/\/dev.sbro.ro\/wp-json\/wp\/v2\/types\/product"}],"replies":[{"embeddable":true,"href":"https:\/\/dev.sbro.ro\/wp-json\/wp\/v2\/comments?post=3960"}],"wp:featuredmedia":[{"embeddable":true,"href":"https:\/\/dev.sbro.ro\/wp-json\/wp\/v2\/media\/9380"}],"wp:attachment":[{"href":"https:\/\/dev.sbro.ro\/wp-json\/wp\/v2\/media?parent=3960"}],"wp:term":[{"taxonomy":"product_brand","embeddable":true,"href":"https:\/\/dev.sbro.ro\/wp-json\/wp\/v2\/product_brand?post=3960"},{"taxonomy":"product_cat","embeddable":true,"href":"https:\/\/dev.sbro.ro\/wp-json\/wp\/v2\/product_cat?post=3960"},{"taxonomy":"product_tag","embeddable":true,"href":"https:\/\/dev.sbro.ro\/wp-json\/wp\/v2\/product_tag?post=3960"}],"curies":[{"name":"wp","href":"https:\/\/api.w.org\/{rel}","templated":true}]}}