{"id":3961,"date":"2026-04-21T09:08:59","date_gmt":"2026-04-21T09:08:59","guid":{"rendered":"https:\/\/dev.sbro.ro\/?product=luca"},"modified":"2026-04-21T09:08:59","modified_gmt":"2026-04-21T09:08:59","slug":"luca","status":"publish","type":"product","link":"https:\/\/dev.sbro.ro\/?product=luca","title":{"rendered":"Luca"},"content":{"rendered":"<p>Evangheliile vorbesc despre faptul c\u0103 planeta noastr\u0103 a fost vizitat\u0103 de Dumnezeu, dar nu \u00eentr-un mod mistic, ci prin \u00centrupatul S\u0103u Fiu. Pruncul z\u0103mislit \u00een p\u00e2ntecele sfintei feciaore era \u00censu\u0219i \u201eFiul Celui Prea \u00cenalt\u201d. Pentru a focaliza aten\u021bia noastr\u0103 pe identitatea \u0219i pe lucrarea Celui venit din slav\u0103, Luca \u00ee\u0219i structureaz\u0103 Evanghelia \u00een jurul Venirii \u015fi Plec\u0103rii lui Hristos sau a \u00centrup\u0103rii \u015fi \u00cen\u0103l\u0163\u0103rii lui la cer. Evanghelistul mai subliniaz\u0103 faptul c\u0103 plecarea Domnului Isus, este marcat\u0103 de momentul \u00een care El \u015ei-a \u00eendreptat fa\u0163a hot\u0103r\u00e2t ca s\u0103 mearg\u0103 la Ierusalim (Luca 9:51), ca \u015fi cum acolo s-ar fi aflat \u201erampa de lansare\u201d pentru \u00eentoarcerea la Tat\u0103l. Dar putea oare Hristos s\u0103 se \u00eentoarc\u0103 la Tat\u0103l f\u0103r\u0103 s\u0103 fi \u00eemplinit mandatul care i-a fost \u00eencredin\u021bat \u0219i anume acela de a a\u0219eza pe p\u0103m\u00e2nt o \u00cemp\u0103r\u021bie ve\u0219nic\u0103? A\u0219a se face c\u0103, \u00eenainte de \u00eentaorcere la Tat\u0103l, acolo, la Ierusalim, El a des\u0103v\u00e2r\u015fit lucrarea m\u00e2ntuirii noastre, purt\u00e2nd p\u0103catele noastre pe lemn \u015fi pecetluind neprih\u0103nirea \u015fi m\u00e2ntuirea noastr\u0103 prin \u00eenvierea Sa din mor\u0163i. Iar pentru a ne bucura de des\u0103v\u00e2r\u0219ita lucrare a \u00eentrupatului Fiu al alui Dumnezeu, Luca a a\u0219ezat \u00een \u0219id, unele dup\u0103 altele, adev\u0103rurile legatte de identitatea \u0219i lucrarea Aceluia care a venit s\u0103 ne ofere m\u00e2ntuirea \u0219i s\u0103 fac\u0103 din noi cet\u0103\u021beni ai \u00cemp\u0103r\u0103\u021biei Lui ve\u0219nice. <\/p>\n","protected":false},"excerpt":{"rendered":"<p>Evangheliile vorbesc despre faptul c\u0103 planeta noastr\u0103 a fost vizitat\u0103 de Dumnezeu, dar nu \u00eentr-un mod mistic, ci prin \u00centrupatul S\u0103u Fiu. Pruncul z\u0103mislit \u00een p\u00e2ntecele sfintei feciaore era \u00censu\u0219i \u201eFiul Celui Prea \u00cenalt\u201d. Pentru a focaliza aten\u021bia noastr\u0103 pe identitatea \u0219i pe lucrarea Celui venit din slav\u0103, Luca \u00ee\u0219i structureaz\u0103 Evanghelia \u00een jurul Venirii [&hellip;]<\/p>\n","protected":false},"featured_media":9381,"comment_status":"open","ping_status":"closed","template":"","meta":[],"product_brand":[],"product_cat":[16],"product_tag":[],"class_list":{"0":"post-3961","1":"product","2":"type-product","3":"status-publish","4":"has-post-thumbnail","6":"product_cat-comentarii-biblice","8":"first","9":"outofstock","10":"shipping-taxable","11":"purchasable","12":"product-type-simple"},"_links":{"self":[{"href":"https:\/\/dev.sbro.ro\/index.php?rest_route=\/wp\/v2\/product\/3961","targetHints":{"allow":["GET"]}}],"collection":[{"href":"https:\/\/dev.sbro.ro\/index.php?rest_route=\/wp\/v2\/product"}],"about":[{"href":"https:\/\/dev.sbro.ro\/index.php?rest_route=\/wp\/v2\/types\/product"}],"replies":[{"embeddable":true,"href":"https:\/\/dev.sbro.ro\/index.php?rest_route=%2Fwp%2Fv2%2Fcomments&post=3961"}],"wp:featuredmedia":[{"embeddable":true,"href":"https:\/\/dev.sbro.ro\/index.php?rest_route=\/wp\/v2\/media\/9381"}],"wp:attachment":[{"href":"https:\/\/dev.sbro.ro\/index.php?rest_route=%2Fwp%2Fv2%2Fmedia&parent=3961"}],"wp:term":[{"taxonomy":"product_brand","embeddable":true,"href":"https:\/\/dev.sbro.ro\/index.php?rest_route=%2Fwp%2Fv2%2Fproduct_brand&post=3961"},{"taxonomy":"product_cat","embeddable":true,"href":"https:\/\/dev.sbro.ro\/index.php?rest_route=%2Fwp%2Fv2%2Fproduct_cat&post=3961"},{"taxonomy":"product_tag","embeddable":true,"href":"https:\/\/dev.sbro.ro\/index.php?rest_route=%2Fwp%2Fv2%2Fproduct_tag&post=3961"}],"curies":[{"name":"wp","href":"https:\/\/api.w.org\/{rel}","templated":true}]}}