{"id":3989,"date":"2026-04-21T09:09:03","date_gmt":"2026-04-21T09:09:03","guid":{"rendered":"https:\/\/dev.sbro.ro\/?product=predici-de-trezire"},"modified":"2026-04-21T09:09:03","modified_gmt":"2026-04-21T09:09:03","slug":"predici-de-trezire","status":"publish","type":"product","link":"https:\/\/dev.sbro.ro\/?product=predici-de-trezire","title":{"rendered":"Predici de trezire"},"content":{"rendered":"<p>&#8220;Iat\u0103 c\u0103 acum este vremea potrivit\u0103; iat\u0103 c\u0103 acum este ziua m\u00e2ntuirii.&#8221;<\/p>\n","protected":false},"excerpt":{"rendered":"<p>&#8220;Iat\u0103 c\u0103 acum este vremea potrivit\u0103; iat\u0103 c\u0103 acum este ziua m\u00e2ntuirii.&#8221;<\/p>\n","protected":false},"featured_media":9409,"comment_status":"open","ping_status":"closed","template":"","meta":[],"product_brand":[],"product_cat":[58],"product_tag":[],"class_list":{"0":"post-3989","1":"product","2":"type-product","3":"status-publish","4":"has-post-thumbnail","6":"product_cat-omiletica","8":"first","9":"instock","10":"shipping-taxable","11":"purchasable","12":"product-type-simple"},"_links":{"self":[{"href":"https:\/\/dev.sbro.ro\/index.php?rest_route=\/wp\/v2\/product\/3989","targetHints":{"allow":["GET"]}}],"collection":[{"href":"https:\/\/dev.sbro.ro\/index.php?rest_route=\/wp\/v2\/product"}],"about":[{"href":"https:\/\/dev.sbro.ro\/index.php?rest_route=\/wp\/v2\/types\/product"}],"replies":[{"embeddable":true,"href":"https:\/\/dev.sbro.ro\/index.php?rest_route=%2Fwp%2Fv2%2Fcomments&post=3989"}],"wp:featuredmedia":[{"embeddable":true,"href":"https:\/\/dev.sbro.ro\/index.php?rest_route=\/wp\/v2\/media\/9409"}],"wp:attachment":[{"href":"https:\/\/dev.sbro.ro\/index.php?rest_route=%2Fwp%2Fv2%2Fmedia&parent=3989"}],"wp:term":[{"taxonomy":"product_brand","embeddable":true,"href":"https:\/\/dev.sbro.ro\/index.php?rest_route=%2Fwp%2Fv2%2Fproduct_brand&post=3989"},{"taxonomy":"product_cat","embeddable":true,"href":"https:\/\/dev.sbro.ro\/index.php?rest_route=%2Fwp%2Fv2%2Fproduct_cat&post=3989"},{"taxonomy":"product_tag","embeddable":true,"href":"https:\/\/dev.sbro.ro\/index.php?rest_route=%2Fwp%2Fv2%2Fproduct_tag&post=3989"}],"curies":[{"name":"wp","href":"https:\/\/api.w.org\/{rel}","templated":true}]}}