{"id":3993,"date":"2026-04-21T09:09:03","date_gmt":"2026-04-21T09:09:03","guid":{"rendered":"https:\/\/dev.sbro.ro\/?product=remedii-de-pret-impotriva-siretlicurilor-diavolului"},"modified":"2026-04-21T09:09:03","modified_gmt":"2026-04-21T09:09:03","slug":"remedii-de-pret-impotriva-siretlicurilor-diavolului","status":"publish","type":"product","link":"https:\/\/dev.sbro.ro\/product\/remedii-de-pret-impotriva-siretlicurilor-diavolului\/","title":{"rendered":"Remedii de pret impotriva siretlicurilor diavolului"},"content":{"rendered":"<p>Preaiubi\u0163ilor, Satan, deoarece a c\u0103zut din lumin\u0103 \u00een \u00eentuneric, din fericire \u00een nefericire, din cer \u00een iad, de la starea de \u00eenger la cea de demon, e at\u00e2t de plin de r\u0103utate \u015fi de invidie, \u00eenc\u00e2t nu va l\u0103sa nicio metod\u0103 nefolosit\u0103 \u00een \u00eencercarea de a-i face pe to\u0163i ceilal\u0163i nenoroci\u0163i pe vecie \u00eempreun\u0103 cu sine; el, fiind alungat din ceruri, \u015fi \u201ep\u0103strat pentru judecata zilei celei mari, pus \u00een lan\u0163uri ve\u015fnice, \u00een \u00eentuneric\u201d (Iuda 6), se folose\u015fte de toat\u0103 puterea \u015fi \u00eendem\u00e2narea sa pentru a-i aduce pe to\u0163i fiii oamenilor \u00een aceea\u015fi condi\u0163ie \u015fi condamnare ca a sa. Satan a aruncat \u00een sufletele noastre o a\u015fa s\u0103m\u00e2n\u0163\u0103 p\u0103c\u0103toas\u0103, \u00eenc\u00e2t imediat ce ne ispite\u015fte, noi ne d\u0103m consim\u0163\u0103m\u00e2ntul; imediat ce comploteaz\u0103 \u00eempotriva noastr\u0103, ne \u015fi biruie. Dac\u0103 le arat\u0103 oamenilor doar pu\u0163in din frumuse\u0163ea \u015fi fine\u0163ea lumii, c\u00e2t de repede sunt ei gata s\u0103 se plece \u015fi s\u0103 i se \u00eenchine!<\/p>\n<p> Indiferent c\u0103tre ce p\u0103cat se \u00eenclin\u0103 mai u\u015for inima omului, diavolul \u00eel va ajuta \u00een direc\u0163ia aceea s\u0103 p\u0103c\u0103tuiasc\u0103. Dac\u0103 David s-a m\u00e2ndrit cu poporul s\u0103u, Satan l-a ispitit s\u0103-l numere, ca el s\u0103 fie \u015fi mai m\u00e2ndru.<\/p>\n<p>Dac\u0103 Petru manifest\u0103 o team\u0103 care-l \u00eenrobe\u015fte, Satan \u00eel va face s\u0103-L mustre pe Hristos \u015fi s\u0103 se lepede de El, ca s\u0103-\u015fi scape pielea (Mat. 16:22; 26:69-75). Dac\u0103 profe\u0163ii lui Ahab sunt obi\u015fnui\u0163i s\u0103 lingu\u015feasc\u0103, diavolul se va preface \u00eentr-un duh de minciun\u0103 \u00een gurile a patru sute dintre ei, \u015fi ei \u00eel vor lingu\u015fi spre pierzarea lui (1 \u00cemp. 22). Dac\u0103 Iuda e un tr\u0103d\u0103tor, Satan va intra repede \u00een inima lui \u015fi-l va face s\u0103-\u015fi v\u00e2nd\u0103 st\u0103p\u00e2nul pentru bani, lucru pe care unii p\u0103g\u00e2ni nu l-ar fi f\u0103cut niciodat\u0103 (Ioan 13:2). Dac\u0103 Anania va min\u0163i pentru un avantaj personal, Satan \u00eei va umple inima s\u0103-L mint\u0103, \u00eempreun\u0103 cu un martor, pe Duhul Sf\u00e2nt (Fapte 5:3). Lui Satan \u00eei place s\u0103 navigheze \u00een b\u0103taia v\u00e2ntului, s\u0103 potriveasc\u0103 ispitirea oamenilor cu starea \u015fi \u00eenclina\u0163iile lor. Dac\u0103 ei se afl\u0103 \u00een prosperitate, \u00eei va ispiti s\u0103 se lepede de Dumnezeu (Prov. 30:9); dac\u0103 se afl\u0103 \u00een lipsuri, \u00eei va ispiti s\u0103 nu se \u00eencread\u0103 \u00een Dumnezeu; dac\u0103 le e mic\u0103 cunoa\u015fterea, \u00eei va ispiti s\u0103 \u00eentre\u0163in\u0103 g\u00e2nduri josnice despre Dumnezeu; dac\u0103 con\u015ftiin\u0163a le e sensibil\u0103, \u00eei va ispiti cu scrupulozitatea; dac\u0103 nu e, \u00eei va ispiti cu o siguran\u0163\u0103 carnal\u0103; dac\u0103 sunt \u00eendr\u0103zne\u0163i, \u00eei va ispiti la arogan\u0163\u0103; dac\u0103 sunt timizi, la disperare; dac\u0103 sunt maleabili, la inconsecven\u0163\u0103; dac\u0103 sunt \u00eenc\u0103p\u0103\u0163\u00e2na\u0163i, la nepoc\u0103in\u0163\u0103.<\/p>\n<p>Din puterea, r\u0103utatea \u015fi \u00eendem\u00e2narea lui Satan se nasc toate comploturile, planurile, stratagemele \u015fi ma\u015fina\u0163iunile care sunt \u00een lume \u015fi care au scopul de a pierde sufletul. El are mai multe planuri \u00een vederea atragerii sufletelor \u00een p\u0103cat, mai multe comploturi prin care s\u0103 \u0163in\u0103 sufletele departe de orice slujire sf\u00e2nt\u0103 \u015fi cereasc\u0103, \u015fi mai multe stratageme prin care s\u0103 \u0163in\u0103 sufletele \u00eentr\u2011o stare de pl\u00e2ns, de team\u0103, \u00eendoial\u0103 \u015fi nelini\u015fte. El are mai multe planuri prin care s\u0103-i distrug\u0103 pe cei mari \u015fi onorabili, pe cei \u00een\u0163elep\u0163i \u015fi \u00eenv\u0103\u0163a\u0163i, pe cei orbi \u015fi ignoran\u0163i, pe cei boga\u0163i \u015fi cei s\u0103raci, pe sfin\u0163ii adev\u0103ra\u0163i \u015fi pe cei ce sunt sfin\u0163i numai cu numele.<\/p>\n<p>Uneori se va \u00eenfr\u00e2na de la a ne ispiti, ca s\u0103 ne credem \u00een siguran\u0163\u0103 \u015fi s\u0103 neglij\u0103m vegherea; alteori se va preface c\u0103 fuge de noi, ca s\u0103 ne fac\u0103 m\u00e2ndri de biruin\u0163\u0103; uneori va fixa aten\u0163ia oamenilor asupra p\u0103catelor altora \u015fi nu a lor \u00een\u015fi\u015fi, ca s\u0103-i umple de m\u00e2ndrie; alteori le va fixa aten\u0163ia asupra harurilor altora \u015fi nu ale lor, ca s\u0103-i cople\u015feasc\u0103.<\/p>\n<p>Omul mai degrab\u0103 ar putea s\u0103 \u00een\u015fire numele stelelor \u015fi s\u0103 numere firele de nisip de pe malul m\u0103rii dec\u00e2t s\u0103 \u00een\u015fire toate planurile lui Satan; cu toate acestea, cele care sunt mai importante, \u015fi prin care face cel mai mult r\u0103u sufletelor oamenilor se g\u0103sesc prezentate \u00een urm\u0103torul Tratat, fiind prescrise \u015fi leacurile \u00eempotriva lor.<\/p>\n","protected":false},"excerpt":{"rendered":"<p>Preaiubi\u0163ilor, Satan, deoarece a c\u0103zut din lumin\u0103 \u00een \u00eentuneric, din fericire \u00een nefericire, din cer \u00een iad, de la starea de \u00eenger la cea de demon, e at\u00e2t de plin de r\u0103utate \u015fi de invidie, \u00eenc\u00e2t nu va l\u0103sa nicio metod\u0103 nefolosit\u0103 \u00een \u00eencercarea de a-i face pe to\u0163i ceilal\u0163i nenoroci\u0163i pe vecie \u00eempreun\u0103 cu [&hellip;]<\/p>\n","protected":false},"featured_media":9413,"comment_status":"open","ping_status":"closed","template":"","meta":[],"product_brand":[],"product_cat":[18],"product_tag":[],"class_list":{"0":"post-3993","1":"product","2":"type-product","3":"status-publish","4":"has-post-thumbnail","6":"product_cat-viata-crestina","8":"first","9":"instock","10":"shipping-taxable","11":"purchasable","12":"product-type-simple"},"_links":{"self":[{"href":"https:\/\/dev.sbro.ro\/wp-json\/wp\/v2\/product\/3993","targetHints":{"allow":["GET"]}}],"collection":[{"href":"https:\/\/dev.sbro.ro\/wp-json\/wp\/v2\/product"}],"about":[{"href":"https:\/\/dev.sbro.ro\/wp-json\/wp\/v2\/types\/product"}],"replies":[{"embeddable":true,"href":"https:\/\/dev.sbro.ro\/wp-json\/wp\/v2\/comments?post=3993"}],"wp:featuredmedia":[{"embeddable":true,"href":"https:\/\/dev.sbro.ro\/wp-json\/wp\/v2\/media\/9413"}],"wp:attachment":[{"href":"https:\/\/dev.sbro.ro\/wp-json\/wp\/v2\/media?parent=3993"}],"wp:term":[{"taxonomy":"product_brand","embeddable":true,"href":"https:\/\/dev.sbro.ro\/wp-json\/wp\/v2\/product_brand?post=3993"},{"taxonomy":"product_cat","embeddable":true,"href":"https:\/\/dev.sbro.ro\/wp-json\/wp\/v2\/product_cat?post=3993"},{"taxonomy":"product_tag","embeddable":true,"href":"https:\/\/dev.sbro.ro\/wp-json\/wp\/v2\/product_tag?post=3993"}],"curies":[{"name":"wp","href":"https:\/\/api.w.org\/{rel}","templated":true}]}}