{"id":4072,"date":"2026-04-21T09:09:13","date_gmt":"2026-04-21T09:09:13","guid":{"rendered":"https:\/\/dev.sbro.ro\/?product=o-perspectiva-biblica-asupra-familei"},"modified":"2026-04-21T09:09:13","modified_gmt":"2026-04-21T09:09:13","slug":"o-perspectiva-biblica-asupra-familei","status":"publish","type":"product","link":"https:\/\/dev.sbro.ro\/product\/o-perspectiva-biblica-asupra-familei\/","title":{"rendered":"O perspectiva biblica asupra familei"},"content":{"rendered":"<p>\u00cen mod biblic \u0219i logic, cei care doresc o via\u021b\u0103 de familie binecuv\u00e2ntat\u0103 trebuie s\u0103 caute s\u0103 \u00een\u021beleag\u0103 corect perspectiva biblic\u0103. \u00cen materialul acesta, \u00een mod succint, vreau s\u0103 v\u0103 aduc \u00een fa\u021b\u0103 o perspectiv\u0103 personal\u0103 asupra familiei contemporane. Apoi, dup\u0103 ce voi prezenta problemele \u0219i neajunsurile familiei contemporane, vreau s\u0103 aduc \u00een fa\u021ba voastr\u0103 perspectiva biblic\u0103 asupra familiei. Domnul ne-a binecuv\u00e2ntat ca s\u0103 fim o binecuv\u00e2ntare. S\u0103 nu folosim binecuv\u00e2nt\u0103rile doar pentru noi. S\u0103 le \u00eemp\u0103rt\u0103\u0219im la c\u00e2t mai mul\u021bi. Cine este binecuv\u00e2ntat, binecuv\u00e2nteaz\u0103, iar cei care binecuv\u00e2nteaz\u0103 vor fi binecuv\u00e2nta\u021bi \u0219i mai mult.<\/p>\n","protected":false},"excerpt":{"rendered":"<p>\u00cen mod biblic \u0219i logic, cei care doresc o via\u021b\u0103 de familie binecuv\u00e2ntat\u0103 trebuie s\u0103 caute s\u0103 \u00een\u021beleag\u0103 corect perspectiva biblic\u0103. \u00cen materialul acesta, \u00een mod succint, vreau s\u0103 v\u0103 aduc \u00een fa\u021b\u0103 o perspectiv\u0103 personal\u0103 asupra familiei contemporane. Apoi, dup\u0103 ce voi prezenta problemele \u0219i neajunsurile familiei contemporane, vreau s\u0103 aduc \u00een fa\u021ba voastr\u0103 [&hellip;]<\/p>\n","protected":false},"featured_media":9492,"comment_status":"open","ping_status":"closed","template":"","meta":[],"product_brand":[],"product_cat":[15,14],"product_tag":[],"class_list":{"0":"post-4072","1":"product","2":"type-product","3":"status-publish","4":"has-post-thumbnail","6":"product_cat-familie-editura-metanoia","7":"product_cat-viata-de-familie","9":"first","10":"instock","11":"shipping-taxable","12":"purchasable","13":"product-type-simple"},"_links":{"self":[{"href":"https:\/\/dev.sbro.ro\/wp-json\/wp\/v2\/product\/4072","targetHints":{"allow":["GET"]}}],"collection":[{"href":"https:\/\/dev.sbro.ro\/wp-json\/wp\/v2\/product"}],"about":[{"href":"https:\/\/dev.sbro.ro\/wp-json\/wp\/v2\/types\/product"}],"replies":[{"embeddable":true,"href":"https:\/\/dev.sbro.ro\/wp-json\/wp\/v2\/comments?post=4072"}],"wp:featuredmedia":[{"embeddable":true,"href":"https:\/\/dev.sbro.ro\/wp-json\/wp\/v2\/media\/9492"}],"wp:attachment":[{"href":"https:\/\/dev.sbro.ro\/wp-json\/wp\/v2\/media?parent=4072"}],"wp:term":[{"taxonomy":"product_brand","embeddable":true,"href":"https:\/\/dev.sbro.ro\/wp-json\/wp\/v2\/product_brand?post=4072"},{"taxonomy":"product_cat","embeddable":true,"href":"https:\/\/dev.sbro.ro\/wp-json\/wp\/v2\/product_cat?post=4072"},{"taxonomy":"product_tag","embeddable":true,"href":"https:\/\/dev.sbro.ro\/wp-json\/wp\/v2\/product_tag?post=4072"}],"curies":[{"name":"wp","href":"https:\/\/api.w.org\/{rel}","templated":true}]}}