{"id":4076,"date":"2026-04-21T09:09:14","date_gmt":"2026-04-21T09:09:14","guid":{"rendered":"https:\/\/dev.sbro.ro\/?product=biserici-de-nota-10"},"modified":"2026-04-21T09:09:14","modified_gmt":"2026-04-21T09:09:14","slug":"biserici-de-nota-10","status":"publish","type":"product","link":"https:\/\/dev.sbro.ro\/product\/biserici-de-nota-10\/","title":{"rendered":"Biserici de nota 10"},"content":{"rendered":"<p>Venirea Domnului Isus Cristos \u00een lume a deschis epoca Bisericii. Jertfa Lui ne-a dat dreptul la poc\u0103in\u021b\u0103, credin\u021b\u0103 \u0219i la cer. \u00cenainte de a ne duce acas\u0103, \u00een glorie, Domnul \u0219i M\u00e2ntuitorul nostru ne cere s\u0103 tr\u0103im pe p\u0103m\u00e2nt o via\u021b\u0103 de ascultare deplin\u0103. To\u021bi cei care, \u00een urma poc\u0103in\u021bei \u0219i a credin\u021bei \u00een jertfa Domnului Isus Cristos, intr\u0103 \u00een Biserica Lui \u00een\u021beleg nevoia de a se integra \u0219i implica \u00eentr-o biseric\u0103 local\u0103. Bisericile locale au at\u00e2t lucruri \u00een comun, c\u00e2t \u0219i lucruri diferite. Principiile \u0219i scopul adun\u0103rilor sunt \u0219i trebuie s\u0103 fie acelea\u0219i \u00een fiecare loc, genera\u021bie \u0219i biseric\u0103. Diferen\u021bele se refer\u0103 la lucrurile specifice fiec\u0103rei biserici, care \u00eei ajut\u0103 pe \u00eenchin\u0103torii respectivi s\u0103 \u00eemplineasc\u0103 mandatul lui Cristos.<\/p>\n","protected":false},"excerpt":{"rendered":"<p>Venirea Domnului Isus Cristos \u00een lume a deschis epoca Bisericii. Jertfa Lui ne-a dat dreptul la poc\u0103in\u021b\u0103, credin\u021b\u0103 \u0219i la cer. \u00cenainte de a ne duce acas\u0103, \u00een glorie, Domnul \u0219i M\u00e2ntuitorul nostru ne cere s\u0103 tr\u0103im pe p\u0103m\u00e2nt o via\u021b\u0103 de ascultare deplin\u0103. To\u021bi cei care, \u00een urma poc\u0103in\u021bei \u0219i a credin\u021bei \u00een jertfa [&hellip;]<\/p>\n","protected":false},"featured_media":9496,"comment_status":"open","ping_status":"closed","template":"","meta":[],"product_brand":[],"product_cat":[10,18],"product_tag":[],"class_list":{"0":"post-4076","1":"product","2":"type-product","3":"status-publish","4":"has-post-thumbnail","6":"product_cat-editura-metanoia","7":"product_cat-viata-crestina","9":"first","10":"instock","11":"shipping-taxable","12":"purchasable","13":"product-type-simple"},"_links":{"self":[{"href":"https:\/\/dev.sbro.ro\/wp-json\/wp\/v2\/product\/4076","targetHints":{"allow":["GET"]}}],"collection":[{"href":"https:\/\/dev.sbro.ro\/wp-json\/wp\/v2\/product"}],"about":[{"href":"https:\/\/dev.sbro.ro\/wp-json\/wp\/v2\/types\/product"}],"replies":[{"embeddable":true,"href":"https:\/\/dev.sbro.ro\/wp-json\/wp\/v2\/comments?post=4076"}],"wp:featuredmedia":[{"embeddable":true,"href":"https:\/\/dev.sbro.ro\/wp-json\/wp\/v2\/media\/9496"}],"wp:attachment":[{"href":"https:\/\/dev.sbro.ro\/wp-json\/wp\/v2\/media?parent=4076"}],"wp:term":[{"taxonomy":"product_brand","embeddable":true,"href":"https:\/\/dev.sbro.ro\/wp-json\/wp\/v2\/product_brand?post=4076"},{"taxonomy":"product_cat","embeddable":true,"href":"https:\/\/dev.sbro.ro\/wp-json\/wp\/v2\/product_cat?post=4076"},{"taxonomy":"product_tag","embeddable":true,"href":"https:\/\/dev.sbro.ro\/wp-json\/wp\/v2\/product_tag?post=4076"}],"curies":[{"name":"wp","href":"https:\/\/api.w.org\/{rel}","templated":true}]}}