{"id":4083,"date":"2026-04-21T09:09:14","date_gmt":"2026-04-21T09:09:14","guid":{"rendered":"https:\/\/dev.sbro.ro\/?product=biblie-bilingva-romana-germana-colorata"},"modified":"2026-04-21T09:09:14","modified_gmt":"2026-04-21T09:09:14","slug":"biblie-bilingva-romana-germana-colorata","status":"publish","type":"product","link":"https:\/\/dev.sbro.ro\/product\/biblie-bilingva-romana-germana-colorata\/","title":{"rendered":"Biblie bilingva Romana-Germana colorata"},"content":{"rendered":"<p>Biblie &#8211; edi\u021bie bilingv\u0103 rom\u00e2n\u0103-german\u0103 Pentru limba rom\u00e2n\u0103 s-a folosit traducerea Dumitru Cornilescu revizuit\u0103 ortografic, iar pentru limba german\u0103 s-a folosit traducerea Schlachter 2000 Copert\u0103 \u00eenlocuitor piele, marginii aurii<\/p>\n","protected":false},"excerpt":{"rendered":"<p>Biblie &#8211; edi\u021bie bilingv\u0103 rom\u00e2n\u0103-german\u0103 Pentru limba rom\u00e2n\u0103 s-a folosit traducerea Dumitru Cornilescu revizuit\u0103 ortografic, iar pentru limba german\u0103 s-a folosit traducerea Schlachter 2000 Copert\u0103 \u00eenlocuitor piele, marginii aurii<\/p>\n","protected":false},"featured_media":9503,"comment_status":"open","ping_status":"closed","template":"","meta":[],"product_brand":[],"product_cat":[102],"product_tag":[],"class_list":{"0":"post-4083","1":"product","2":"type-product","3":"status-publish","4":"has-post-thumbnail","6":"product_cat-biblia-bilingva","8":"first","9":"instock","10":"shipping-taxable","11":"purchasable","12":"product-type-simple"},"_links":{"self":[{"href":"https:\/\/dev.sbro.ro\/wp-json\/wp\/v2\/product\/4083","targetHints":{"allow":["GET"]}}],"collection":[{"href":"https:\/\/dev.sbro.ro\/wp-json\/wp\/v2\/product"}],"about":[{"href":"https:\/\/dev.sbro.ro\/wp-json\/wp\/v2\/types\/product"}],"replies":[{"embeddable":true,"href":"https:\/\/dev.sbro.ro\/wp-json\/wp\/v2\/comments?post=4083"}],"wp:featuredmedia":[{"embeddable":true,"href":"https:\/\/dev.sbro.ro\/wp-json\/wp\/v2\/media\/9503"}],"wp:attachment":[{"href":"https:\/\/dev.sbro.ro\/wp-json\/wp\/v2\/media?parent=4083"}],"wp:term":[{"taxonomy":"product_brand","embeddable":true,"href":"https:\/\/dev.sbro.ro\/wp-json\/wp\/v2\/product_brand?post=4083"},{"taxonomy":"product_cat","embeddable":true,"href":"https:\/\/dev.sbro.ro\/wp-json\/wp\/v2\/product_cat?post=4083"},{"taxonomy":"product_tag","embeddable":true,"href":"https:\/\/dev.sbro.ro\/wp-json\/wp\/v2\/product_tag?post=4083"}],"curies":[{"name":"wp","href":"https:\/\/api.w.org\/{rel}","templated":true}]}}