{"id":4098,"date":"2026-04-21T09:09:17","date_gmt":"2026-04-21T09:09:17","guid":{"rendered":"https:\/\/dev.sbro.ro\/?product=100-de-ganduri-sub-cerul-romaniei-vesnice"},"modified":"2026-04-21T09:09:17","modified_gmt":"2026-04-21T09:09:17","slug":"100-de-ganduri-sub-cerul-romaniei-vesnice","status":"publish","type":"product","link":"https:\/\/dev.sbro.ro\/?product=100-de-ganduri-sub-cerul-romaniei-vesnice","title":{"rendered":"100 de g\u00e2nduri sub cerul Rom\u00e2niei ve\u0219nice"},"content":{"rendered":"<p>\u00cen aceast\u0103 carte vei g\u0103si scurte eseuri bine documentate, care abordeaz\u0103 teme sensibile \u0219i evitate \u00een general, dar care sunt de o importan\u021b\u0103 vital\u0103 at\u00e2t pentru tineri, c\u00e2t \u0219i pentru adul\u021bi. Este recomandat\u0103 elevilor, p\u0103rin\u021bilor, p\u0103storilor, \u00eenv\u0103\u021b\u0103torilor de \u0219coal\u0103 duminical\u0103, profesorilor, dar \u0219i v\u00e2rstnicilor. Citind aceste pagini, vei \u00een\u021belege mai u\u0219or planul lui Dumnezeu \u00een diferite circumstan\u021be ale vie\u021bii.<\/p>\n","protected":false},"excerpt":{"rendered":"<p>\u00cen aceast\u0103 carte vei g\u0103si scurte eseuri bine documentate, care abordeaz\u0103 teme sensibile \u0219i evitate \u00een general, dar care sunt de o importan\u021b\u0103 vital\u0103 at\u00e2t pentru tineri, c\u00e2t \u0219i pentru adul\u021bi. Este recomandat\u0103 elevilor, p\u0103rin\u021bilor, p\u0103storilor, \u00eenv\u0103\u021b\u0103torilor de \u0219coal\u0103 duminical\u0103, profesorilor, dar \u0219i v\u00e2rstnicilor. Citind aceste pagini, vei \u00een\u021belege mai u\u0219or planul lui Dumnezeu \u00een [&hellip;]<\/p>\n","protected":false},"featured_media":9518,"comment_status":"open","ping_status":"closed","template":"","meta":[],"product_brand":[],"product_cat":[20,19],"product_tag":[],"class_list":{"0":"post-4098","1":"product","2":"type-product","3":"status-publish","4":"has-post-thumbnail","6":"product_cat-biografii-eseuri-marturii","7":"product_cat-viata-crestina-editura-metanoia","9":"first","10":"instock","11":"shipping-taxable","12":"purchasable","13":"product-type-simple"},"_links":{"self":[{"href":"https:\/\/dev.sbro.ro\/index.php?rest_route=\/wp\/v2\/product\/4098","targetHints":{"allow":["GET"]}}],"collection":[{"href":"https:\/\/dev.sbro.ro\/index.php?rest_route=\/wp\/v2\/product"}],"about":[{"href":"https:\/\/dev.sbro.ro\/index.php?rest_route=\/wp\/v2\/types\/product"}],"replies":[{"embeddable":true,"href":"https:\/\/dev.sbro.ro\/index.php?rest_route=%2Fwp%2Fv2%2Fcomments&post=4098"}],"wp:featuredmedia":[{"embeddable":true,"href":"https:\/\/dev.sbro.ro\/index.php?rest_route=\/wp\/v2\/media\/9518"}],"wp:attachment":[{"href":"https:\/\/dev.sbro.ro\/index.php?rest_route=%2Fwp%2Fv2%2Fmedia&parent=4098"}],"wp:term":[{"taxonomy":"product_brand","embeddable":true,"href":"https:\/\/dev.sbro.ro\/index.php?rest_route=%2Fwp%2Fv2%2Fproduct_brand&post=4098"},{"taxonomy":"product_cat","embeddable":true,"href":"https:\/\/dev.sbro.ro\/index.php?rest_route=%2Fwp%2Fv2%2Fproduct_cat&post=4098"},{"taxonomy":"product_tag","embeddable":true,"href":"https:\/\/dev.sbro.ro\/index.php?rest_route=%2Fwp%2Fv2%2Fproduct_tag&post=4098"}],"curies":[{"name":"wp","href":"https:\/\/api.w.org\/{rel}","templated":true}]}}