{"id":4107,"date":"2026-04-21T09:09:17","date_gmt":"2026-04-21T09:09:17","guid":{"rendered":"https:\/\/dev.sbro.ro\/?product=dvd-cartea-cartilor-sezonul-3"},"modified":"2026-04-21T09:09:17","modified_gmt":"2026-04-21T09:09:17","slug":"dvd-cartea-cartilor-sezonul-3","status":"publish","type":"product","link":"https:\/\/dev.sbro.ro\/?product=dvd-cartea-cartilor-sezonul-3","title":{"rendered":"DVD &#8211; Cartea cartilor &#8211; Sezonul 3"},"content":{"rendered":"<p>Cristi \u0219i Oana sunt copiii moderni ai secolului 22, care petrec mult timp \u00eempreun\u0103 cu robotul lor amuzant, Memo. Ei sunt teleporta\u021bi de un dispozitiv misterios (Cartea C\u0103r\u021bilor) \u00een trecut, prin pagini de istorie. C\u0103l\u0103tore\u0219te \u0219i tu \u00een timp al\u0103turi de Cristi, Oana \u0219i Memo, pentru a retr\u0103i cele mai minunate povestiri \u0219i \u00eent\u00e2mpl\u0103ri din vremurile biblice!<\/p>\n<p>Rut<\/p>\n<p>C\u00e2nd Cartea C\u0103r\u021bilor \u00eei duce pe copii s\u0103-i cunoasc\u0103 pe Rut, Naomi \u0219i Boaz, Cristi \u00eencepe s\u0103 respecte efortul, timpul \u0219i grija de care este nevoie pentru a \u00eentre\u021bine rela\u021biile \u2013 mai ales cu familia.<\/p>\n<p>Ioan Botez\u0103torul<\/p>\n<p>Cristi, Oana \u0219i Memo \u00eei \u00eent\u00e2lnesc pe Elisabeta \u0219i Zaharia, care, de\u0219i b\u0103tr\u00e2ni, urmeaz\u0103 s\u0103 aib\u0103 primul copil. Cum povestea se dezvolt\u0103 \u0219i devine evident pentru cei trei cine va fi copilul, ei se mir\u0103 de ce a f\u0103cut Domnul s\u0103 fie posibil.<\/p>\n<p>Turnul Babel \u0219i Ziua Cincizecimii<\/p>\n<p>Cartea C\u0103r\u021bilor \u00eei duce pe copii \u00eenapoi \u00een timp, atunci c\u00e2nd Dumnezeu a \u00eencurcat limbile la Babel. \u00cen\u021beleg\u00e2nd de ce sunt at\u00e2tea limbi diferite, sunt trimi\u0219i iar \u00een timp, la camera de sus din Ziua Cincizecimii, unde v\u0103d cum Duhul Sf\u00e2nt ofer\u0103 abilitatea miraculoas\u0103 ca to\u021bi s\u0103 se \u00een\u021beleag\u0103.<\/p>\n<p>Isaac \u0219i Rebeca<\/p>\n<p>Dup\u0103 ce Cartea C\u0103r\u021bilor \u00eei duce pe copii s\u0103-\u0219i petreac\u0103 timpul cu Eliezer, \u00een misiunea lui de a-i g\u0103si o so\u021bie lui Isaac, Cristi \u00eenva\u021b\u0103 importan\u021ba de a te \u021bine de misiune \u0219i de a respecta ceea ce \u021bi s-a spus s\u0103 faci.<\/p>\n<p>Naaman \u0219i feti\u021ba slujitoare<\/p>\n<p>Copiii sunt teleporta\u021bi \u00eenapoi \u00een timp ca s\u0103 o \u00eent\u00e2lneasc\u0103 pe slujnica lui Naaman \u0219i s\u0103 urmeze povestea lui Naaman, \u00een care se vindec\u0103 de lepr\u0103. Oana se-ntoarce acas\u0103 cu o atitudine schimbat\u0103 fa\u021b\u0103 de slujire \u0219i smerenie \u0219i imediat aplic\u0103 ce a \u00eenv\u0103\u021bat \u00een proiectul social de la \u0219coal\u0103.<\/p>\n<p>Samuel \u0219i chemarea lui Dumnezeu<\/p>\n<p>Cristi are un vis despre Iulian, b\u0103iatul care a intrat \u00een casa Nour sezonul trecut. Oana crede c\u0103 visul poate fi un semn de la Dumnezeu pentru Cristi s\u0103-l ajute pe Iulian. Cartea C\u0103r\u021bilor \u00eei duce s\u0103-l cunoasc\u0103 pe t\u00e2n\u0103rul Samuel. \u00cenapoi \u00een prezent, Cristi ascult\u0103 chemarea \u0219i \u00eencearc\u0103 s\u0103 se-mprieteneasc\u0103 cu Iulian.<\/p>\n<p>David \u0219i Saul<br \/>\n\t Cristi, Oana \u0219i Memo sunt \u00eentr-o sear\u0103 \u00een drum spre cas\u0103, c\u00e2nd doi adolescen\u021bi \u00eei iau chitara lui \u0219i o sparg. Cartea C\u0103r\u021bilor \u00eei duce pe copii ca s\u0103 vad\u0103 c\u0103 David adult, a ales s\u0103 nu se r\u0103zbune pe Saul. Cu exemplul lui \u00een minte, Cristi se decide \u00eempotriva r\u0103zbun\u0103rii, \u0219tiind c\u0103 orice judecat\u0103 \u00eei a\u0219teapt\u0103 pe delicven\u021bi nu vine de la el, ci de la Dumnezeu.<\/p>\n<p>Neemia<\/p>\n<p>Cartea C\u0103r\u021bilor le face copiilor cuno\u0219tin\u021b\u0103 cu Neemia, care r\u00e2d de \u00eencercarea lui de a reconstrui zidul Ierusalimului. Cristi \u00eenva\u021b\u0103 c\u0103 poate reu\u0219i dac\u0103 r\u0103m\u00e2ne fidel lucr\u0103rii lui Dumnezeu, f\u0103r\u0103 s\u0103 ia \u00een seam\u0103 \u0219icanele.<\/p>\n<p>Elisei \u0219i sirienii<\/p>\n<p>Cartea C\u0103r\u021bilor \u00eei poart\u0103 pe copii \u00een vremea profetului Elisei. Copiii sunt martorii miracolelor f\u0103cute de Elisei \u0219i scap\u0103 ca prin minune de solda\u021bii sirieni trimi\u0219i s\u0103-l prind\u0103 pe profet. Cristi \u00ee\u0219i d\u0103 seama c\u0103 puterea lui Dumnezeu ne ap\u0103r\u0103 mereu, chiar \u0219i c\u00e2nd nu \u0219tim c\u0103 suntem \u00een pericol.<\/p>\n<p>\u00cenvierea lui Laz\u0103r<\/p>\n<p>Cartea C\u0103r\u021bilor \u00eei trimite pe Oana, Cristi \u0219i Memo s\u0103-l \u00eent\u00e2lneasc\u0103 pe Isus, \u00eenainte s\u0103-l \u00eenvie pe Laz\u0103r. Oana \u00ee\u0219i d\u0103 seama c\u0103 uneori Dumnezeu \u00eent\u00e2rzie ajutorarea cuiva, pentru un bine mai mare.<\/p>\n<p>Solomon<\/p>\n<p>Cartea C\u0103r\u0163ilor \u00eei duce pe copii \u00een Iersualimul antic, unde \u00eel \u00eent\u00e2lnesc pe regele Solomon. Acolo, Solomon \u00eel \u00eencurajeaz\u0103 pe Cristi s\u0103 i se dest\u0103inuie Domnului \u015fi s\u0103 se roage pentru \u00een\u0163elepciune \u015fi \u00eendrumare. Copiii se \u00eentorc acas\u0103 \u015fi Cristi, \u00eendrumat de Dumnezeu, reu\u015fe\u015fte s\u0103 treac\u0103 peste provocarea care p\u0103rea imposibil\u0103 \u0219i f\u0103r\u0103 rezolvare.<\/p>\n<p>Daniel \u0219i visul \u00eemp\u0103ratului Nebucadne\u021bar<\/p>\n<p>C\u00e2nd Oana este dep\u0103\u0219it\u0103 de responsabilit\u0103\u021bi pe care nu \u0219tie cum s\u0103 le rezolve mai repede, Cartea C\u0103r\u021bilor \u00eei duce pe copii \u00een Babilon, \u00een secolul al VI-lea \u00ee.H., pentru a \u00eenv\u0103\u021ba cum se rezolv\u0103 problema Oanei.<\/p>\n<p>Samariteanul milostiv<\/p>\n<p>Cartea C\u0103r\u021bilor \u00eei duce pe copii \u00eentr-un ora\u0219 apropiat de Ierusalim unde Memo \u00eel aude pe Isus povestind pilda bunului samaritean. El \u00eencearc\u0103 s\u0103 le repovesteasc\u0103 pilda, iar copiii se \u00eentorc \u00een lumea noastr\u0103 \u0219i urmeaz\u0103 pilda samariteanului.<\/p>\n<p>Proiect bazat pe seria clasic\u0103 \u201eCartea C\u0103r\u021bilor\u201d, difuzat\u0103 de TVR \u00een anii \u201990, desene animate ce au influen\u021bat o \u00eentreag\u0103 genera\u021bie \u00een Rom\u00e2nia. Nominalizat\u0103 la premiile Emmy, seria \u201eCartea C\u0103r\u021bilor\u201d este un triumf de imagina\u021bie, inspira\u021bie, curaj, dragoste, bucurie \u0219i umor pentru copii \u0219i \u00eentreaga familie.<\/p>\n<p>4 DVD-uri X 13 episoade\/ 26 min.<\/p>\n","protected":false},"excerpt":{"rendered":"<p>Cristi \u0219i Oana sunt copiii moderni ai secolului 22, care petrec mult timp \u00eempreun\u0103 cu robotul lor amuzant, Memo. Ei sunt teleporta\u021bi de un dispozitiv misterios (Cartea C\u0103r\u021bilor) \u00een trecut, prin pagini de istorie. C\u0103l\u0103tore\u0219te \u0219i tu \u00een timp al\u0103turi de Cristi, Oana \u0219i Memo, pentru a retr\u0103i cele mai minunate povestiri \u0219i \u00eent\u00e2mpl\u0103ri din [&hellip;]<\/p>\n","protected":false},"featured_media":9527,"comment_status":"open","ping_status":"closed","template":"","meta":[],"product_brand":[],"product_cat":[66],"product_tag":[],"class_list":{"0":"post-4107","1":"product","2":"type-product","3":"status-publish","4":"has-post-thumbnail","6":"product_cat-dvd","8":"first","9":"instock","10":"shipping-taxable","11":"purchasable","12":"product-type-simple"},"_links":{"self":[{"href":"https:\/\/dev.sbro.ro\/index.php?rest_route=\/wp\/v2\/product\/4107","targetHints":{"allow":["GET"]}}],"collection":[{"href":"https:\/\/dev.sbro.ro\/index.php?rest_route=\/wp\/v2\/product"}],"about":[{"href":"https:\/\/dev.sbro.ro\/index.php?rest_route=\/wp\/v2\/types\/product"}],"replies":[{"embeddable":true,"href":"https:\/\/dev.sbro.ro\/index.php?rest_route=%2Fwp%2Fv2%2Fcomments&post=4107"}],"wp:featuredmedia":[{"embeddable":true,"href":"https:\/\/dev.sbro.ro\/index.php?rest_route=\/wp\/v2\/media\/9527"}],"wp:attachment":[{"href":"https:\/\/dev.sbro.ro\/index.php?rest_route=%2Fwp%2Fv2%2Fmedia&parent=4107"}],"wp:term":[{"taxonomy":"product_brand","embeddable":true,"href":"https:\/\/dev.sbro.ro\/index.php?rest_route=%2Fwp%2Fv2%2Fproduct_brand&post=4107"},{"taxonomy":"product_cat","embeddable":true,"href":"https:\/\/dev.sbro.ro\/index.php?rest_route=%2Fwp%2Fv2%2Fproduct_cat&post=4107"},{"taxonomy":"product_tag","embeddable":true,"href":"https:\/\/dev.sbro.ro\/index.php?rest_route=%2Fwp%2Fv2%2Fproduct_tag&post=4107"}],"curies":[{"name":"wp","href":"https:\/\/api.w.org\/{rel}","templated":true}]}}