{"id":4125,"date":"2026-04-21T09:09:20","date_gmt":"2026-04-21T09:09:20","guid":{"rendered":"https:\/\/dev.sbro.ro\/?product=ia-pulsul-bisericii-tale"},"modified":"2026-04-21T09:09:20","modified_gmt":"2026-04-21T09:09:20","slug":"ia-pulsul-bisericii-tale","status":"publish","type":"product","link":"https:\/\/dev.sbro.ro\/product\/ia-pulsul-bisericii-tale\/","title":{"rendered":"Ia pulsul Bisericii tale"},"content":{"rendered":"<p>Aceast\u0103 carte prezint\u0103 zece semne vitale ale unei biserici s\u0103n\u0103toase &#8211; cinci angajamente cheie \u015fi cinci func\u0163ii cheie. Ea con\u0163ine un instrument de diagnosticare a s\u0103n\u0103t\u0103\u0163ii bisericii pe care \u00eel pute\u0163i aplica \u00een contextul dumneavoastr\u0103. Mii de pastori \u015fi lideri din \u00eentreaga lume au g\u0103sit aceast\u0103 paradigm\u0103 util\u0103 \u00een \u00eembun\u0103t\u0103\u0163irea slujirii \u015fi misiunii bisericii locale. Aceast\u0103 carte \u015fi instrumentul gratuit de diagnosticare pe care \u00eel prezint\u0103 sunt \u015fi mai utile dac\u0103 sunt \u00eenso\u0163ite de conversa\u0163ii foarte sincere \u00een echipa de slujire. Printr-un astfel de proces, sub c\u0103l\u0103uzirea Duhului Sf\u00e2nt, aceast\u0103 carte v\u0103 poate ajuta s\u0103 discerne\u0163i calea unei slujirii eficiente.<\/p>\n<p>Kosrer \u015fi Wagenveld scriu: \u201eO comunitate s\u0103n\u0103toas\u0103 de credin\u0163\u0103 \u00ee\u015fi are r\u0103d\u0103cinile \u00een primul r\u00e2nd \u00een caracterul \u015fi natura lui Dumnezeu. Aceasta \u00ee\u015fi \u00een\u0163elege misiunea \u015fi scopul \u00een lume \u015fi \u00ee\u015fi organizeaz\u0103 via\u0163a \u015fi munca pentru a fi credincioas\u0103 \u015fi eficient\u0103 \u00een contextul s\u0103u. Niciunul dintre aceste semne vitale nu func\u0163ioneaz\u0103 independent, ci este o combina\u0163ie de factori care alc\u0103tuiesc \u00eempreun\u0103 un organism fidel \u015fi rodnic, Biserica vie a Domnului nostru Isus Hristos.\u201d<\/p>\n<p>Cartea este recomandat\u0103 pastorilor, conduc\u0103torilor sau membrilor care t\u00e2njesc s\u0103 \u00een\u0163eleag\u0103 pa\u015fii pentru a consolida biserica local\u0103.<\/p>\n<p>Iat\u0103 c\u00e2teva modalit\u0103\u0163i prin care pute\u0163i utiliza aceast\u0103 carte:<\/p>\n<p>\u2022 Citi\u0163i-o pur \u015fi simplu ca hran\u0103 pentru suflet.<br \/>\n\u2022 Folosi\u0163i-o pentru studiu sau discu\u0163ii \u00een grupul mic.<br \/>\n\u2022 Utiliza\u0163i-o pentru a face sondajul \u00een adunarea dumneavoastr\u0103.<br \/>\n\u2022 Folosi\u0163i-o pentru a \u00eencepe un proces de planificare strategic\u0103 pe baza instrumentelor oferite \u00een carte.<\/p>\n","protected":false},"excerpt":{"rendered":"<p>Aceast\u0103 carte prezint\u0103 zece semne vitale ale unei biserici s\u0103n\u0103toase &#8211; cinci angajamente cheie \u015fi cinci func\u0163ii cheie. Ea con\u0163ine un instrument de diagnosticare a s\u0103n\u0103t\u0103\u0163ii bisericii pe care \u00eel pute\u0163i aplica \u00een contextul dumneavoastr\u0103. Mii de pastori \u015fi lideri din \u00eentreaga lume au g\u0103sit aceast\u0103 paradigm\u0103 util\u0103 \u00een \u00eembun\u0103t\u0103\u0163irea slujirii \u015fi misiunii bisericii locale. [&hellip;]<\/p>\n","protected":false},"featured_media":9545,"comment_status":"open","ping_status":"closed","template":"","meta":[],"product_brand":[],"product_cat":[54],"product_tag":[],"class_list":{"0":"post-4125","1":"product","2":"type-product","3":"status-publish","4":"has-post-thumbnail","6":"product_cat-pastorale","8":"first","9":"instock","10":"shipping-taxable","11":"purchasable","12":"product-type-simple"},"_links":{"self":[{"href":"https:\/\/dev.sbro.ro\/wp-json\/wp\/v2\/product\/4125","targetHints":{"allow":["GET"]}}],"collection":[{"href":"https:\/\/dev.sbro.ro\/wp-json\/wp\/v2\/product"}],"about":[{"href":"https:\/\/dev.sbro.ro\/wp-json\/wp\/v2\/types\/product"}],"replies":[{"embeddable":true,"href":"https:\/\/dev.sbro.ro\/wp-json\/wp\/v2\/comments?post=4125"}],"wp:featuredmedia":[{"embeddable":true,"href":"https:\/\/dev.sbro.ro\/wp-json\/wp\/v2\/media\/9545"}],"wp:attachment":[{"href":"https:\/\/dev.sbro.ro\/wp-json\/wp\/v2\/media?parent=4125"}],"wp:term":[{"taxonomy":"product_brand","embeddable":true,"href":"https:\/\/dev.sbro.ro\/wp-json\/wp\/v2\/product_brand?post=4125"},{"taxonomy":"product_cat","embeddable":true,"href":"https:\/\/dev.sbro.ro\/wp-json\/wp\/v2\/product_cat?post=4125"},{"taxonomy":"product_tag","embeddable":true,"href":"https:\/\/dev.sbro.ro\/wp-json\/wp\/v2\/product_tag?post=4125"}],"curies":[{"name":"wp","href":"https:\/\/api.w.org\/{rel}","templated":true}]}}