{"id":4132,"date":"2026-04-21T09:09:21","date_gmt":"2026-04-21T09:09:21","guid":{"rendered":"https:\/\/dev.sbro.ro\/?product=inchinarea-neincetata"},"modified":"2026-04-21T09:09:21","modified_gmt":"2026-04-21T09:09:21","slug":"inchinarea-neincetata","status":"publish","type":"product","link":"https:\/\/dev.sbro.ro\/product\/inchinarea-neincetata\/","title":{"rendered":"\u00cenchinarea ne\u00eencetat\u0103"},"content":{"rendered":"<p>De prea multe ori cre\u0219tinii se g\u00e2ndesc la \u00eenchinare numai \u00een termenii unor stiluri muzicale \u0219i \u0219abloane liturgice. O abordare adecvat\u0103 a \u00eenchin\u0103rii \u00eens\u0103 implic\u0103 mai mult dec\u00e2t ceea ce se \u00eent\u00e2mpl\u0103 \u00een biserici duminica diminea\u021ba. Noi to\u021bi, fie c\u0103 suntem cre\u0219tini, fie c\u0103 nu, ne \u00eenchin\u0103m \u00eentotdeauna, iar aceast\u0103 \u00eenchinare poate s\u0103 fie sau s\u0103 nu fie \u00eendreptat\u0103 c\u0103tre Dumnezeu. Noi suntem \u00eenchin\u0103tori ce se \u00eenchin\u0103 ne\u00eencetat.<br \/>\n\u00cen acest rod al unei vie\u021bi \u00eentregi de studiu, reflec\u021bie \u0219i experien\u021b\u0103, Harold Best prezint\u0103 o viziune \u00eentregit\u0103 asupra \u00eenchin\u0103rii ca rev\u0103rsare continu\u0103 \u00een toate situa\u021biile \u0219i contextele. Printr-o expunere atent\u0103 \u0219i o analiz\u0103 elocvent\u0103, Best abordeaz\u0103 p\u0103rerile gre\u0219ite despre folosirea muzicii \u0219i ofer\u0103 \u00eendreptarul c\u0103tre o practic\u0103 a crezului atristic care s\u0103 fie \u00een concordan\u021b\u0103 cu Biblia. Incisiv, provocator, profund \u0219i comprehensiv, textul de referin\u021b\u0103 al lui Best este m\u0103sura dup\u0103 care vor fi m\u0103surate toate celelalte afirma\u021bii despre \u00eenchinare \u0219i arte.<\/p>\n<p>HAROLD M. BEST a slujit timp de mul\u021bi ani ca decan al Conservatorului de Muzic\u0103 de la Wheaton College. Organist \u0219i compozitor, a fost mentor \u0219i model pentru mul\u021bi muzicieni, arti\u0219ti \u0219i lideri de biserici. De asemenea, a slujit ca pre\u0219edinte al National Association of Schools of Music \u0219i a scris lucr\u0103ri exhaustive pe tematici de program\u0103, cultur\u0103 \u0219i probleme de politic\u0103 educa\u021bional\u0103. Este autor al c\u0103r\u021bii Music Through the Eyes of Faith.<\/p>\n","protected":false},"excerpt":{"rendered":"<p>De prea multe ori cre\u0219tinii se g\u00e2ndesc la \u00eenchinare numai \u00een termenii unor stiluri muzicale \u0219i \u0219abloane liturgice. O abordare adecvat\u0103 a \u00eenchin\u0103rii \u00eens\u0103 implic\u0103 mai mult dec\u00e2t ceea ce se \u00eent\u00e2mpl\u0103 \u00een biserici duminica diminea\u021ba. Noi to\u021bi, fie c\u0103 suntem cre\u0219tini, fie c\u0103 nu, ne \u00eenchin\u0103m \u00eentotdeauna, iar aceast\u0103 \u00eenchinare poate s\u0103 fie sau [&hellip;]<\/p>\n","protected":false},"featured_media":9552,"comment_status":"open","ping_status":"closed","template":"","meta":[],"product_brand":[],"product_cat":[8],"product_tag":[],"class_list":{"0":"post-4132","1":"product","2":"type-product","3":"status-publish","4":"has-post-thumbnail","6":"product_cat-carti","8":"first","9":"instock","10":"shipping-taxable","11":"purchasable","12":"product-type-simple"},"_links":{"self":[{"href":"https:\/\/dev.sbro.ro\/wp-json\/wp\/v2\/product\/4132","targetHints":{"allow":["GET"]}}],"collection":[{"href":"https:\/\/dev.sbro.ro\/wp-json\/wp\/v2\/product"}],"about":[{"href":"https:\/\/dev.sbro.ro\/wp-json\/wp\/v2\/types\/product"}],"replies":[{"embeddable":true,"href":"https:\/\/dev.sbro.ro\/wp-json\/wp\/v2\/comments?post=4132"}],"wp:featuredmedia":[{"embeddable":true,"href":"https:\/\/dev.sbro.ro\/wp-json\/wp\/v2\/media\/9552"}],"wp:attachment":[{"href":"https:\/\/dev.sbro.ro\/wp-json\/wp\/v2\/media?parent=4132"}],"wp:term":[{"taxonomy":"product_brand","embeddable":true,"href":"https:\/\/dev.sbro.ro\/wp-json\/wp\/v2\/product_brand?post=4132"},{"taxonomy":"product_cat","embeddable":true,"href":"https:\/\/dev.sbro.ro\/wp-json\/wp\/v2\/product_cat?post=4132"},{"taxonomy":"product_tag","embeddable":true,"href":"https:\/\/dev.sbro.ro\/wp-json\/wp\/v2\/product_tag?post=4132"}],"curies":[{"name":"wp","href":"https:\/\/api.w.org\/{rel}","templated":true}]}}