{"id":4133,"date":"2026-04-21T09:09:21","date_gmt":"2026-04-21T09:09:21","guid":{"rendered":"https:\/\/dev.sbro.ro\/?product=arta-predicarii-esenta-predicarii-puternice"},"modified":"2026-04-21T09:09:21","modified_gmt":"2026-04-21T09:09:21","slug":"arta-predicarii-esenta-predicarii-puternice","status":"publish","type":"product","link":"https:\/\/dev.sbro.ro\/product\/arta-predicarii-esenta-predicarii-puternice\/","title":{"rendered":"Arta predicarii. Esenta predicarii puternice"},"content":{"rendered":"<p>Dr. Martyn Lloyd-Jones a slujit, pentru mai bine de 30 de ani, la Westminster Chapel \u00een Londra. P\u00e2n\u0103 ast\u0103zi el este considerat unul dintre cei mai mari predicatori ai secolului XX. \u00cen lucrarea de fa\u021b\u0103 sunt redate sub  form\u0103 de eseu prelegerile pe tema esen\u021bei predic\u0103rii puternice, pe care Martyn Lloyd-Jones le-a \u021binut \u00een fa\u021ba studen\u021bilor de la Westminster Theological Seminary \u00een prim\u0103vara anului 1969.<\/p>\n<p>Devenit un clasic al vremurilor noastre, volumul ap\u0103r\u0103 suprema\u021bia predic\u0103rii pe care nu o vede \u00eenlocuit\u0103 cu nimic altceva. Autorul \u00eei provoac\u0103 pe predicatori s\u0103 \u00ee\u0219i ia \u00een serios chemarea, pentru c\u0103 cea mai urgent\u0103 nevoie a Bisericii contemporane este predicarea adev\u0103rat\u0103.<\/p>\n<p>Lloyd-Jones ofer\u0103 sfaturi practice cu privire la preg\u0103tirea predicii \u0219i \u00eemp\u0103rt\u0103\u0219e\u0219te g\u00e2ndurile extrase din \u00eendelunga experien\u021b\u0103 cu privire la forma mesajului, folosirea umorului, chem\u0103rile la altar \u0219i rela\u021bia predicatorului cu adunarea.<\/p>\n<p>Dac\u0103 po\u021bi avea doar o carte pe tema predic\u0103rii, atunci ar trebui s\u0103 fie aceasta. Cartea pe care o \u021bii \u00een m\u00e2n\u0103 a modelat genera\u021bii \u00eentregi de predicatori \u0219i \u00eenv\u0103\u021b\u0103tori \u0219i \u00ee\u0219i va continua lucrarea mult\u0103 vreme de aici \u00eencolo.<\/p>\n<p><strong>Cuprins<\/strong><\/p>\n<p>1 Suprema\u021bia predic\u0103rii<br \/>\n2 De ne\u00eenlocuit<br \/>\n3 Predica \u0219i predicarea<br \/>\n4 Forma predicii<br \/>\n5 Actul predic\u0103rii<br \/>\n6 Predicatorul<br \/>\n7 Adunarea<br \/>\n8 Caracterul mesajului<br \/>\n9 Preg\u0103tirea predicatorului<br \/>\n10 Preg\u0103tirea predicii<br \/>\n11 Forma predicii<br \/>\n12 Ilustra\u021bii, elocven\u021b\u0103, umor<br \/>\n13 Ce trebuie evitat<br \/>\n14 Chem\u0103rile la o decizie<br \/>\n15 Capcanele \u0219i farmecul predic\u0103rii<br \/>\n16 \u201eDovezi date de Duhul \u0219i de putere\u201d<\/p>\n<p>\nCartea aceasta este un adev\u0103rat antidot! Ast\u0103zi, c\u00e2nd o mul\u021bime de a\u0219a-zi\u0219i predicatori au dus predicarea \u00een derizoriu, avem nevoie s\u0103 auzim din nou ce este cu adev\u0103rat o predic\u0103 \u0219i cum arat\u0103 un predicator veritabil.<\/p>\n<p>&#8212; John Piper<\/p>\n<p>Martyn Lloyd-Jones a fost unul dintre darurile extraordinare pe care Dumnezeu le-a oferit Bisericii \u00een secolul al XX-lea.<\/p>\n<p>&#8212; Mark Dever<\/p>\n","protected":false},"excerpt":{"rendered":"<p>Dr. Martyn Lloyd-Jones a slujit, pentru mai bine de 30 de ani, la Westminster Chapel \u00een Londra. P\u00e2n\u0103 ast\u0103zi el este considerat unul dintre cei mai mari predicatori ai secolului XX. \u00cen lucrarea de fa\u021b\u0103 sunt redate sub form\u0103 de eseu prelegerile pe tema esen\u021bei predic\u0103rii puternice, pe care Martyn Lloyd-Jones le-a \u021binut \u00een fa\u021ba [&hellip;]<\/p>\n","protected":false},"featured_media":9553,"comment_status":"open","ping_status":"closed","template":"","meta":[],"product_brand":[],"product_cat":[58],"product_tag":[],"class_list":{"0":"post-4133","1":"product","2":"type-product","3":"status-publish","4":"has-post-thumbnail","6":"product_cat-omiletica","8":"first","9":"instock","10":"shipping-taxable","11":"purchasable","12":"product-type-simple"},"_links":{"self":[{"href":"https:\/\/dev.sbro.ro\/wp-json\/wp\/v2\/product\/4133","targetHints":{"allow":["GET"]}}],"collection":[{"href":"https:\/\/dev.sbro.ro\/wp-json\/wp\/v2\/product"}],"about":[{"href":"https:\/\/dev.sbro.ro\/wp-json\/wp\/v2\/types\/product"}],"replies":[{"embeddable":true,"href":"https:\/\/dev.sbro.ro\/wp-json\/wp\/v2\/comments?post=4133"}],"wp:featuredmedia":[{"embeddable":true,"href":"https:\/\/dev.sbro.ro\/wp-json\/wp\/v2\/media\/9553"}],"wp:attachment":[{"href":"https:\/\/dev.sbro.ro\/wp-json\/wp\/v2\/media?parent=4133"}],"wp:term":[{"taxonomy":"product_brand","embeddable":true,"href":"https:\/\/dev.sbro.ro\/wp-json\/wp\/v2\/product_brand?post=4133"},{"taxonomy":"product_cat","embeddable":true,"href":"https:\/\/dev.sbro.ro\/wp-json\/wp\/v2\/product_cat?post=4133"},{"taxonomy":"product_tag","embeddable":true,"href":"https:\/\/dev.sbro.ro\/wp-json\/wp\/v2\/product_tag?post=4133"}],"curies":[{"name":"wp","href":"https:\/\/api.w.org\/{rel}","templated":true}]}}