{"id":4257,"date":"2026-04-21T09:09:36","date_gmt":"2026-04-21T09:09:36","guid":{"rendered":"https:\/\/dev.sbro.ro\/?product=tablou-cu-peisaj-si-verset-40-cm"},"modified":"2026-04-21T09:09:36","modified_gmt":"2026-04-21T09:09:36","slug":"tablou-cu-peisaj-si-verset-40-cm","status":"publish","type":"product","link":"https:\/\/dev.sbro.ro\/?product=tablou-cu-peisaj-si-verset-40-cm","title":{"rendered":"Tablou cu peisaj \u0219i verset (40 cm)"},"content":{"rendered":"<p>Tablou pe p\u00e2nz\u0103 cu imagini ce imit\u0103 pictura, cu versete.<\/p>\n","protected":false},"excerpt":{"rendered":"<p>Tablou pe p\u00e2nz\u0103 cu imagini ce imit\u0103 pictura, cu versete.<\/p>\n","protected":false},"featured_media":9670,"comment_status":"open","ping_status":"closed","template":"","meta":[],"product_brand":[],"product_cat":[48],"product_tag":[],"class_list":{"0":"post-4257","1":"product","2":"type-product","3":"status-publish","4":"has-post-thumbnail","6":"product_cat-tablouri","8":"first","9":"outofstock","10":"shipping-taxable","11":"purchasable","12":"product-type-simple"},"_links":{"self":[{"href":"https:\/\/dev.sbro.ro\/index.php?rest_route=\/wp\/v2\/product\/4257","targetHints":{"allow":["GET"]}}],"collection":[{"href":"https:\/\/dev.sbro.ro\/index.php?rest_route=\/wp\/v2\/product"}],"about":[{"href":"https:\/\/dev.sbro.ro\/index.php?rest_route=\/wp\/v2\/types\/product"}],"replies":[{"embeddable":true,"href":"https:\/\/dev.sbro.ro\/index.php?rest_route=%2Fwp%2Fv2%2Fcomments&post=4257"}],"wp:featuredmedia":[{"embeddable":true,"href":"https:\/\/dev.sbro.ro\/index.php?rest_route=\/wp\/v2\/media\/9670"}],"wp:attachment":[{"href":"https:\/\/dev.sbro.ro\/index.php?rest_route=%2Fwp%2Fv2%2Fmedia&parent=4257"}],"wp:term":[{"taxonomy":"product_brand","embeddable":true,"href":"https:\/\/dev.sbro.ro\/index.php?rest_route=%2Fwp%2Fv2%2Fproduct_brand&post=4257"},{"taxonomy":"product_cat","embeddable":true,"href":"https:\/\/dev.sbro.ro\/index.php?rest_route=%2Fwp%2Fv2%2Fproduct_cat&post=4257"},{"taxonomy":"product_tag","embeddable":true,"href":"https:\/\/dev.sbro.ro\/index.php?rest_route=%2Fwp%2Fv2%2Fproduct_tag&post=4257"}],"curies":[{"name":"wp","href":"https:\/\/api.w.org\/{rel}","templated":true}]}}