{"id":4272,"date":"2026-04-21T09:09:38","date_gmt":"2026-04-21T09:09:38","guid":{"rendered":"https:\/\/dev.sbro.ro\/?product=interpretarea-noului-testament"},"modified":"2026-04-21T09:09:38","modified_gmt":"2026-04-21T09:09:38","slug":"interpretarea-noului-testament","status":"publish","type":"product","link":"https:\/\/dev.sbro.ro\/product\/interpretarea-noului-testament\/","title":{"rendered":"Interpretarea Noului Testament"},"content":{"rendered":"<p>\u00cen cartea Interpretarea Noului Testament, Craig Blomberg ofer\u0103 un r\u0103spuns rezonabil \u0219i bine documentat acestor \u00eentreb\u0103ri cruciale cu care se confrunt\u0103 cititorii Bibliei. \u00centemeiat\u0103 pe studii serioase, dar scris\u0103 \u00eentr-un limbaj accesibil, cartea aceasta este potrivit\u0103 pentru pastori, studen\u021bi \u0219i oricine este interesat s\u0103 \u00een\u021beleag\u0103 mai bine Noul Testament.<br \/>\nNoul Testament este temelia bisericii cre\u0219tine, \u00eens\u0103 unii \u00eei pun la \u00eendoial\u0103 acurate\u021bea istoric\u0103. Al\u021bii au sus\u021binut c\u0103 \u00eenv\u0103\u021b\u0103turile lui Pavel difer\u0103 de cele g\u0103site \u00een evanghelii. Cum am putea s\u0103 \u00eemp\u0103c\u0103m aparenta diferen\u021b\u0103 dintre mesajul lui Isus \u0219i cel al lui Pavel? Care este relevan\u021ba Noului Testament azi, pentru culturi aflate departe, at\u00e2t \u00een timp, c\u00e2t \u0219i \u00een spa\u021biu, de lumea mediteraneean\u0103 a primului secol? Ce principii putem folosi pentru a ajunge la aplica\u021bii adecvate?<\/p>\n<p><strong>Despre autor<\/strong><br \/>\nCraig L. Blomberg (dr., Universitatea din Aberdeen) este profesor emerit de Noul Testament la Seminarul Denver din Littleton, Colorado, unde pred\u0103 de mai bine de treizeci de ani. Este autorul sau editorul a numeroase titluri, dintre care amintim: Can We Still Believe in God?, Can We Still Believe the Bible?, A Handbook of New Testament Exegesis, Jesus and the Gospels, The Historical Reliability of the Gospels, precum \u0219i al unor comentarii biblice, iar dintre acestea s-a tradus \u00een rom\u00e2ne\u0219te Iacov \u2013 Comentariu exegetic al Noului Testament.<\/p>\n","protected":false},"excerpt":{"rendered":"<p>\u00cen cartea Interpretarea Noului Testament, Craig Blomberg ofer\u0103 un r\u0103spuns rezonabil \u0219i bine documentat acestor \u00eentreb\u0103ri cruciale cu care se confrunt\u0103 cititorii Bibliei. \u00centemeiat\u0103 pe studii serioase, dar scris\u0103 \u00eentr-un limbaj accesibil, cartea aceasta este potrivit\u0103 pentru pastori, studen\u021bi \u0219i oricine este interesat s\u0103 \u00een\u021beleag\u0103 mai bine Noul Testament. Noul Testament este temelia bisericii cre\u0219tine, [&hellip;]<\/p>\n","protected":false},"featured_media":9685,"comment_status":"open","ping_status":"closed","template":"","meta":[],"product_brand":[],"product_cat":[40],"product_tag":[],"class_list":{"0":"post-4272","1":"product","2":"type-product","3":"status-publish","4":"has-post-thumbnail","6":"product_cat-studiu-biblic","8":"first","9":"instock","10":"shipping-taxable","11":"purchasable","12":"product-type-simple"},"_links":{"self":[{"href":"https:\/\/dev.sbro.ro\/wp-json\/wp\/v2\/product\/4272","targetHints":{"allow":["GET"]}}],"collection":[{"href":"https:\/\/dev.sbro.ro\/wp-json\/wp\/v2\/product"}],"about":[{"href":"https:\/\/dev.sbro.ro\/wp-json\/wp\/v2\/types\/product"}],"replies":[{"embeddable":true,"href":"https:\/\/dev.sbro.ro\/wp-json\/wp\/v2\/comments?post=4272"}],"wp:featuredmedia":[{"embeddable":true,"href":"https:\/\/dev.sbro.ro\/wp-json\/wp\/v2\/media\/9685"}],"wp:attachment":[{"href":"https:\/\/dev.sbro.ro\/wp-json\/wp\/v2\/media?parent=4272"}],"wp:term":[{"taxonomy":"product_brand","embeddable":true,"href":"https:\/\/dev.sbro.ro\/wp-json\/wp\/v2\/product_brand?post=4272"},{"taxonomy":"product_cat","embeddable":true,"href":"https:\/\/dev.sbro.ro\/wp-json\/wp\/v2\/product_cat?post=4272"},{"taxonomy":"product_tag","embeddable":true,"href":"https:\/\/dev.sbro.ro\/wp-json\/wp\/v2\/product_tag?post=4272"}],"curies":[{"name":"wp","href":"https:\/\/api.w.org\/{rel}","templated":true}]}}