{"id":4334,"date":"2026-04-21T09:09:45","date_gmt":"2026-04-21T09:09:45","guid":{"rendered":"https:\/\/dev.sbro.ro\/?product=viata-de-rugaciune"},"modified":"2026-04-21T09:09:45","modified_gmt":"2026-04-21T09:09:45","slug":"viata-de-rugaciune","status":"publish","type":"product","link":"https:\/\/dev.sbro.ro\/product\/viata-de-rugaciune\/","title":{"rendered":"Viata de rugaciune"},"content":{"rendered":"<p>&#8220;Se spun multe lucruri \u015fi se fac multe pl\u00e2ngeri legate de neputin\u0163a Bisericii de a-\u015fi \u00eemplini chemarea? Care este motivul pentru care miile de lucr\u0103tori cre\u015ftini din lume nu au o influen\u0163\u0103 mai mare? Nici unul \u00een afar\u0103 de acesta &#8211; lipsa de rug\u0103ciune care caracterizeaz\u0103 lucrarea lor? Cauza lipsei unei vie\u0163i spirituale puternice nu e alta dec\u00e2t p\u0103catul lipsei de rug\u0103ciune.&#8221;<\/p>\n<p>CUPRINS:<\/p>\n<p>1. P\u0103catul lipsei de rug\u0103ciune \u015fi cauza Lui<\/p>\n<p>2. Lupta \u00eempotriva lipsei de rug\u0103ciune<\/p>\n<p>3. Cum s\u0103 fi izb\u0103vit de lipsa de rug\u0103ciune<\/p>\n<p>4. Binecuv\u00e2ntarea victoriei: via\u0163a din abunden\u0163\u0103<\/p>\n<p>5. Exemplul Domnului nostru<\/p>\n<p>6. Duhul Sf\u00e2nt \u015fi rug\u0103ciunea<\/p>\n<p>7. P\u0103catul fa\u0163\u0103 \u00een fa\u0163\u0103 cu sfin\u0163enia lui Dumnezeu<\/p>\n<p>8. Ascultarea. Via\u0163a de biruin\u0163\u0103<\/p>\n<p>9. Sfaturi pentru c\u0103m\u0103ru\u0163a ascuns\u0103. Timpul<\/p>\n<p>10. Exemplul lui Pavel<\/p>\n<p>11. Cuv\u00e2ntul \u015fi rug\u0103ciunea. Predica \u015fi rug\u0103ciunea<\/p>\n<p>12. &#8220;Vino dup\u00e3 Mine&#8221;<\/p>\n<p>13. George Muller. Hudson Taylor<\/p>\n<p>14. Duhul Crucii \u00een Domnul nostru<\/p>\n<p>15. S\u0103 ne lu\u0103m crucea<\/p>\n<p>16. Duhul Sf\u00e2nt \u015fi Crucea<\/p>\n<p>17. O m\u0103rturie \u015fi un epilog<\/p>\n","protected":false},"excerpt":{"rendered":"<p>&#8220;Se spun multe lucruri \u015fi se fac multe pl\u00e2ngeri legate de neputin\u0163a Bisericii de a-\u015fi \u00eemplini chemarea? Care este motivul pentru care miile de lucr\u0103tori cre\u015ftini din lume nu au o influen\u0163\u0103 mai mare? Nici unul \u00een afar\u0103 de acesta &#8211; lipsa de rug\u0103ciune care caracterizeaz\u0103 lucrarea lor? Cauza lipsei unei vie\u0163i spirituale puternice nu [&hellip;]<\/p>\n","protected":false},"featured_media":9745,"comment_status":"open","ping_status":"closed","template":"","meta":[],"product_brand":[],"product_cat":[18],"product_tag":[],"class_list":{"0":"post-4334","1":"product","2":"type-product","3":"status-publish","4":"has-post-thumbnail","6":"product_cat-viata-crestina","8":"first","9":"instock","10":"shipping-taxable","11":"purchasable","12":"product-type-simple"},"_links":{"self":[{"href":"https:\/\/dev.sbro.ro\/wp-json\/wp\/v2\/product\/4334","targetHints":{"allow":["GET"]}}],"collection":[{"href":"https:\/\/dev.sbro.ro\/wp-json\/wp\/v2\/product"}],"about":[{"href":"https:\/\/dev.sbro.ro\/wp-json\/wp\/v2\/types\/product"}],"replies":[{"embeddable":true,"href":"https:\/\/dev.sbro.ro\/wp-json\/wp\/v2\/comments?post=4334"}],"wp:featuredmedia":[{"embeddable":true,"href":"https:\/\/dev.sbro.ro\/wp-json\/wp\/v2\/media\/9745"}],"wp:attachment":[{"href":"https:\/\/dev.sbro.ro\/wp-json\/wp\/v2\/media?parent=4334"}],"wp:term":[{"taxonomy":"product_brand","embeddable":true,"href":"https:\/\/dev.sbro.ro\/wp-json\/wp\/v2\/product_brand?post=4334"},{"taxonomy":"product_cat","embeddable":true,"href":"https:\/\/dev.sbro.ro\/wp-json\/wp\/v2\/product_cat?post=4334"},{"taxonomy":"product_tag","embeddable":true,"href":"https:\/\/dev.sbro.ro\/wp-json\/wp\/v2\/product_tag?post=4334"}],"curies":[{"name":"wp","href":"https:\/\/api.w.org\/{rel}","templated":true}]}}