{"id":4383,"date":"2026-04-21T09:09:50","date_gmt":"2026-04-21T09:09:50","guid":{"rendered":"https:\/\/dev.sbro.ro\/?product=traind-dincolo-de-perdea"},"modified":"2026-04-21T09:09:50","modified_gmt":"2026-04-21T09:09:50","slug":"traind-dincolo-de-perdea","status":"publish","type":"product","link":"https:\/\/dev.sbro.ro\/?product=traind-dincolo-de-perdea","title":{"rendered":"Tr\u0103ind dincolo de Perdea"},"content":{"rendered":"<p>Dac\u0103 \u00een\u021belegi demnitatea pozi\u021biei tale din Locul Preasf\u00e2nt, cum s\u0103 te po\u021bi dep\u0103rta de acea demnitate afar\u0103, \u00een mijlocul oamenilor? Atmosfera \u0219i \u00eemprejur\u0103rile sunt dureros de diferite, dar tu nu trebuie s\u0103 fii diferit. Ceea ce e\u0219ti \u00een prezen\u021ba lui Dumnezeu trebuie s\u0103 fii \u0219i afar\u0103; \u00een mijlocul lucrurilor potrivnice din aceast\u0103 lume, tu trebuie s\u0103 corespunzi Locului Preasf\u00e2nt. Trebuie s\u0103 ar\u0103\u021bi aceea\u0219i frumuse\u021be divin\u0103 \u0219i \u00een \u00eemprejur\u0103ri antagonice.<\/p>\n","protected":false},"excerpt":{"rendered":"<p>Dac\u0103 \u00een\u021belegi demnitatea pozi\u021biei tale din Locul Preasf\u00e2nt, cum s\u0103 te po\u021bi dep\u0103rta de acea demnitate afar\u0103, \u00een mijlocul oamenilor? Atmosfera \u0219i \u00eemprejur\u0103rile sunt dureros de diferite, dar tu nu trebuie s\u0103 fii diferit. Ceea ce e\u0219ti \u00een prezen\u021ba lui Dumnezeu trebuie s\u0103 fii \u0219i afar\u0103; \u00een mijlocul lucrurilor potrivnice din aceast\u0103 lume, tu trebuie [&hellip;]<\/p>\n","protected":false},"featured_media":9793,"comment_status":"open","ping_status":"closed","template":"","meta":[],"product_brand":[],"product_cat":[18],"product_tag":[],"class_list":{"0":"post-4383","1":"product","2":"type-product","3":"status-publish","4":"has-post-thumbnail","6":"product_cat-viata-crestina","8":"first","9":"instock","10":"shipping-taxable","11":"purchasable","12":"product-type-simple"},"_links":{"self":[{"href":"https:\/\/dev.sbro.ro\/index.php?rest_route=\/wp\/v2\/product\/4383","targetHints":{"allow":["GET"]}}],"collection":[{"href":"https:\/\/dev.sbro.ro\/index.php?rest_route=\/wp\/v2\/product"}],"about":[{"href":"https:\/\/dev.sbro.ro\/index.php?rest_route=\/wp\/v2\/types\/product"}],"replies":[{"embeddable":true,"href":"https:\/\/dev.sbro.ro\/index.php?rest_route=%2Fwp%2Fv2%2Fcomments&post=4383"}],"wp:featuredmedia":[{"embeddable":true,"href":"https:\/\/dev.sbro.ro\/index.php?rest_route=\/wp\/v2\/media\/9793"}],"wp:attachment":[{"href":"https:\/\/dev.sbro.ro\/index.php?rest_route=%2Fwp%2Fv2%2Fmedia&parent=4383"}],"wp:term":[{"taxonomy":"product_brand","embeddable":true,"href":"https:\/\/dev.sbro.ro\/index.php?rest_route=%2Fwp%2Fv2%2Fproduct_brand&post=4383"},{"taxonomy":"product_cat","embeddable":true,"href":"https:\/\/dev.sbro.ro\/index.php?rest_route=%2Fwp%2Fv2%2Fproduct_cat&post=4383"},{"taxonomy":"product_tag","embeddable":true,"href":"https:\/\/dev.sbro.ro\/index.php?rest_route=%2Fwp%2Fv2%2Fproduct_tag&post=4383"}],"curies":[{"name":"wp","href":"https:\/\/api.w.org\/{rel}","templated":true}]}}