{"id":4389,"date":"2026-04-21T09:09:52","date_gmt":"2026-04-21T09:09:52","guid":{"rendered":"https:\/\/dev.sbro.ro\/?product=viata-predata-lui-dumnezeu"},"modified":"2026-04-21T09:09:52","modified_gmt":"2026-04-21T09:09:52","slug":"viata-predata-lui-dumnezeu","status":"publish","type":"product","link":"https:\/\/dev.sbro.ro\/?product=viata-predata-lui-dumnezeu","title":{"rendered":"Viata predata lui Dumnezeu"},"content":{"rendered":"<p>Cum poate Duhul lui Dumnezeu s\u0103 conduc\u0103, s\u0103 cure\u021be, s\u0103 transforme, s\u0103 umple \u0219i s\u0103 foloseasc\u0103 o via\u021b\u0103 dac\u0103 aceasta nu este predat\u0103 Lui? Ce poate s\u0103 fac\u0103 olarul cu lutul care nu se las\u0103 modelat? Dac\u0103 orice idol pe care El \u00eel d\u0103r\u00e2m\u0103 este depl\u00e2ns \u00een ascuns, dac\u0103 orice atingere a disciplin\u0103rii Lui este condamnat\u0103, dac\u0103 oric\u0103rui scop mai m\u0103re\u021b i se \u00eempotrive\u0219te o voin\u021b\u0103 ostil\u0103, cum s\u0103 poat\u0103 El modela, transforma \u0219i binecuv\u00e2nta? Cu siguran\u021b\u0103 corabia pe care nu o conduce Dumnezeu este destinat\u0103 naufragiului; cu siguran\u021b\u0103 harfa pe care nu o acordeaz\u0103 Dumnezeu va fi mereu un z\u0103ng\u0103nit de note discordante pentru urechea Lui. Dac\u0103 vrem s\u0103 vedem readuse la starea lor de perfec\u021biune anumite lucruri, atunci trebuie s\u0103 ducem ceasul la fabricantul de ceasuri, piatra pre\u021bioas\u0103 cu montura rupt\u0103, la bijutier, iar cu m\u00e2na sau piciorul rupt trebuie s\u0103 mergem la chirurg. Oare fa\u021b\u0103 de Dumnezeu putem face mai pu\u021bin \u00een ceea ce prive\u0219te comoara nepre\u021buit\u0103 a vie\u021bii, dac\u0103 vrem ca ea s\u0103-\u0219i \u00eemplineasc\u0103 cea mai m\u0103rea\u021b\u0103 aspira\u021bie? Din acest motiv, Cuv\u00e2ntul lui Dumnezeu ne cheam\u0103 \u00een repetate r\u00e2nduri s\u0103 ne d\u0103ruim, s\u0103 ne d\u0103ruim, s\u0103 ne D\u0102RUIM pe noi \u00een\u0219ine lui Dumnezeu (Romani 6:13, 16, 19) dac\u0103 vrem ca Duhul Sf\u00e2nt s\u0103 aib\u0103 control deplin \u00een vie\u021bile noastre. <\/p>\n","protected":false},"excerpt":{"rendered":"<p>Cum poate Duhul lui Dumnezeu s\u0103 conduc\u0103, s\u0103 cure\u021be, s\u0103 transforme, s\u0103 umple \u0219i s\u0103 foloseasc\u0103 o via\u021b\u0103 dac\u0103 aceasta nu este predat\u0103 Lui? Ce poate s\u0103 fac\u0103 olarul cu lutul care nu se las\u0103 modelat? Dac\u0103 orice idol pe care El \u00eel d\u0103r\u00e2m\u0103 este depl\u00e2ns \u00een ascuns, dac\u0103 orice atingere a disciplin\u0103rii Lui este [&hellip;]<\/p>\n","protected":false},"featured_media":9799,"comment_status":"open","ping_status":"closed","template":"","meta":[],"product_brand":[],"product_cat":[18],"product_tag":[],"class_list":{"0":"post-4389","1":"product","2":"type-product","3":"status-publish","4":"has-post-thumbnail","6":"product_cat-viata-crestina","8":"first","9":"instock","10":"shipping-taxable","11":"purchasable","12":"product-type-simple"},"_links":{"self":[{"href":"https:\/\/dev.sbro.ro\/index.php?rest_route=\/wp\/v2\/product\/4389","targetHints":{"allow":["GET"]}}],"collection":[{"href":"https:\/\/dev.sbro.ro\/index.php?rest_route=\/wp\/v2\/product"}],"about":[{"href":"https:\/\/dev.sbro.ro\/index.php?rest_route=\/wp\/v2\/types\/product"}],"replies":[{"embeddable":true,"href":"https:\/\/dev.sbro.ro\/index.php?rest_route=%2Fwp%2Fv2%2Fcomments&post=4389"}],"wp:featuredmedia":[{"embeddable":true,"href":"https:\/\/dev.sbro.ro\/index.php?rest_route=\/wp\/v2\/media\/9799"}],"wp:attachment":[{"href":"https:\/\/dev.sbro.ro\/index.php?rest_route=%2Fwp%2Fv2%2Fmedia&parent=4389"}],"wp:term":[{"taxonomy":"product_brand","embeddable":true,"href":"https:\/\/dev.sbro.ro\/index.php?rest_route=%2Fwp%2Fv2%2Fproduct_brand&post=4389"},{"taxonomy":"product_cat","embeddable":true,"href":"https:\/\/dev.sbro.ro\/index.php?rest_route=%2Fwp%2Fv2%2Fproduct_cat&post=4389"},{"taxonomy":"product_tag","embeddable":true,"href":"https:\/\/dev.sbro.ro\/index.php?rest_route=%2Fwp%2Fv2%2Fproduct_tag&post=4389"}],"curies":[{"name":"wp","href":"https:\/\/api.w.org\/{rel}","templated":true}]}}