{"id":4445,"date":"2026-04-21T09:09:59","date_gmt":"2026-04-21T09:09:59","guid":{"rendered":"https:\/\/dev.sbro.ro\/?product=te-iubesc-pe-nevazute"},"modified":"2026-04-21T09:09:59","modified_gmt":"2026-04-21T09:09:59","slug":"te-iubesc-pe-nevazute","status":"publish","type":"product","link":"https:\/\/dev.sbro.ro\/product\/te-iubesc-pe-nevazute\/","title":{"rendered":"Te iubesc pe nevazute"},"content":{"rendered":"<p>N\u0103scut\u0103 \u00een Bucovina, Alina Ilioi a \u00eenceput \u00eenc\u0103 adolescen\u021b\u0103 s\u0103 cocheteze cu scrisul. De aici \u0219i p\u00e2n\u0103 la a scrie c\u0103r\u021bi, a fost nevoie de c\u00e2\u021biva pa\u0219i, pe care i-a f\u0103cut cu emo\u021bie \u0219i curaj, av\u00e2nd toat\u0103 sus\u021binerea cititorilor de pe blogul ei.<\/p>\n<p>Cu o experien\u021b\u0103 de \u0219ase ani de televiziune \u00een spate \u0219i implicare \u00een diverse proiecte sociale, scriitoarea nu a stat pe g\u00e2nduri c\u00e2nd a fost nevoie s\u0103 se axeze doar pe scris. Prima ei carte \u201eA\u0219a vei \u0219ti c\u0103 l-ai \u00eent\u00e2lnit pe EL\u201d a fost doar \u00eenceputul a ceea ce urma s\u0103 fie: alte c\u0103r\u021bi scrise din suflet pentru suflet.<\/p>\n","protected":false},"excerpt":{"rendered":"<p>N\u0103scut\u0103 \u00een Bucovina, Alina Ilioi a \u00eenceput \u00eenc\u0103 adolescen\u021b\u0103 s\u0103 cocheteze cu scrisul. De aici \u0219i p\u00e2n\u0103 la a scrie c\u0103r\u021bi, a fost nevoie de c\u00e2\u021biva pa\u0219i, pe care i-a f\u0103cut cu emo\u021bie \u0219i curaj, av\u00e2nd toat\u0103 sus\u021binerea cititorilor de pe blogul ei. Cu o experien\u021b\u0103 de \u0219ase ani de televiziune \u00een spate \u0219i implicare [&hellip;]<\/p>\n","protected":false},"featured_media":9854,"comment_status":"open","ping_status":"closed","template":"","meta":[],"product_brand":[],"product_cat":[78],"product_tag":[],"class_list":{"0":"post-4445","1":"product","2":"type-product","3":"status-publish","4":"has-post-thumbnail","6":"product_cat-adolescenti","8":"first","9":"instock","10":"shipping-taxable","11":"purchasable","12":"product-type-simple"},"_links":{"self":[{"href":"https:\/\/dev.sbro.ro\/wp-json\/wp\/v2\/product\/4445","targetHints":{"allow":["GET"]}}],"collection":[{"href":"https:\/\/dev.sbro.ro\/wp-json\/wp\/v2\/product"}],"about":[{"href":"https:\/\/dev.sbro.ro\/wp-json\/wp\/v2\/types\/product"}],"replies":[{"embeddable":true,"href":"https:\/\/dev.sbro.ro\/wp-json\/wp\/v2\/comments?post=4445"}],"wp:featuredmedia":[{"embeddable":true,"href":"https:\/\/dev.sbro.ro\/wp-json\/wp\/v2\/media\/9854"}],"wp:attachment":[{"href":"https:\/\/dev.sbro.ro\/wp-json\/wp\/v2\/media?parent=4445"}],"wp:term":[{"taxonomy":"product_brand","embeddable":true,"href":"https:\/\/dev.sbro.ro\/wp-json\/wp\/v2\/product_brand?post=4445"},{"taxonomy":"product_cat","embeddable":true,"href":"https:\/\/dev.sbro.ro\/wp-json\/wp\/v2\/product_cat?post=4445"},{"taxonomy":"product_tag","embeddable":true,"href":"https:\/\/dev.sbro.ro\/wp-json\/wp\/v2\/product_tag?post=4445"}],"curies":[{"name":"wp","href":"https:\/\/api.w.org\/{rel}","templated":true}]}}