{"id":4455,"date":"2026-04-21T09:10:00","date_gmt":"2026-04-21T09:10:00","guid":{"rendered":"https:\/\/dev.sbro.ro\/?product=zece-baieti-care-si-au-pastrat-credinta"},"modified":"2026-04-21T09:10:00","modified_gmt":"2026-04-21T09:10:00","slug":"zece-baieti-care-si-au-pastrat-credinta","status":"publish","type":"product","link":"https:\/\/dev.sbro.ro\/product\/zece-baieti-care-si-au-pastrat-credinta\/","title":{"rendered":"Zece b\u0103ie\u021bi care \u0219i-au p\u0103strat credin\u021ba"},"content":{"rendered":"<p>Ace\u0219ti zece b\u0103ie\u021bi au crescut \u00een diverse perioade dificile din istorie, dar au ajuns ni\u0219te oameni care nu au renun\u021bat la credin\u021ba lor, \u00een ciuda ostilit\u0103\u021bilor. Nu le-a fost u\u0219or s\u0103-\u0219i tr\u0103iasc\u0103 via\u021ba de cre\u0219tini, \u00eens\u0103 fiecare dintre ei a ales c\u0103rarea cea str\u00e2mt\u0103 a credin\u021bei, nu calea u\u0219oar\u0103 a lumii. Tu ce ai face? Policarp, al c\u0103rui nume \u00eenseamn\u0103 \u201emult rod\u201d, a fost un ucenic al apostolului Ioan, a murit ars pe rug din pricina credin\u021bei sale. Sf\u00e2ntul Alban a fost primul martir din Anglia, care a refuzat \u00eenchinarea la idoli, spun\u00e2nd: \u201eEu \u00cel venerez \u0219i m\u0103 \u00eenchin singurului Dumnezeu Viu, care a creat toate lucrurile.\u201d Nate Saint \u0219i-au luat \u00een serios chemarea de a r\u0103sp\u00e2ndi mesajul Evangheliei, iar asta l-a costat via\u021ba. Dietrich Bonhoeffer nu a renun\u021bat la Cristos \u0219i principiile biblice, opun\u00e2ndu-se f\u0103\u021bi\u0219 doctrinei naziste, \u0219i a fost executat. Thomas Cranmer a pus Cuv\u00e2ntul lui Dumnezeu mai presus de orice, din care pricin\u0103 a fost persecutat \u0219i \u00een cele din urm\u0103 ucis. La fel \u0219i-a tr\u0103it credin\u021ba fiecare dintre ei, de aceea sunt demni s\u0103 fie numi\u021bi \u201eeroi ai credin\u021bei\u201d. \u00centr-o lume \u00een care oamenii cedeaz\u0103 cu mult\u0103 u\u0219urin\u021b\u0103, urmeaz\u0103 pilda celor care au rezistat p\u00e2n\u0103 la cap\u0103t!<\/p>\n","protected":false},"excerpt":{"rendered":"<p>Ace\u0219ti zece b\u0103ie\u021bi au crescut \u00een diverse perioade dificile din istorie, dar au ajuns ni\u0219te oameni care nu au renun\u021bat la credin\u021ba lor, \u00een ciuda ostilit\u0103\u021bilor. Nu le-a fost u\u0219or s\u0103-\u0219i tr\u0103iasc\u0103 via\u021ba de cre\u0219tini, \u00eens\u0103 fiecare dintre ei a ales c\u0103rarea cea str\u00e2mt\u0103 a credin\u021bei, nu calea u\u0219oar\u0103 a lumii. Tu ce ai face? [&hellip;]<\/p>\n","protected":false},"featured_media":9864,"comment_status":"open","ping_status":"closed","template":"","meta":[],"product_brand":[],"product_cat":[20,35,13],"product_tag":[],"class_list":{"0":"post-4455","1":"product","2":"type-product","3":"status-publish","4":"has-post-thumbnail","6":"product_cat-biografii-eseuri-marturii","7":"product_cat-copii","8":"product_cat-familie","10":"first","11":"instock","12":"shipping-taxable","13":"purchasable","14":"product-type-simple"},"_links":{"self":[{"href":"https:\/\/dev.sbro.ro\/wp-json\/wp\/v2\/product\/4455","targetHints":{"allow":["GET"]}}],"collection":[{"href":"https:\/\/dev.sbro.ro\/wp-json\/wp\/v2\/product"}],"about":[{"href":"https:\/\/dev.sbro.ro\/wp-json\/wp\/v2\/types\/product"}],"replies":[{"embeddable":true,"href":"https:\/\/dev.sbro.ro\/wp-json\/wp\/v2\/comments?post=4455"}],"wp:featuredmedia":[{"embeddable":true,"href":"https:\/\/dev.sbro.ro\/wp-json\/wp\/v2\/media\/9864"}],"wp:attachment":[{"href":"https:\/\/dev.sbro.ro\/wp-json\/wp\/v2\/media?parent=4455"}],"wp:term":[{"taxonomy":"product_brand","embeddable":true,"href":"https:\/\/dev.sbro.ro\/wp-json\/wp\/v2\/product_brand?post=4455"},{"taxonomy":"product_cat","embeddable":true,"href":"https:\/\/dev.sbro.ro\/wp-json\/wp\/v2\/product_cat?post=4455"},{"taxonomy":"product_tag","embeddable":true,"href":"https:\/\/dev.sbro.ro\/wp-json\/wp\/v2\/product_tag?post=4455"}],"curies":[{"name":"wp","href":"https:\/\/api.w.org\/{rel}","templated":true}]}}