{"id":4485,"date":"2026-04-21T09:10:03","date_gmt":"2026-04-21T09:10:03","guid":{"rendered":"https:\/\/dev.sbro.ro\/?product=breloc-fiindca-atat-de-mult-a-iubit-dumnezeu-lumea"},"modified":"2026-04-21T09:10:03","modified_gmt":"2026-04-21T09:10:03","slug":"breloc-fiindca-atat-de-mult-a-iubit-dumnezeu-lumea","status":"publish","type":"product","link":"https:\/\/dev.sbro.ro\/?product=breloc-fiindca-atat-de-mult-a-iubit-dumnezeu-lumea","title":{"rendered":"Breloc &#8211; Fiindca atat de mult a iubit Dumnezeu lumea"},"content":{"rendered":"<p>Breloc metalic<\/p>\n<p>Inscrip\u021bionat fa\u021b\u0103-verso<\/p>\n<p>Text:Fiindc\u0103 at\u00e2t de mult a iubit Dumnezeu lumea, c\u0103 a dat pe Fiul S\u0103u. Ioan 3:16<\/p>\n<p>Dimensiuni: 8&#215;3.5 cm<\/p>\n","protected":false},"excerpt":{"rendered":"<p>Breloc metalic Inscrip\u021bionat fa\u021b\u0103-verso Text:Fiindc\u0103 at\u00e2t de mult a iubit Dumnezeu lumea, c\u0103 a dat pe Fiul S\u0103u. Ioan 3:16 Dimensiuni: 8&#215;3.5 cm<\/p>\n","protected":false},"featured_media":9894,"comment_status":"open","ping_status":"closed","template":"","meta":[],"product_brand":[],"product_cat":[93],"product_tag":[],"class_list":{"0":"post-4485","1":"product","2":"type-product","3":"status-publish","4":"has-post-thumbnail","6":"product_cat-brelocuri","8":"first","9":"outofstock","10":"shipping-taxable","11":"purchasable","12":"product-type-simple"},"_links":{"self":[{"href":"https:\/\/dev.sbro.ro\/index.php?rest_route=\/wp\/v2\/product\/4485","targetHints":{"allow":["GET"]}}],"collection":[{"href":"https:\/\/dev.sbro.ro\/index.php?rest_route=\/wp\/v2\/product"}],"about":[{"href":"https:\/\/dev.sbro.ro\/index.php?rest_route=\/wp\/v2\/types\/product"}],"replies":[{"embeddable":true,"href":"https:\/\/dev.sbro.ro\/index.php?rest_route=%2Fwp%2Fv2%2Fcomments&post=4485"}],"wp:featuredmedia":[{"embeddable":true,"href":"https:\/\/dev.sbro.ro\/index.php?rest_route=\/wp\/v2\/media\/9894"}],"wp:attachment":[{"href":"https:\/\/dev.sbro.ro\/index.php?rest_route=%2Fwp%2Fv2%2Fmedia&parent=4485"}],"wp:term":[{"taxonomy":"product_brand","embeddable":true,"href":"https:\/\/dev.sbro.ro\/index.php?rest_route=%2Fwp%2Fv2%2Fproduct_brand&post=4485"},{"taxonomy":"product_cat","embeddable":true,"href":"https:\/\/dev.sbro.ro\/index.php?rest_route=%2Fwp%2Fv2%2Fproduct_cat&post=4485"},{"taxonomy":"product_tag","embeddable":true,"href":"https:\/\/dev.sbro.ro\/index.php?rest_route=%2Fwp%2Fv2%2Fproduct_tag&post=4485"}],"curies":[{"name":"wp","href":"https:\/\/api.w.org\/{rel}","templated":true}]}}