{"id":4490,"date":"2026-04-21T09:10:04","date_gmt":"2026-04-21T09:10:04","guid":{"rendered":"https:\/\/dev.sbro.ro\/?product=fara-limite-cum-sa-ti-atingi-potentialul-maxim"},"modified":"2026-04-21T09:10:04","modified_gmt":"2026-04-21T09:10:04","slug":"fara-limite-cum-sa-ti-atingi-potentialul-maxim","status":"publish","type":"product","link":"https:\/\/dev.sbro.ro\/product\/fara-limite-cum-sa-ti-atingi-potentialul-maxim\/","title":{"rendered":"Fara limite. Cum s\u0103-\u021bi atingi poten\u021bialul maxim"},"content":{"rendered":"<p>O lucrare de excep\u021bie, dedicat\u0103 nu numai liderilor, ci tuturor celor interesa\u021bi de evolu\u021bia personal\u0103.<\/p>\n<p>De cele mai multe ori, cuv\u00e2ntul capacitate ne trimite automat cu g\u00e2ndul la limitele fire\u0219ti pe care le avem fiecare dintre noi. Din nefericire, uneori ne ghid\u0103m \u00een func\u021bie de ele, nu de ceea ce este cu adev\u0103rat realizabil. Este posibil ca mul\u021bi dintre noi s\u0103 nu fi reu\u0219it p\u00e2n\u0103 acum s\u0103 ne atingem poten\u021bialul maxim doar pentru c\u0103 am permis ca tot ceea ce percepem ca fiind capacitatea personal\u0103 s\u0103 ne defineasc\u0103. Ce-ar fi dac\u0103 limitele pe care credem c\u0103 le avem nu ar exista cu adev\u0103rat?<\/p>\n<p>\u00cen lucrarea de fa\u021b\u0103, John C. Maxwell identific\u0103 17 abilit\u0103\u021bi esen\u021biale. Pe unele dintre ele le avem deja, cum ar fi energia, creativitatea sau capacitatea de a conduce. Altele depind de propriile alegeri, de exemplu atitudinea, caracterul \u0219i ac\u021biunile \u00eentreprinse \u00een mod deliberat. Fiecare dintre ele sunt analizate pe parcursul c\u0103r\u021bii, astfel \u00eenc\u00e2t s\u0103 putem \u00eenv\u0103\u021ba cum s\u0103 ni le dezvolt\u0103m. Vom \u0219ti cum s\u0103 le identific\u0103m, cum s\u0103 evolu\u0103m \u0219i cum s\u0103 le aplic\u0103m \u00een via\u021ba de zi cu zi, iar odat\u0103 ce ne debloc\u0103m capacitatea, succesul nostru va cre\u0219te exponen\u021bial.<\/p>\n<p>John C. Maxwell, cel mai bine cotat autor de literatur\u0103 motiva\u021bional\u0103 conform topului New York Times, cu peste 26 de milioane de c\u0103r\u021bi v\u00e2ndute \u00een \u00eentreag\u0103 lume, este considerat cel mai bun lider din sfera de business de c\u0103tre Asocia\u021bia American\u0103 de Management \u0219i cel mai influent expert \u00een leadership din anul 2014, conform revistei Business Insider. Companiile sale &#8211; The John Maxwell Company, The John Maxwell Team, EQUIP \u0219i John Maxwell Leadership Foundation &#8211; au instruit de-a lungul timpului peste 5 milioane de lideri. Discursurile \u0219i conferin\u021bele pe care le organizeaz\u0103 sunt ascultate de angaja\u021bii corpora\u021biilor din topul Fortune 500, de pre\u0219edin\u021bi de stat sau de lideri de business de top.<\/p>\n","protected":false},"excerpt":{"rendered":"<p>O lucrare de excep\u021bie, dedicat\u0103 nu numai liderilor, ci tuturor celor interesa\u021bi de evolu\u021bia personal\u0103. De cele mai multe ori, cuv\u00e2ntul capacitate ne trimite automat cu g\u00e2ndul la limitele fire\u0219ti pe care le avem fiecare dintre noi. Din nefericire, uneori ne ghid\u0103m \u00een func\u021bie de ele, nu de ceea ce este cu adev\u0103rat realizabil. Este [&hellip;]<\/p>\n","protected":false},"featured_media":9899,"comment_status":"open","ping_status":"closed","template":"","meta":[],"product_brand":[],"product_cat":[45],"product_tag":[],"class_list":{"0":"post-4490","1":"product","2":"type-product","3":"status-publish","4":"has-post-thumbnail","6":"product_cat-null","8":"first","9":"instock","10":"shipping-taxable","11":"purchasable","12":"product-type-simple"},"_links":{"self":[{"href":"https:\/\/dev.sbro.ro\/wp-json\/wp\/v2\/product\/4490","targetHints":{"allow":["GET"]}}],"collection":[{"href":"https:\/\/dev.sbro.ro\/wp-json\/wp\/v2\/product"}],"about":[{"href":"https:\/\/dev.sbro.ro\/wp-json\/wp\/v2\/types\/product"}],"replies":[{"embeddable":true,"href":"https:\/\/dev.sbro.ro\/wp-json\/wp\/v2\/comments?post=4490"}],"wp:featuredmedia":[{"embeddable":true,"href":"https:\/\/dev.sbro.ro\/wp-json\/wp\/v2\/media\/9899"}],"wp:attachment":[{"href":"https:\/\/dev.sbro.ro\/wp-json\/wp\/v2\/media?parent=4490"}],"wp:term":[{"taxonomy":"product_brand","embeddable":true,"href":"https:\/\/dev.sbro.ro\/wp-json\/wp\/v2\/product_brand?post=4490"},{"taxonomy":"product_cat","embeddable":true,"href":"https:\/\/dev.sbro.ro\/wp-json\/wp\/v2\/product_cat?post=4490"},{"taxonomy":"product_tag","embeddable":true,"href":"https:\/\/dev.sbro.ro\/wp-json\/wp\/v2\/product_tag?post=4490"}],"curies":[{"name":"wp","href":"https:\/\/api.w.org\/{rel}","templated":true}]}}