{"id":4584,"date":"2026-04-21T09:10:15","date_gmt":"2026-04-21T09:10:15","guid":{"rendered":"https:\/\/dev.sbro.ro\/?product=povestiri-personaje-biblice-si-virtuti"},"modified":"2026-04-21T09:10:15","modified_gmt":"2026-04-21T09:10:15","slug":"povestiri-personaje-biblice-si-virtuti","status":"publish","type":"product","link":"https:\/\/dev.sbro.ro\/product\/povestiri-personaje-biblice-si-virtuti\/","title":{"rendered":"Povestiri personaje Biblice \u0219i virtu\u021bi"},"content":{"rendered":"<p>Cartea, Povestiri \u2013 personaje biblice \u0219i virtu\u021bi con\u021bine istoriile a dou\u0103zeci \u0219i patru de personaje din vremea Bibliei, de la A la Z \u0219i tot at\u00e2tea tr\u0103s\u0103turi de caracter. Istoriile acestor oameni, \u00eel vor ajuta pe copil s\u0103 \u00een\u021beleag\u0103 c\u0103 este important s\u0103 fii un om de caracter. Ave\u021bi ocazia s\u0103 discuta\u021bi despre avantajele unui caracter frumos, c\u00e2t \u0219i despre dezavantajele \u0219i pierderile urmate de lipsa acestuia. Succesul personajelor \u00eent\u00e2lnite pot fi un model pentru copil, spre a-l motiva s\u0103 fie cea mai bun\u0103 variant\u0103 a lui. Povestirile sunt aferente ALFABETULUI de PERETE.<\/p>\n","protected":false},"excerpt":{"rendered":"<p>Cartea, Povestiri \u2013 personaje biblice \u0219i virtu\u021bi con\u021bine istoriile a dou\u0103zeci \u0219i patru de personaje din vremea Bibliei, de la A la Z \u0219i tot at\u00e2tea tr\u0103s\u0103turi de caracter. Istoriile acestor oameni, \u00eel vor ajuta pe copil s\u0103 \u00een\u021beleag\u0103 c\u0103 este important s\u0103 fii un om de caracter. Ave\u021bi ocazia s\u0103 discuta\u021bi despre avantajele unui [&hellip;]<\/p>\n","protected":false},"featured_media":9990,"comment_status":"open","ping_status":"closed","template":"","meta":[],"product_brand":[],"product_cat":[98],"product_tag":[],"class_list":{"0":"post-4584","1":"product","2":"type-product","3":"status-publish","4":"has-post-thumbnail","6":"product_cat-jocuri","8":"first","9":"instock","10":"shipping-taxable","11":"purchasable","12":"product-type-simple"},"_links":{"self":[{"href":"https:\/\/dev.sbro.ro\/wp-json\/wp\/v2\/product\/4584","targetHints":{"allow":["GET"]}}],"collection":[{"href":"https:\/\/dev.sbro.ro\/wp-json\/wp\/v2\/product"}],"about":[{"href":"https:\/\/dev.sbro.ro\/wp-json\/wp\/v2\/types\/product"}],"replies":[{"embeddable":true,"href":"https:\/\/dev.sbro.ro\/wp-json\/wp\/v2\/comments?post=4584"}],"wp:featuredmedia":[{"embeddable":true,"href":"https:\/\/dev.sbro.ro\/wp-json\/wp\/v2\/media\/9990"}],"wp:attachment":[{"href":"https:\/\/dev.sbro.ro\/wp-json\/wp\/v2\/media?parent=4584"}],"wp:term":[{"taxonomy":"product_brand","embeddable":true,"href":"https:\/\/dev.sbro.ro\/wp-json\/wp\/v2\/product_brand?post=4584"},{"taxonomy":"product_cat","embeddable":true,"href":"https:\/\/dev.sbro.ro\/wp-json\/wp\/v2\/product_cat?post=4584"},{"taxonomy":"product_tag","embeddable":true,"href":"https:\/\/dev.sbro.ro\/wp-json\/wp\/v2\/product_tag?post=4584"}],"curies":[{"name":"wp","href":"https:\/\/api.w.org\/{rel}","templated":true}]}}