{"id":4587,"date":"2026-04-21T09:10:15","date_gmt":"2026-04-21T09:10:15","guid":{"rendered":"https:\/\/dev.sbro.ro\/?product=joc-cartile-imparatilor"},"modified":"2026-04-21T09:10:15","modified_gmt":"2026-04-21T09:10:15","slug":"joc-cartile-imparatilor","status":"publish","type":"product","link":"https:\/\/dev.sbro.ro\/?product=joc-cartile-imparatilor","title":{"rendered":"Joc &#8211; C\u0103r\u021bile \u00cemp\u0103ra\u021bilor"},"content":{"rendered":"<p>Jocul \u2013 C\u0103r\u021bile \u00cemp\u0103ra\u021bilor, este un extraordinar mijloc de \u00eenv\u0103\u021bare a istoriei \u00eemp\u0103ra\u021bilor descris\u0103 \u00een C\u0103r\u021bile biblice 1 \u0219i 2 \u00cemp\u0103ra\u021bi, programa Concursului Na\u021bional, Talantul \u00een Nego\u021b 2019. Un joc captivant care uzeaz\u0103 de metode pedagogice, de \u00eenv\u0103\u021bare \u2013 memorare prin asociere \u0219i reprezentare cu trei nivele de dificultate. Con\u021bine desene reprezentative realizate cu mult profesionalism. Documentare detaliat\u0103 \u0219i sistematizat\u0103. Obiective: Dezvolt\u0103 \u0219i aprofundeaz\u0103 cuno\u0219tin\u021bele biblice \u0219i vocabularul juc\u0103torului. Antreneaz\u0103 aten\u021bia \u0219i memoria. Con\u021bine: 108 cartona\u0219e de joc, regulamentul jocului, cutie de carton. Dimensiune produs: 14 cm\/ 12 cm\/ 2,5 cm.<\/p>\n","protected":false},"excerpt":{"rendered":"<p>Jocul \u2013 C\u0103r\u021bile \u00cemp\u0103ra\u021bilor, este un extraordinar mijloc de \u00eenv\u0103\u021bare a istoriei \u00eemp\u0103ra\u021bilor descris\u0103 \u00een C\u0103r\u021bile biblice 1 \u0219i 2 \u00cemp\u0103ra\u021bi, programa Concursului Na\u021bional, Talantul \u00een Nego\u021b 2019. Un joc captivant care uzeaz\u0103 de metode pedagogice, de \u00eenv\u0103\u021bare \u2013 memorare prin asociere \u0219i reprezentare cu trei nivele de dificultate. Con\u021bine desene reprezentative realizate cu mult [&hellip;]<\/p>\n","protected":false},"featured_media":9993,"comment_status":"open","ping_status":"closed","template":"","meta":[],"product_brand":[],"product_cat":[98],"product_tag":[],"class_list":{"0":"post-4587","1":"product","2":"type-product","3":"status-publish","4":"has-post-thumbnail","6":"product_cat-jocuri","8":"first","9":"instock","10":"shipping-taxable","11":"purchasable","12":"product-type-simple"},"_links":{"self":[{"href":"https:\/\/dev.sbro.ro\/index.php?rest_route=\/wp\/v2\/product\/4587","targetHints":{"allow":["GET"]}}],"collection":[{"href":"https:\/\/dev.sbro.ro\/index.php?rest_route=\/wp\/v2\/product"}],"about":[{"href":"https:\/\/dev.sbro.ro\/index.php?rest_route=\/wp\/v2\/types\/product"}],"replies":[{"embeddable":true,"href":"https:\/\/dev.sbro.ro\/index.php?rest_route=%2Fwp%2Fv2%2Fcomments&post=4587"}],"wp:featuredmedia":[{"embeddable":true,"href":"https:\/\/dev.sbro.ro\/index.php?rest_route=\/wp\/v2\/media\/9993"}],"wp:attachment":[{"href":"https:\/\/dev.sbro.ro\/index.php?rest_route=%2Fwp%2Fv2%2Fmedia&parent=4587"}],"wp:term":[{"taxonomy":"product_brand","embeddable":true,"href":"https:\/\/dev.sbro.ro\/index.php?rest_route=%2Fwp%2Fv2%2Fproduct_brand&post=4587"},{"taxonomy":"product_cat","embeddable":true,"href":"https:\/\/dev.sbro.ro\/index.php?rest_route=%2Fwp%2Fv2%2Fproduct_cat&post=4587"},{"taxonomy":"product_tag","embeddable":true,"href":"https:\/\/dev.sbro.ro\/index.php?rest_route=%2Fwp%2Fv2%2Fproduct_tag&post=4587"}],"curies":[{"name":"wp","href":"https:\/\/api.w.org\/{rel}","templated":true}]}}