{"id":4588,"date":"2026-04-21T09:10:15","date_gmt":"2026-04-21T09:10:15","guid":{"rendered":"https:\/\/dev.sbro.ro\/?product=joc-cartile-si-autorii-bibliei"},"modified":"2026-04-21T09:10:15","modified_gmt":"2026-04-21T09:10:15","slug":"joc-cartile-si-autorii-bibliei","status":"publish","type":"product","link":"https:\/\/dev.sbro.ro\/?product=joc-cartile-si-autorii-bibliei","title":{"rendered":"Joc &#8211; C\u0103r\u021bile \u0219i autorii Bibliei"},"content":{"rendered":"<p>Vrei s\u0103 cuno\u0219ti no\u021biunile de baz\u0103, autorii \u0219i structura c\u0103r\u021bilor Bibliei? Jocul \u2013 C\u0103r\u021bile \u0219i autorii Bibliei, este o metod\u0103 a \u00eenv\u0103\u021barii prin joc. Simplu, practic \u0219i distractiv! Obiectivele jocului: Dezvolt\u0103 aten\u021bia, perspicacitatea \u0219i spiritul de echip\u0103. Antreneaz\u0103 memoria \u0219i aten\u021bia. \u00cembog\u0103\u021be\u0219te vocabularul \u0219i cuno\u0219tin\u021bele juc\u0103torului. Timp petrecut \u00eempreun\u0103 cu familia, colegii, prietenii, etc Cu jocul, C\u0102R\u021aILE \u0219i autorii BIBLIEI , \u00eenve\u021bi c\u0103r\u021bile Bibliei \u0219i despre c\u0103r\u021bile Bibliei. Con\u021bine: 66 cartona\u0219e cu c\u0103r\u021bile Bibliei, 3 cartona\u0219e cu instruc\u021biuni, 2 cartona\u0219e cu cronologia c\u0103r\u021bilor Vechiului \u0219i Noului Testament, 1 cartona\u0219 Atu, un s\u0103cule\u021b textil, personalizat. Dimensiuni: L- 14cm, l \u2013 10 cm. Cum m\u0103 ajut\u0103 acest joc? C\u0103r\u021bile Vechiului Testament, sunt indicate printr-un fundal distinctiv fa\u021b\u0103 de c\u0103r\u021bile Noului Testament. Astfel vei \u00eenv\u0103\u021ba pe neg\u00e2ndite locul unei c\u0103r\u021bi biblice, vizual. Fiecare set este reprezentat prin imagini sugestive \u0219i un simbol. Toate cele 66 de c\u0103r\u021bi sunt \u00eemp\u0103r\u021bite \u00een 15 seturi, pe categorii de referin\u021b\u0103 ex: Legea : Geneza, Exod, Levitic, Numeri \u0219i Deuteronom. Istorie pre-exil: Iosua, Judec\u0103tori, Rut, 1Samuel \u0219i 2Samuel. Istoria regilor: 1\u00cemp\u0103ra\u021bi, 2\u00cemp\u0103ra\u021bi, 1Cronici \u0219i 2Cronici. Istorie post-exil: Ezra, Neemia \u0219i Estera. Astfel, vei \u00eenv\u0103\u021ba structurat, c\u0103rei categorii se asociaz\u0103 fiecare carte biblic\u0103. Se adreseaz\u0103 copiilor cu v\u00e2rste + 7 ani, prinde bine \u00eens\u0103 \u0219i adul\u021bilor \u2013 o ocazie nimerit\u0103 de a duce \u00eempreun\u0103 copiii cu p\u0103rin\u021bi, bunici, etc. Trei nivele de dificultate, timp 5-40 minute.<\/p>\n","protected":false},"excerpt":{"rendered":"<p>Vrei s\u0103 cuno\u0219ti no\u021biunile de baz\u0103, autorii \u0219i structura c\u0103r\u021bilor Bibliei? Jocul \u2013 C\u0103r\u021bile \u0219i autorii Bibliei, este o metod\u0103 a \u00eenv\u0103\u021barii prin joc. Simplu, practic \u0219i distractiv! Obiectivele jocului: Dezvolt\u0103 aten\u021bia, perspicacitatea \u0219i spiritul de echip\u0103. Antreneaz\u0103 memoria \u0219i aten\u021bia. \u00cembog\u0103\u021be\u0219te vocabularul \u0219i cuno\u0219tin\u021bele juc\u0103torului. Timp petrecut \u00eempreun\u0103 cu familia, colegii, prietenii, etc Cu [&hellip;]<\/p>\n","protected":false},"featured_media":9994,"comment_status":"open","ping_status":"closed","template":"","meta":[],"product_brand":[],"product_cat":[98],"product_tag":[],"class_list":{"0":"post-4588","1":"product","2":"type-product","3":"status-publish","4":"has-post-thumbnail","6":"product_cat-jocuri","8":"first","9":"instock","10":"shipping-taxable","11":"purchasable","12":"product-type-simple"},"_links":{"self":[{"href":"https:\/\/dev.sbro.ro\/index.php?rest_route=\/wp\/v2\/product\/4588","targetHints":{"allow":["GET"]}}],"collection":[{"href":"https:\/\/dev.sbro.ro\/index.php?rest_route=\/wp\/v2\/product"}],"about":[{"href":"https:\/\/dev.sbro.ro\/index.php?rest_route=\/wp\/v2\/types\/product"}],"replies":[{"embeddable":true,"href":"https:\/\/dev.sbro.ro\/index.php?rest_route=%2Fwp%2Fv2%2Fcomments&post=4588"}],"wp:featuredmedia":[{"embeddable":true,"href":"https:\/\/dev.sbro.ro\/index.php?rest_route=\/wp\/v2\/media\/9994"}],"wp:attachment":[{"href":"https:\/\/dev.sbro.ro\/index.php?rest_route=%2Fwp%2Fv2%2Fmedia&parent=4588"}],"wp:term":[{"taxonomy":"product_brand","embeddable":true,"href":"https:\/\/dev.sbro.ro\/index.php?rest_route=%2Fwp%2Fv2%2Fproduct_brand&post=4588"},{"taxonomy":"product_cat","embeddable":true,"href":"https:\/\/dev.sbro.ro\/index.php?rest_route=%2Fwp%2Fv2%2Fproduct_cat&post=4588"},{"taxonomy":"product_tag","embeddable":true,"href":"https:\/\/dev.sbro.ro\/index.php?rest_route=%2Fwp%2Fv2%2Fproduct_tag&post=4588"}],"curies":[{"name":"wp","href":"https:\/\/api.w.org\/{rel}","templated":true}]}}