{"id":4592,"date":"2026-04-21T09:10:16","date_gmt":"2026-04-21T09:10:16","guid":{"rendered":"https:\/\/dev.sbro.ro\/?product=joc-legea-imparateasca"},"modified":"2026-04-21T09:10:16","modified_gmt":"2026-04-21T09:10:16","slug":"joc-legea-imparateasca","status":"publish","type":"product","link":"https:\/\/dev.sbro.ro\/?product=joc-legea-imparateasca","title":{"rendered":"Joc &#8211; Legea \u00cemp\u0103r\u0103teasc\u0103"},"content":{"rendered":"<p>\u00cenva\u021b\u0103 Cele 10 Porunci prin joc. Poruncile sunt vizualizate \u0219i scrise pe \u00een\u021belesul celor mici. Con\u021bine: 1 plac\u0103 de joc cu traseu, 41 c\u0103r\u021bi de joc, 5 buline numerotate de la 1-5, 1 piatr\u0103\/pion. Dimensiuni cutie: L- 17,5 cm, l \u2013 15 cm, \u00ce \u2013 4,5 cm Dac\u0103 \u00eemplini\u0163i Legea \u00eemp\u0103r\u0103teasc\u0103, potrivit scripturii: \u201cS\u0103 iube\u015fti pe aproapele t\u0103u ca pe tine \u00eensu\u0163i\u201d, bine face\u0163i. Iacov 2:8. Domnul Isus a zis: \u201eS\u0103 iube\u015fti pe Domnul, Dumnezeul t\u0103u, cu toat\u0103 inima ta, cu tot sufletul t\u0103u, \u015fi cu tot cugetul t\u0103u.\u201d \u015fi \u201eS\u0103 iube\u015fti pe aproapele t\u0103u ca pe tine \u00eensu\u0163i.\u201d \u201c\u00cen aceste dou\u0103 porunci se cuprinde toat\u0103 Legea \u015fi Prorocii.\u201d Matei 22:37-40 Obiectivele jocului: \u00cenv\u0103\u021barea celor 10 porunci, faptul c\u0103 ele reglementeaz\u0103 rela\u021bia dintre om- Dumnezeu \u0219i rela\u021biile dintre oameni. C\u00e2nd iube\u015fti pe Domnul Dumnezeu \u015fi pe oameni, \u00eempline\u015fti toate cele 10 porunci.<\/p>\n","protected":false},"excerpt":{"rendered":"<p>\u00cenva\u021b\u0103 Cele 10 Porunci prin joc. Poruncile sunt vizualizate \u0219i scrise pe \u00een\u021belesul celor mici. Con\u021bine: 1 plac\u0103 de joc cu traseu, 41 c\u0103r\u021bi de joc, 5 buline numerotate de la 1-5, 1 piatr\u0103\/pion. Dimensiuni cutie: L- 17,5 cm, l \u2013 15 cm, \u00ce \u2013 4,5 cm Dac\u0103 \u00eemplini\u0163i Legea \u00eemp\u0103r\u0103teasc\u0103, potrivit scripturii: \u201cS\u0103 iube\u015fti [&hellip;]<\/p>\n","protected":false},"featured_media":9998,"comment_status":"open","ping_status":"closed","template":"","meta":[],"product_brand":[],"product_cat":[98],"product_tag":[],"class_list":{"0":"post-4592","1":"product","2":"type-product","3":"status-publish","4":"has-post-thumbnail","6":"product_cat-jocuri","8":"first","9":"instock","10":"shipping-taxable","11":"purchasable","12":"product-type-simple"},"_links":{"self":[{"href":"https:\/\/dev.sbro.ro\/index.php?rest_route=\/wp\/v2\/product\/4592","targetHints":{"allow":["GET"]}}],"collection":[{"href":"https:\/\/dev.sbro.ro\/index.php?rest_route=\/wp\/v2\/product"}],"about":[{"href":"https:\/\/dev.sbro.ro\/index.php?rest_route=\/wp\/v2\/types\/product"}],"replies":[{"embeddable":true,"href":"https:\/\/dev.sbro.ro\/index.php?rest_route=%2Fwp%2Fv2%2Fcomments&post=4592"}],"wp:featuredmedia":[{"embeddable":true,"href":"https:\/\/dev.sbro.ro\/index.php?rest_route=\/wp\/v2\/media\/9998"}],"wp:attachment":[{"href":"https:\/\/dev.sbro.ro\/index.php?rest_route=%2Fwp%2Fv2%2Fmedia&parent=4592"}],"wp:term":[{"taxonomy":"product_brand","embeddable":true,"href":"https:\/\/dev.sbro.ro\/index.php?rest_route=%2Fwp%2Fv2%2Fproduct_brand&post=4592"},{"taxonomy":"product_cat","embeddable":true,"href":"https:\/\/dev.sbro.ro\/index.php?rest_route=%2Fwp%2Fv2%2Fproduct_cat&post=4592"},{"taxonomy":"product_tag","embeddable":true,"href":"https:\/\/dev.sbro.ro\/index.php?rest_route=%2Fwp%2Fv2%2Fproduct_tag&post=4592"}],"curies":[{"name":"wp","href":"https:\/\/api.w.org\/{rel}","templated":true}]}}