{"id":4597,"date":"2026-04-21T09:10:17","date_gmt":"2026-04-21T09:10:17","guid":{"rendered":"https:\/\/dev.sbro.ro\/?product=teologia-prima"},"modified":"2026-04-21T09:10:17","modified_gmt":"2026-04-21T09:10:17","slug":"teologia-prima","status":"publish","type":"product","link":"https:\/\/dev.sbro.ro\/product\/teologia-prima\/","title":{"rendered":"Teologia prima"},"content":{"rendered":"<p>O pledoarie \u00een sprijinul unei atitudini hermeneutice fa\u0163\u0103 de teologie \u015fi a unei atitudini teologice fa\u0163\u0103 de hermeneutic\u0103; lucrarea cuprinde o argumentare \u00een favoarea importan\u0163ei trat\u0103rii unitare a \u00eentreb\u0103rilor referitoare la Dumnezeu, la Scriptur\u0103 \u015fi la hermeneutic\u0103; aceast\u0103 problematic\u0103 este numit\u0103 de autor \u201eteologie prim\u0103\u201d.<\/p>\n<p>Pe parcursul a treisprezece capitole, Kevin Vanhoozer exploreaz\u0103 diversele dimensiuni ale construirii teologiei prime, ar\u0103t\u00e2nd nu doar modul \u00een care putem vorbi despre Dumnezeu, ci \u0219i modul \u00een care putem \u00eencepe cu Cuv\u00e2ntul lui Dumnezeu \u0219i ac\u021biona pe baza acestui Cuv\u00e2nt. Un adev\u0103rat deschiz\u0103tor de drumuri, el contureaz\u0103 cu vigoare o solu\u021bie de abordare a reflec\u021biei teologice care integreaz\u0103 studiile biblice pentru a forma un tot unitar \u0219i astfel analizeaz\u0103 provoc\u0103rile ridicate de a\u0219a-numitul postmodernism contemporan, \u00een special de deconstructivism. Cercetarea efectuat\u0103 de Vanhoozer nu doar c\u0103 pune \u00een lumin\u0103 o interpretare biblic\u0103 \u00een centrul c\u0103reia se afl\u0103 Dumnezeu, ci se focalizeaz\u0103 pe identitatea triun\u0103 a unui Dumnezeu care este comunicativ, iubitor \u0219i suveran. Cartea de fa\u021b\u0103 se adreseaz\u0103 studen\u021bilor, pastorilor \u0219i profesorilor interesa\u021bi de \u00een\u021belegerea caracterului lui Dumnezeu, de natura Scripturii, teologia cre\u0219tin\u0103, modul de abordare a problemelor hermeneutice \u0219i de modul \u00een care toate acestea sunt necesarmente interconectate pentru a pune \u00een lumin\u0103 slava lui Dumnezeu.<\/p>\n<p>    Oper\u00e2nd \u00een baza premisei \u00abteologiei prime\u00bb \u2013 c\u0103 doctrina noastr\u0103 despre Dumnezeu nu poate fi divor\u021bat\u0103 de modul \u00een care \u00een\u021belegem Scripturile \u2013 Kevin Vanhoozer aduce laolalt\u0103 ceea ce modernismul \u0219i postmodernismul (ca s\u0103 nu mai vorbim, \u0219i de unii evanghelici) au desp\u0103r\u021bit: imagina\u021bia \u0219i critica istorico-textual\u0103, performan\u021ba comunica\u021bional\u0103 a lui Dumnezeu \u0219i r\u0103spunsul nostru misionar, Biblia care este Cuv\u00e2ntul lui Dumnezeu \u0219i Biblia care devine Cuv\u00e2ntul lui Dumnezeu. \u0218i face acest lucru interac\u021bion\u00e2nd cu mult\u0103 gra\u021bie cu un spectru larg de teologi, filosofi \u0219i teoreticieni ai comunic\u0103rii. Drept urmare, Kevin salveaz\u0103 Biblia de abord\u0103rile reduc\u021bioniste care diminueaz\u0103 actul m\u00e2ntuitor al vorbirii cu putere \u00eenf\u0103ptuit de un Domn viu \u0219i iubitor.<\/p>\n<p>    Dennis Okholm, profesor de teologie, catedra de Biblie \u0219i teologie, Wheaton College, USA<\/p>\n<p>    Pentru cei afla\u021bi \u00een c\u0103utarea unei prezent\u0103ri lucide, provocatoare \u0219i deosebit de atent g\u00e2ndite a teologiei \u00een ce are ea mai bun de oferit, cartea lui Vanhoozer este tocmai o asemenea lucrare. Ea constituie o lectur\u0103 obligatorie pentru to\u021bi cei care caut\u0103 semnifica\u021bie \u00een actualul peisaj teologic.<\/p>\n<p>    Grant Osborne, profesor de Noul Testament, Trinity Evangelical Divinity Shool, Trinity International University, USA<\/p>\n","protected":false},"excerpt":{"rendered":"<p>O pledoarie \u00een sprijinul unei atitudini hermeneutice fa\u0163\u0103 de teologie \u015fi a unei atitudini teologice fa\u0163\u0103 de hermeneutic\u0103; lucrarea cuprinde o argumentare \u00een favoarea importan\u0163ei trat\u0103rii unitare a \u00eentreb\u0103rilor referitoare la Dumnezeu, la Scriptur\u0103 \u015fi la hermeneutic\u0103; aceast\u0103 problematic\u0103 este numit\u0103 de autor \u201eteologie prim\u0103\u201d. Pe parcursul a treisprezece capitole, Kevin Vanhoozer exploreaz\u0103 diversele dimensiuni [&hellip;]<\/p>\n","protected":false},"featured_media":10003,"comment_status":"open","ping_status":"closed","template":"","meta":[],"product_brand":[],"product_cat":[9],"product_tag":[],"class_list":{"0":"post-4597","1":"product","2":"type-product","3":"status-publish","4":"has-post-thumbnail","6":"product_cat-teologie-biblica","8":"first","9":"outofstock","10":"shipping-taxable","11":"purchasable","12":"product-type-simple"},"_links":{"self":[{"href":"https:\/\/dev.sbro.ro\/wp-json\/wp\/v2\/product\/4597","targetHints":{"allow":["GET"]}}],"collection":[{"href":"https:\/\/dev.sbro.ro\/wp-json\/wp\/v2\/product"}],"about":[{"href":"https:\/\/dev.sbro.ro\/wp-json\/wp\/v2\/types\/product"}],"replies":[{"embeddable":true,"href":"https:\/\/dev.sbro.ro\/wp-json\/wp\/v2\/comments?post=4597"}],"wp:featuredmedia":[{"embeddable":true,"href":"https:\/\/dev.sbro.ro\/wp-json\/wp\/v2\/media\/10003"}],"wp:attachment":[{"href":"https:\/\/dev.sbro.ro\/wp-json\/wp\/v2\/media?parent=4597"}],"wp:term":[{"taxonomy":"product_brand","embeddable":true,"href":"https:\/\/dev.sbro.ro\/wp-json\/wp\/v2\/product_brand?post=4597"},{"taxonomy":"product_cat","embeddable":true,"href":"https:\/\/dev.sbro.ro\/wp-json\/wp\/v2\/product_cat?post=4597"},{"taxonomy":"product_tag","embeddable":true,"href":"https:\/\/dev.sbro.ro\/wp-json\/wp\/v2\/product_tag?post=4597"}],"curies":[{"name":"wp","href":"https:\/\/api.w.org\/{rel}","templated":true}]}}