{"id":4637,"date":"2026-04-21T09:10:22","date_gmt":"2026-04-21T09:10:22","guid":{"rendered":"https:\/\/dev.sbro.ro\/?product=ideologia-de-gen-ce-trebuie-sa-stie-crestinii"},"modified":"2026-04-21T09:10:22","modified_gmt":"2026-04-21T09:10:22","slug":"ideologia-de-gen-ce-trebuie-sa-stie-crestinii","status":"publish","type":"product","link":"https:\/\/dev.sbro.ro\/product\/ideologia-de-gen-ce-trebuie-sa-stie-crestinii\/","title":{"rendered":"Ideologia de gen: Ce trebuie s\u0103 \u0219tie cre\u0219tinii?"},"content":{"rendered":"<p>Sharon James a scris o carte deloc voluminoas\u0103, dar plin\u0103 de putere. \u00cen cuvinte relativ pu\u021bine, autoarea descrie peisajul contemporan al diverselor subiecte asociate controverselor pe tema genului \u0219i ofer\u0103 cititorului informa\u021bia de care are nevoie. Sharon \u00ee\u0219i propune \u0219i chiar reu\u0219e\u0219te s\u0103 explice probleme complexe \u00een cuvinte simple. Defini\u021biile binevenite, exemplele \u0219i recomand\u0103rile de lectur\u0103 suplimentar\u0103 se reg\u0103sesc din abunden\u021b\u0103. Iat\u0103 cuprinsul aestui volum: Mul\u021bumiri Introducere: Ceea se afl\u0103 \u00een spatele pove\u0219tilor cu \u201eVe\u0219ti Bune\u201d \u2013 \u0219i de ce conteaz\u0103 pentru tine 1. Revolu\u021bia sexual\u0103 global\u0103 2. \u201eChiar putem schimba sexul?\u201d \u0219i alte \u00eentreb\u0103ri frecvente 3. Ce este \u201eteoria genului\u201d? 4. Cum a ap\u0103rut \u201eTeoria Genului\u201d? 5. Parte b\u0103rb\u0103teasc\u0103 \u0219i parte femeiasc\u0103 \u2013 prin Crea\u021bie 6. \u201eTransgenderizarea\u201d copiilor 7. Cum trebuie s\u0103 reac\u021bion\u0103m? Un apel la respect Resurse suplimentare Cump\u0103r\u0103 cartea aceasta, cite\u0219te-o \u0219i nu uita s\u0103 d\u0103ruie\u0219ti prietenilor \u0219i familiei. De\u0219i num\u0103r\u0103 pu\u021bine pagini, cartea ne reaminte\u0219te c\u0103 Dumnezeu ne-a creat pentru a fi b\u0103rba\u021bi sau femei \u0219i c\u0103 lucrul acesta este foarte bun. Cartea aceasta se va dovedi un ajutor nepre\u021buit pentru p\u0103rin\u021bii cre\u0219tini afla\u021bi \u00een c\u0103utarea \u00een\u021belepciunii necesare travers\u0103rii cu succes a momentului transgender. Sharon James este autoare a mai multor c\u0103r\u021bi \u0219i a sus\u021binut prelegeri \u00een cadrul unor conferin\u021be din multe \u021b\u0103ri ale lumii. A studiat istoria la Universitatea din Cambridge \u0219i teologia la Seminarul Baptist din Toronto. Studiile doctorale \u0219i le-a finalizat la Universitatea \u021a\u0103rii Galilor. Sharon este c\u0103s\u0103torit\u0103 cu Bill, rectorul Seminarului Teologic din Londra, \u0219i lucreaz\u0103 pentru The Christian Institute.<\/p>\n","protected":false},"excerpt":{"rendered":"<p>Sharon James a scris o carte deloc voluminoas\u0103, dar plin\u0103 de putere. \u00cen cuvinte relativ pu\u021bine, autoarea descrie peisajul contemporan al diverselor subiecte asociate controverselor pe tema genului \u0219i ofer\u0103 cititorului informa\u021bia de care are nevoie. Sharon \u00ee\u0219i propune \u0219i chiar reu\u0219e\u0219te s\u0103 explice probleme complexe \u00een cuvinte simple. Defini\u021biile binevenite, exemplele \u0219i recomand\u0103rile de [&hellip;]<\/p>\n","protected":false},"featured_media":10043,"comment_status":"open","ping_status":"closed","template":"","meta":[],"product_brand":[],"product_cat":[53],"product_tag":[],"class_list":{"0":"post-4637","1":"product","2":"type-product","3":"status-publish","4":"has-post-thumbnail","6":"product_cat-etica","8":"first","9":"instock","10":"shipping-taxable","11":"purchasable","12":"product-type-simple"},"_links":{"self":[{"href":"https:\/\/dev.sbro.ro\/wp-json\/wp\/v2\/product\/4637","targetHints":{"allow":["GET"]}}],"collection":[{"href":"https:\/\/dev.sbro.ro\/wp-json\/wp\/v2\/product"}],"about":[{"href":"https:\/\/dev.sbro.ro\/wp-json\/wp\/v2\/types\/product"}],"replies":[{"embeddable":true,"href":"https:\/\/dev.sbro.ro\/wp-json\/wp\/v2\/comments?post=4637"}],"wp:featuredmedia":[{"embeddable":true,"href":"https:\/\/dev.sbro.ro\/wp-json\/wp\/v2\/media\/10043"}],"wp:attachment":[{"href":"https:\/\/dev.sbro.ro\/wp-json\/wp\/v2\/media?parent=4637"}],"wp:term":[{"taxonomy":"product_brand","embeddable":true,"href":"https:\/\/dev.sbro.ro\/wp-json\/wp\/v2\/product_brand?post=4637"},{"taxonomy":"product_cat","embeddable":true,"href":"https:\/\/dev.sbro.ro\/wp-json\/wp\/v2\/product_cat?post=4637"},{"taxonomy":"product_tag","embeddable":true,"href":"https:\/\/dev.sbro.ro\/wp-json\/wp\/v2\/product_tag?post=4637"}],"curies":[{"name":"wp","href":"https:\/\/api.w.org\/{rel}","templated":true}]}}