{"id":4644,"date":"2026-04-21T09:10:22","date_gmt":"2026-04-21T09:10:22","guid":{"rendered":"https:\/\/dev.sbro.ro\/?product=pastori-si-invatatori-chemarea-si-lucrarea-slujitorilor-lui-cristos"},"modified":"2026-04-21T09:10:22","modified_gmt":"2026-04-21T09:10:22","slug":"pastori-si-invatatori-chemarea-si-lucrarea-slujitorilor-lui-cristos","status":"publish","type":"product","link":"https:\/\/dev.sbro.ro\/?product=pastori-si-invatatori-chemarea-si-lucrarea-slujitorilor-lui-cristos","title":{"rendered":"Pastori si Invatatori &#8211; Chemarea si lucrarea slujitorilor lui Cristos"},"content":{"rendered":"<p>Lucrarea p\u0103storilor nu este doar o simpl\u0103 slujb\u0103, ci o voca\u021bie!<\/p>\n<p>Responsabilit\u0103\u021bile p\u0103storilor sunt unice. Printre acestea se num\u0103r\u0103 sarcina de a-\u0219i hr\u0103ni nu doar propria via\u021b\u0103 de credin\u021b\u0103, ci \u0219i pe aceea a sufletelor care le-au fost \u00eencredin\u021bate. Ce chemare deosebit\u0103 este aceasta!<\/p>\n<p>Derek Prime ne ofer\u0103 \u00eendrumare \u00een ceea ce prive\u0219te aspectele spirituale \u0219i practice ale lucr\u0103rii de p\u0103stor. Acesta \u00ee\u0219i concentreaz\u0103 studiile am\u0103nun\u021bite asupra unor subiecte precum rug\u0103ciunea, obiceiurile necesare pentru devo\u021biunea personal\u0103, predicarea, studiul \u0219i alte responsabilit\u0103\u021bi specifice slujbei de p\u0103stor. Rezultatul muncii depuse este cuprins \u00een acest instrument, esen\u021bial pentru to\u021bi cei afla\u021bi \u00een slujirea pastoral\u0103.<\/p>\n<p>Derek Prime a fost p\u0103stor timp de 30 de ani \u00een Edinburgh \u0219i a ocupat func\u021bia de pre\u0219edinte al organiza\u021biei Fellowship of Independent Evangelical Churches. \u00cen prezent este scriitor \u0219i predicator itinerant. Printre multele c\u0103r\u021bi scrise se num\u0103r\u0103 \u0219i cele din seria Sarah \u0219i Paul: Practical Prayer, Unspoken lessons about the unseen God, James \u0219i Let\u2019s Study 2 Corinthians.<\/p>\n","protected":false},"excerpt":{"rendered":"<p>Lucrarea p\u0103storilor nu este doar o simpl\u0103 slujb\u0103, ci o voca\u021bie! Responsabilit\u0103\u021bile p\u0103storilor sunt unice. Printre acestea se num\u0103r\u0103 sarcina de a-\u0219i hr\u0103ni nu doar propria via\u021b\u0103 de credin\u021b\u0103, ci \u0219i pe aceea a sufletelor care le-au fost \u00eencredin\u021bate. Ce chemare deosebit\u0103 este aceasta! Derek Prime ne ofer\u0103 \u00eendrumare \u00een ceea ce prive\u0219te aspectele spirituale [&hellip;]<\/p>\n","protected":false},"featured_media":10049,"comment_status":"open","ping_status":"closed","template":"","meta":[],"product_brand":[],"product_cat":[54],"product_tag":[],"class_list":{"0":"post-4644","1":"product","2":"type-product","3":"status-publish","4":"has-post-thumbnail","6":"product_cat-pastorale","8":"first","9":"instock","10":"shipping-taxable","11":"purchasable","12":"product-type-simple"},"_links":{"self":[{"href":"https:\/\/dev.sbro.ro\/index.php?rest_route=\/wp\/v2\/product\/4644","targetHints":{"allow":["GET"]}}],"collection":[{"href":"https:\/\/dev.sbro.ro\/index.php?rest_route=\/wp\/v2\/product"}],"about":[{"href":"https:\/\/dev.sbro.ro\/index.php?rest_route=\/wp\/v2\/types\/product"}],"replies":[{"embeddable":true,"href":"https:\/\/dev.sbro.ro\/index.php?rest_route=%2Fwp%2Fv2%2Fcomments&post=4644"}],"wp:featuredmedia":[{"embeddable":true,"href":"https:\/\/dev.sbro.ro\/index.php?rest_route=\/wp\/v2\/media\/10049"}],"wp:attachment":[{"href":"https:\/\/dev.sbro.ro\/index.php?rest_route=%2Fwp%2Fv2%2Fmedia&parent=4644"}],"wp:term":[{"taxonomy":"product_brand","embeddable":true,"href":"https:\/\/dev.sbro.ro\/index.php?rest_route=%2Fwp%2Fv2%2Fproduct_brand&post=4644"},{"taxonomy":"product_cat","embeddable":true,"href":"https:\/\/dev.sbro.ro\/index.php?rest_route=%2Fwp%2Fv2%2Fproduct_cat&post=4644"},{"taxonomy":"product_tag","embeddable":true,"href":"https:\/\/dev.sbro.ro\/index.php?rest_route=%2Fwp%2Fv2%2Fproduct_tag&post=4644"}],"curies":[{"name":"wp","href":"https:\/\/api.w.org\/{rel}","templated":true}]}}