{"id":4665,"date":"2026-04-21T09:10:25","date_gmt":"2026-04-21T09:10:25","guid":{"rendered":"https:\/\/dev.sbro.ro\/?product=joc-a-fost-odata-un-oras"},"modified":"2026-04-21T09:10:25","modified_gmt":"2026-04-21T09:10:25","slug":"joc-a-fost-odata-un-oras","status":"publish","type":"product","link":"https:\/\/dev.sbro.ro\/product\/joc-a-fost-odata-un-oras\/","title":{"rendered":"Joc &#8211; A fost odata un oras"},"content":{"rendered":"<p>Un joc interesant \u015fi antrenant pentru &#8211; \u00eent\u00e2lniri de tineret sau ale adolescen\u0163ilor &#8211; \u015fcoli biblice, tabere, grupe de studiu biblic \u00cen cutie ave\u0163i trei seturi de cartona\u015fe grupate astfel: &#8211; verde &#8211; mun\u0163i, ape \u015fi v\u0103i din Biblie &#8211; galben &#8211; animale \u015fi plante din Biblie &#8211; albastru &#8211; ora\u015fe din Biblie Pe spatele fiec\u0103rui cartona\u015f se afl\u0103 scris: &#8211; numele unui ora\u015f, munte, ap\u0103, vale, animal, plant\u0103 &#8211; referin\u0163a biblic\u0103 a textului unde se aminte\u015fte numele scris &#8211; \u015fase cuvinte interzise care au leg\u0103tur\u0103 cu numele scris Ideea jocului este simpl\u0103: un juc\u0103tor prime\u015fte un car-tona\u015f \u015fi \u00eentr-o perioad\u0103 limitat\u0103 de timp trebuie s\u0103 vorbeasc\u0103 echipei sale (care nu vede ce este scris pe cartona\u015f) despre numele scris, f\u0103r\u0103 a folosi vreunul din cele \u015fase cuvinte, astfel \u00eenc\u00e2t echipa s\u0103 poat\u0103 deduce acest nume. A fost odat\u0103 un ora\u015f se joac\u0103 pe echipe. Echipele trebuie s\u0103 fie alc\u0103tuite din minim trei juc\u0103tori. Se stabile\u015fte ordinea echipelor \u015fi ordinea juc\u0103torilor din fiecare echip\u0103. Pentru buna desf\u0103\u015furare a jocului mai este nevoie de o Biblie \u015fi de un ceas cu secundar sau un cronometru. Arbitrul \u0163ine gr\u0103mada de cartona\u015fe, \u015fi juc\u0103torul care este la r\u00e2nd vine al\u0103turi de arbitru, primind de la acesta un cartona\u015f, moment \u00een care se porne\u015fte cronometrul \u015fi se anun\u0163\u0103 cu voce tare START!. Juc\u0103torul cite\u015fte acest cartona\u015f \u00een g\u00e2nd, f\u0103r\u0103 s\u0103-l arate echipei sale \u015fi nici celorlal\u0163i juc\u0103tori \u015fi apoi \u00eencepe s\u0103 vorbeasc\u0103 \u00eencerc\u00e2nd s\u0103-i fac\u0103 pe coechipierii s\u0103i s\u0103 \u00een\u0163eleag\u0103 despre ce este vorba, f\u0103r\u0103 a folosi cuvintele interzise scrise pe cartona\u015f. \u00cen momentul \u00een care echipa sa a identificat corect numele de pe cartona\u015f, juc\u0103torul p\u0103streaz\u0103 cartona\u015ful \u015fi prime\u015fte altul de la arbitru, \u00eencep\u00e2nd s\u0103 prezinte noul nume. Arbitrul opre\u015fte cronometrul dup\u0103 dou\u0103 minute \u015fi spune cu voce tare STOP!, moment \u00een care juc\u0103torul se opre\u015fte din vorbit. Cartona\u015ful la care echipa nu a reu\u015fit s\u0103 r\u0103spund\u0103 r\u0103m\u00e2ne la arbitru, care spune care era r\u0103spunsul corect \u015fi are grij\u0103 ca acel cartona\u015f s\u0103 nu fie dat altei echipe. Juc\u0103torul trece la loc \u00een echipa sa \u015fi juc\u0103torul care este la r\u00e2nd din echipa urm\u0103toare vine al\u0103turi de arbitru. O rund\u0103 de joc dureaz\u0103 p\u00e2n\u0103 ce to\u0163i participan\u0163ii au ie\u015fit o dat\u0103 \u00een fa\u0163\u0103. Jocul poate continua \u00eenc\u0103 o rund\u0103 sau mai multe. La sf\u00e2r\u015fitul jocului fiecare echip\u0103 \u00ee\u015fi num\u0103r\u0103 cartona\u015fele. C\u00e2\u015ftig\u0103 echipa care are cele mai multe cartona\u015fe.<\/p>\n","protected":false},"excerpt":{"rendered":"<p>Un joc interesant \u015fi antrenant pentru &#8211; \u00eent\u00e2lniri de tineret sau ale adolescen\u0163ilor &#8211; \u015fcoli biblice, tabere, grupe de studiu biblic \u00cen cutie ave\u0163i trei seturi de cartona\u015fe grupate astfel: &#8211; verde &#8211; mun\u0163i, ape \u015fi v\u0103i din Biblie &#8211; galben &#8211; animale \u015fi plante din Biblie &#8211; albastru &#8211; ora\u015fe din Biblie Pe spatele [&hellip;]<\/p>\n","protected":false},"featured_media":10070,"comment_status":"open","ping_status":"closed","template":"","meta":[],"product_brand":[],"product_cat":[98],"product_tag":[],"class_list":{"0":"post-4665","1":"product","2":"type-product","3":"status-publish","4":"has-post-thumbnail","6":"product_cat-jocuri","8":"first","9":"instock","10":"shipping-taxable","11":"purchasable","12":"product-type-simple"},"_links":{"self":[{"href":"https:\/\/dev.sbro.ro\/wp-json\/wp\/v2\/product\/4665","targetHints":{"allow":["GET"]}}],"collection":[{"href":"https:\/\/dev.sbro.ro\/wp-json\/wp\/v2\/product"}],"about":[{"href":"https:\/\/dev.sbro.ro\/wp-json\/wp\/v2\/types\/product"}],"replies":[{"embeddable":true,"href":"https:\/\/dev.sbro.ro\/wp-json\/wp\/v2\/comments?post=4665"}],"wp:featuredmedia":[{"embeddable":true,"href":"https:\/\/dev.sbro.ro\/wp-json\/wp\/v2\/media\/10070"}],"wp:attachment":[{"href":"https:\/\/dev.sbro.ro\/wp-json\/wp\/v2\/media?parent=4665"}],"wp:term":[{"taxonomy":"product_brand","embeddable":true,"href":"https:\/\/dev.sbro.ro\/wp-json\/wp\/v2\/product_brand?post=4665"},{"taxonomy":"product_cat","embeddable":true,"href":"https:\/\/dev.sbro.ro\/wp-json\/wp\/v2\/product_cat?post=4665"},{"taxonomy":"product_tag","embeddable":true,"href":"https:\/\/dev.sbro.ro\/wp-json\/wp\/v2\/product_tag?post=4665"}],"curies":[{"name":"wp","href":"https:\/\/api.w.org\/{rel}","templated":true}]}}