{"id":4666,"date":"2026-04-21T09:10:25","date_gmt":"2026-04-21T09:10:25","guid":{"rendered":"https:\/\/dev.sbro.ro\/?product=joc-cand-a-venit-isus"},"modified":"2026-04-21T09:10:25","modified_gmt":"2026-04-21T09:10:25","slug":"joc-cand-a-venit-isus","status":"publish","type":"product","link":"https:\/\/dev.sbro.ro\/product\/joc-cand-a-venit-isus\/","title":{"rendered":"Joc &#8211; Cand a venit Isus"},"content":{"rendered":"<p>Intra\u0163i pas cu pas, al\u0103turi de Iosif si Maria, \u00een cea mai uimitoare aventur\u0103 a istoriei. Un plan stabilit din eternitate pentru salvarea oamenilor, a c\u0103rui etape s-au desf\u0103\u015furat cu precizie de-a lungul a mii de ani se afla acum in faza decisiva. Descopera-l si tu! Cutia con\u0163ine: &#8211; 128 de cartona\u015fe cu \u00eentreb\u0103ri din Biblie despre evenimentele ce au avut loc \u00een preajma Na\u015fterii Domnului Isus. Pe verso se afl\u0103: &#8211; \u00eentrebarea &#8211; r\u0103spunsul corect la \u00eentrebare &#8211; versetul sau frgamentele de versete din Biblie care con\u0163in r\u0103spunsul corect &#8211; patru puzzle-uri a c\u00e2te 24 de piese, ce formeaz\u0103 tot at\u00e2tea tablouri superbe care redau cele mai importante momente ale acestor zile. &#8211; patru cartona\u015fe cu miniaturi ale acestor tablouri &#8211; modele pentru reconstituirea tablourilor-puzzle &#8211; patru pioni colora\u0163i (piese de joc colorate) &#8211; tabla de joc &#8211; instruc\u0163iuni de joc Cu aceste componente se pot juca dou\u0103 jocuri: Primul pune la incercare agerimea ochiului: refaceti din piese de puzzle, patru picturi superbe. Piesele de puzzle le adunati raspunzind pe r\u00e2nd la c\u00e2te una din cele 128 de intrebari (grupate pe patru nivele de dificultate) din relatarile Bibliei despre Nasterea Domnului Isus. Al doilea este un joc cu pioni, \u00een care alaturi de pastorii din cimpiile Betleemului, va veti grabi sa ajungeti la iesle, ca sa vedeti ceea ce au vestit ingerii! La jocul cu pioni, \u00eenaintati spre iesle raspunz\u00e2nd tot la aceste \u00eentrebari.<\/p>\n","protected":false},"excerpt":{"rendered":"<p>Intra\u0163i pas cu pas, al\u0103turi de Iosif si Maria, \u00een cea mai uimitoare aventur\u0103 a istoriei. Un plan stabilit din eternitate pentru salvarea oamenilor, a c\u0103rui etape s-au desf\u0103\u015furat cu precizie de-a lungul a mii de ani se afla acum in faza decisiva. Descopera-l si tu! Cutia con\u0163ine: &#8211; 128 de cartona\u015fe cu \u00eentreb\u0103ri din [&hellip;]<\/p>\n","protected":false},"featured_media":10071,"comment_status":"open","ping_status":"closed","template":"","meta":[],"product_brand":[],"product_cat":[98],"product_tag":[],"class_list":{"0":"post-4666","1":"product","2":"type-product","3":"status-publish","4":"has-post-thumbnail","6":"product_cat-jocuri","8":"first","9":"instock","10":"shipping-taxable","11":"purchasable","12":"product-type-simple"},"_links":{"self":[{"href":"https:\/\/dev.sbro.ro\/wp-json\/wp\/v2\/product\/4666","targetHints":{"allow":["GET"]}}],"collection":[{"href":"https:\/\/dev.sbro.ro\/wp-json\/wp\/v2\/product"}],"about":[{"href":"https:\/\/dev.sbro.ro\/wp-json\/wp\/v2\/types\/product"}],"replies":[{"embeddable":true,"href":"https:\/\/dev.sbro.ro\/wp-json\/wp\/v2\/comments?post=4666"}],"wp:featuredmedia":[{"embeddable":true,"href":"https:\/\/dev.sbro.ro\/wp-json\/wp\/v2\/media\/10071"}],"wp:attachment":[{"href":"https:\/\/dev.sbro.ro\/wp-json\/wp\/v2\/media?parent=4666"}],"wp:term":[{"taxonomy":"product_brand","embeddable":true,"href":"https:\/\/dev.sbro.ro\/wp-json\/wp\/v2\/product_brand?post=4666"},{"taxonomy":"product_cat","embeddable":true,"href":"https:\/\/dev.sbro.ro\/wp-json\/wp\/v2\/product_cat?post=4666"},{"taxonomy":"product_tag","embeddable":true,"href":"https:\/\/dev.sbro.ro\/wp-json\/wp\/v2\/product_tag?post=4666"}],"curies":[{"name":"wp","href":"https:\/\/api.w.org\/{rel}","templated":true}]}}