{"id":4709,"date":"2026-04-21T09:10:30","date_gmt":"2026-04-21T09:10:30","guid":{"rendered":"https:\/\/dev.sbro.ro\/?product=felicitare-o-primavara-plina-434"},"modified":"2026-04-21T09:10:30","modified_gmt":"2026-04-21T09:10:30","slug":"felicitare-o-primavara-plina-434","status":"publish","type":"product","link":"https:\/\/dev.sbro.ro\/product\/felicitare-o-primavara-plina-434\/","title":{"rendered":"Felicitare &#8211; O primavara plina&#8230; &#8211; 434"},"content":{"rendered":"<p>Felicitare<\/p>\n<p>       \u2022 carton semilucios 300 gr<br \/>\n       \u2022 plic alb<\/p>\n<p>Dimensiune: 10 x 15 cm<\/p>\n<p>&#8212;&#8212;&#8212;&#8212;&#8212;&#8212;&#8212;&#8212;&#8212;&#8212;&#8212;&#8212;&#8212;&#8212;&#8212;&#8212;&#8212;&#8212;&#8212;&#8212;&#8212;&#8212;&#8212;&#8212;&#8212;&#8212;&#8212;&#8212;&#8212;&#8212;&#8212;&#8212;&#8212;-<\/p>\n<p>Text:  &#8220;Domnul s\u0103 v\u0103 dea o prim\u0103var\u0103 plin\u0103 de pace \u0219i bucurie!&#8221;<\/p>\n","protected":false},"excerpt":{"rendered":"<p>Felicitare \u2022 carton semilucios 300 gr \u2022 plic alb Dimensiune: 10 x 15 cm &#8212;&#8212;&#8212;&#8212;&#8212;&#8212;&#8212;&#8212;&#8212;&#8212;&#8212;&#8212;&#8212;&#8212;&#8212;&#8212;&#8212;&#8212;&#8212;&#8212;&#8212;&#8212;&#8212;&#8212;&#8212;&#8212;&#8212;&#8212;&#8212;&#8212;&#8212;&#8212;&#8212;- Text: &#8220;Domnul s\u0103 v\u0103 dea o prim\u0103var\u0103 plin\u0103 de pace \u0219i bucurie!&#8221;<\/p>\n","protected":false},"featured_media":10113,"comment_status":"open","ping_status":"closed","template":"","meta":[],"product_brand":[],"product_cat":[70],"product_tag":[],"class_list":{"0":"post-4709","1":"product","2":"type-product","3":"status-publish","4":"has-post-thumbnail","6":"product_cat-felicitari","8":"first","9":"outofstock","10":"shipping-taxable","11":"purchasable","12":"product-type-simple"},"_links":{"self":[{"href":"https:\/\/dev.sbro.ro\/wp-json\/wp\/v2\/product\/4709","targetHints":{"allow":["GET"]}}],"collection":[{"href":"https:\/\/dev.sbro.ro\/wp-json\/wp\/v2\/product"}],"about":[{"href":"https:\/\/dev.sbro.ro\/wp-json\/wp\/v2\/types\/product"}],"replies":[{"embeddable":true,"href":"https:\/\/dev.sbro.ro\/wp-json\/wp\/v2\/comments?post=4709"}],"wp:featuredmedia":[{"embeddable":true,"href":"https:\/\/dev.sbro.ro\/wp-json\/wp\/v2\/media\/10113"}],"wp:attachment":[{"href":"https:\/\/dev.sbro.ro\/wp-json\/wp\/v2\/media?parent=4709"}],"wp:term":[{"taxonomy":"product_brand","embeddable":true,"href":"https:\/\/dev.sbro.ro\/wp-json\/wp\/v2\/product_brand?post=4709"},{"taxonomy":"product_cat","embeddable":true,"href":"https:\/\/dev.sbro.ro\/wp-json\/wp\/v2\/product_cat?post=4709"},{"taxonomy":"product_tag","embeddable":true,"href":"https:\/\/dev.sbro.ro\/wp-json\/wp\/v2\/product_tag?post=4709"}],"curies":[{"name":"wp","href":"https:\/\/api.w.org\/{rel}","templated":true}]}}