{"id":4749,"date":"2026-04-21T09:10:35","date_gmt":"2026-04-21T09:10:35","guid":{"rendered":"https:\/\/dev.sbro.ro\/?product=desenul-inimii"},"modified":"2026-04-21T09:10:35","modified_gmt":"2026-04-21T09:10:35","slug":"desenul-inimii","status":"publish","type":"product","link":"https:\/\/dev.sbro.ro\/product\/desenul-inimii\/","title":{"rendered":"Desenul inimii"},"content":{"rendered":"<p>Mor vremurile, l\u0103s\u00e2nd s\u0103 se nasc\u0103 altele! Prin\u0219i \u00eentre ce a fost \u0219i ce va fi, \u00eentre ce am c\u00e2\u0219tigat \u0219i ce am pierdut, zarea devine infinit\u0103, risipind prezentul ca pe un abur. Ne fr\u0103m\u00e2nt\u0103 \u00eentreb\u0103rile celor din jur, alung\u00e2nd lini\u0219tea din suflet ce ar putea d\u0103rui r\u0103spuns \u00eentreb\u0103rilor noastre. Zbuciumul vremii \u00eengropa\u0103 \u00eencet via\u021ba l\u0103s\u00e2nd \u00een urm\u0103 ziduri, amintiri sau urme ce merit\u0103 urmate! Doamne, d\u0103ruie\u0219te-ne \u00een\u021beleociunea s\u0103 tr\u0103im responsabil vremea noastr\u0103, ca prin ea s\u0103 d\u0103m sens vie\u021bii, creion\u00e2nd ve\u0219nicia.<\/p>\n<p>Azi e\u0219ti o sc\u00e2nteie, m\u00e2ine vei fi o stea. Ceea ce conteaz\u0103 este desenul ce \u00eel la\u0219i \u00een zbor\u2026 De fapt, cum desenezi drumul azi, a\u0219a va ar\u0103ta galaxia \u00een care vei str\u0103luci m\u00e2ine. Zborul este inevitabil, doar urmele pot fi desenate astfel \u00eenc\u00e2t s\u0103 se potriveasc\u0103 formei \u0219i culorilor universului spre care te \u00eendrep\u021bi\u2026<\/p>\n<p>M-a\u0219 bucura s\u0103-\u021bi faci timp pentru a medita o clip\u0103 la t\u0103cerea cuvintelor\u2026 mici pete de cerneal\u0103 lipite pe h\u00e2rtie. T\u0103cerea lor s\u0103-\u021bi fie o provocare pentru a continua zborul; s\u0103-\u021bi fie un impuls pentru a privi departe, spre un altceva, spre un alt orizont.<\/p>\n<p>T\u0103cerea cuvintelor s\u0103-\u021bi fie lini\u0219tea \u00een care s\u0103-\u021bi auzi c\u00e2ntecul vie\u021bii.<\/p>\n<p>Fa-ti timp pentru a citi, a citi cerneala cu care si altii si-au desenat zborul in curgerea timpului.<\/p>\n<p>Samuel Piscuc<\/p>\n","protected":false},"excerpt":{"rendered":"<p>Mor vremurile, l\u0103s\u00e2nd s\u0103 se nasc\u0103 altele! Prin\u0219i \u00eentre ce a fost \u0219i ce va fi, \u00eentre ce am c\u00e2\u0219tigat \u0219i ce am pierdut, zarea devine infinit\u0103, risipind prezentul ca pe un abur. Ne fr\u0103m\u00e2nt\u0103 \u00eentreb\u0103rile celor din jur, alung\u00e2nd lini\u0219tea din suflet ce ar putea d\u0103rui r\u0103spuns \u00eentreb\u0103rilor noastre. Zbuciumul vremii \u00eengropa\u0103 \u00eencet via\u021ba [&hellip;]<\/p>\n","protected":false},"featured_media":10153,"comment_status":"open","ping_status":"closed","template":"","meta":[],"product_brand":[],"product_cat":[39],"product_tag":[],"class_list":{"0":"post-4749","1":"product","2":"type-product","3":"status-publish","4":"has-post-thumbnail","6":"product_cat-poezii","8":"first","9":"instock","10":"shipping-taxable","11":"purchasable","12":"product-type-simple"},"_links":{"self":[{"href":"https:\/\/dev.sbro.ro\/wp-json\/wp\/v2\/product\/4749","targetHints":{"allow":["GET"]}}],"collection":[{"href":"https:\/\/dev.sbro.ro\/wp-json\/wp\/v2\/product"}],"about":[{"href":"https:\/\/dev.sbro.ro\/wp-json\/wp\/v2\/types\/product"}],"replies":[{"embeddable":true,"href":"https:\/\/dev.sbro.ro\/wp-json\/wp\/v2\/comments?post=4749"}],"wp:featuredmedia":[{"embeddable":true,"href":"https:\/\/dev.sbro.ro\/wp-json\/wp\/v2\/media\/10153"}],"wp:attachment":[{"href":"https:\/\/dev.sbro.ro\/wp-json\/wp\/v2\/media?parent=4749"}],"wp:term":[{"taxonomy":"product_brand","embeddable":true,"href":"https:\/\/dev.sbro.ro\/wp-json\/wp\/v2\/product_brand?post=4749"},{"taxonomy":"product_cat","embeddable":true,"href":"https:\/\/dev.sbro.ro\/wp-json\/wp\/v2\/product_cat?post=4749"},{"taxonomy":"product_tag","embeddable":true,"href":"https:\/\/dev.sbro.ro\/wp-json\/wp\/v2\/product_tag?post=4749"}],"curies":[{"name":"wp","href":"https:\/\/api.w.org\/{rel}","templated":true}]}}