{"id":4780,"date":"2026-04-21T09:10:39","date_gmt":"2026-04-21T09:10:39","guid":{"rendered":"https:\/\/dev.sbro.ro\/?product=biblie-foarte-mare-088-ti"},"modified":"2026-04-21T09:10:39","modified_gmt":"2026-04-21T09:10:39","slug":"biblie-foarte-mare-088-ti","status":"publish","type":"product","link":"https:\/\/dev.sbro.ro\/product\/biblie-foarte-mare-088-ti\/","title":{"rendered":"Biblie foarte mare 088 TI"},"content":{"rendered":"<p>Biblia sau Sf\u00e2nta Scriptur\u0103 a Vechiului \u0219i Noului Testament cu trimiteri <\/p>\n<p>Biblie foarte mare, copert\u0103 piele ecologic\u0103, margini aurii, index, cuvintele Domnului Isus cu ro\u0219u<\/p>\n<p>DIMENSIUNI: 20 x 29,5 cm(exterior) <\/p>\n<p>Con\u021bine urm\u0103toarele materiale ajut\u0103toare:<\/p>\n<p> &#8211; Plan de citire a Bibliei \u00eentr-un an<\/p>\n<p> &#8211; Minunile Domnului Isus<\/p>\n<p> &#8211; Pildele Domnului Isus<\/p>\n<p> &#8211; Unit\u0103\u021bi de m\u0103sur\u0103 \u00een Biblie<\/p>\n","protected":false},"excerpt":{"rendered":"<p>Biblia sau Sf\u00e2nta Scriptur\u0103 a Vechiului \u0219i Noului Testament cu trimiteri Biblie foarte mare, copert\u0103 piele ecologic\u0103, margini aurii, index, cuvintele Domnului Isus cu ro\u0219u DIMENSIUNI: 20 x 29,5 cm(exterior) Con\u021bine urm\u0103toarele materiale ajut\u0103toare: &#8211; Plan de citire a Bibliei \u00eentr-un an &#8211; Minunile Domnului Isus &#8211; Pildele Domnului Isus &#8211; Unit\u0103\u021bi de m\u0103sur\u0103 \u00een [&hellip;]<\/p>\n","protected":false},"featured_media":10184,"comment_status":"open","ping_status":"closed","template":"","meta":[],"product_brand":[],"product_cat":[89,27],"product_tag":[],"class_list":{"0":"post-4780","1":"product","2":"type-product","3":"status-publish","4":"has-post-thumbnail","6":"product_cat-biblie-foarte-mare","7":"product_cat-editie-de-lux","9":"first","10":"instock","11":"shipping-taxable","12":"purchasable","13":"product-type-simple"},"_links":{"self":[{"href":"https:\/\/dev.sbro.ro\/wp-json\/wp\/v2\/product\/4780","targetHints":{"allow":["GET"]}}],"collection":[{"href":"https:\/\/dev.sbro.ro\/wp-json\/wp\/v2\/product"}],"about":[{"href":"https:\/\/dev.sbro.ro\/wp-json\/wp\/v2\/types\/product"}],"replies":[{"embeddable":true,"href":"https:\/\/dev.sbro.ro\/wp-json\/wp\/v2\/comments?post=4780"}],"wp:featuredmedia":[{"embeddable":true,"href":"https:\/\/dev.sbro.ro\/wp-json\/wp\/v2\/media\/10184"}],"wp:attachment":[{"href":"https:\/\/dev.sbro.ro\/wp-json\/wp\/v2\/media?parent=4780"}],"wp:term":[{"taxonomy":"product_brand","embeddable":true,"href":"https:\/\/dev.sbro.ro\/wp-json\/wp\/v2\/product_brand?post=4780"},{"taxonomy":"product_cat","embeddable":true,"href":"https:\/\/dev.sbro.ro\/wp-json\/wp\/v2\/product_cat?post=4780"},{"taxonomy":"product_tag","embeddable":true,"href":"https:\/\/dev.sbro.ro\/wp-json\/wp\/v2\/product_tag?post=4780"}],"curies":[{"name":"wp","href":"https:\/\/api.w.org\/{rel}","templated":true}]}}