{"id":4784,"date":"2026-04-21T09:10:39","date_gmt":"2026-04-21T09:10:39","guid":{"rendered":"https:\/\/dev.sbro.ro\/?product=un-inger-in-miez-de-noapte"},"modified":"2026-04-21T09:10:39","modified_gmt":"2026-04-21T09:10:39","slug":"un-inger-in-miez-de-noapte","status":"publish","type":"product","link":"https:\/\/dev.sbro.ro\/?product=un-inger-in-miez-de-noapte","title":{"rendered":"Un inger in miez de noapte"},"content":{"rendered":"<p>\u021ai-a fost vreodat\u0103 fric\u0103 de ceva? Vreau s\u0103-\u021bi povestesc despre un moment din copil\u0103ria mea. Vreau s\u0103-\u021bi povestesc despre frica mea \u0219i despre cum Dumnezeu a alungat-o din inima mea.<\/p>\n","protected":false},"excerpt":{"rendered":"<p>\u021ai-a fost vreodat\u0103 fric\u0103 de ceva? Vreau s\u0103-\u021bi povestesc despre un moment din copil\u0103ria mea. Vreau s\u0103-\u021bi povestesc despre frica mea \u0219i despre cum Dumnezeu a alungat-o din inima mea.<\/p>\n","protected":false},"featured_media":10188,"comment_status":"open","ping_status":"closed","template":"","meta":[],"product_brand":[],"product_cat":[8,35],"product_tag":[],"class_list":{"0":"post-4784","1":"product","2":"type-product","3":"status-publish","4":"has-post-thumbnail","6":"product_cat-carti","7":"product_cat-copii","9":"first","10":"instock","11":"shipping-taxable","12":"purchasable","13":"product-type-simple"},"_links":{"self":[{"href":"https:\/\/dev.sbro.ro\/index.php?rest_route=\/wp\/v2\/product\/4784","targetHints":{"allow":["GET"]}}],"collection":[{"href":"https:\/\/dev.sbro.ro\/index.php?rest_route=\/wp\/v2\/product"}],"about":[{"href":"https:\/\/dev.sbro.ro\/index.php?rest_route=\/wp\/v2\/types\/product"}],"replies":[{"embeddable":true,"href":"https:\/\/dev.sbro.ro\/index.php?rest_route=%2Fwp%2Fv2%2Fcomments&post=4784"}],"wp:featuredmedia":[{"embeddable":true,"href":"https:\/\/dev.sbro.ro\/index.php?rest_route=\/wp\/v2\/media\/10188"}],"wp:attachment":[{"href":"https:\/\/dev.sbro.ro\/index.php?rest_route=%2Fwp%2Fv2%2Fmedia&parent=4784"}],"wp:term":[{"taxonomy":"product_brand","embeddable":true,"href":"https:\/\/dev.sbro.ro\/index.php?rest_route=%2Fwp%2Fv2%2Fproduct_brand&post=4784"},{"taxonomy":"product_cat","embeddable":true,"href":"https:\/\/dev.sbro.ro\/index.php?rest_route=%2Fwp%2Fv2%2Fproduct_cat&post=4784"},{"taxonomy":"product_tag","embeddable":true,"href":"https:\/\/dev.sbro.ro\/index.php?rest_route=%2Fwp%2Fv2%2Fproduct_tag&post=4784"}],"curies":[{"name":"wp","href":"https:\/\/api.w.org\/{rel}","templated":true}]}}