{"id":4789,"date":"2026-04-21T09:10:40","date_gmt":"2026-04-21T09:10:40","guid":{"rendered":"https:\/\/dev.sbro.ro\/?product=credinta-rationala-adevarul-crestin-si-apologetica"},"modified":"2026-04-21T09:10:40","modified_gmt":"2026-04-21T09:10:40","slug":"credinta-rationala-adevarul-crestin-si-apologetica","status":"publish","type":"product","link":"https:\/\/dev.sbro.ro\/product\/credinta-rationala-adevarul-crestin-si-apologetica\/","title":{"rendered":"Credin\u021b\u0103 ra\u021bional\u0103. Adev\u0103rul cre\u0219tin \u0219i apologetica"},"content":{"rendered":"<p>\u201eNu se poate exagera importan\u021ba pe care William Lane Craig a avut-o \u00een privin\u021ba cauzei lui Cristos. Este \u00een mod cert cel mai subtil apologet cre\u0219tin din ultima jum\u0103tate de veac, iar lucr\u0103rile lui academice \u00eel plaseaz\u0103 \u00een e\u0219alonul celor mai buni filosofi activi ai lumii occidentale. \u00cen plus, este un fascinant ambasador pentru Cristos, un excep\u021bional partener de discu\u021bii \u0219i un om cu inim\u0103 de evanghelist. \u00cel cunosc bine \u0219i pot spune c\u0103 duce o via\u021b\u0103 integr\u0103 \u0219i c\u0103 tr\u0103ie\u0219te ceea ce crede. Nu \u0219tiu niciun alt g\u00e2nditor care s\u0103 fi ridicat at\u00e2t de sus \u0219tacheta cercet\u0103rii cre\u0219tine, \u00een genera\u021bia noastr\u0103, cum a f\u0103cut-o Craig. Este f\u0103r\u0103 pereche \u0219i \u00cei mul\u021bumesc lui Dumnezeu pentru via\u021ba \u0219i lucrarea lui.\u201d<\/p>\n<p>&#8212; J.P. Moreland, profesor de filosofie, Talbot School of Theology<\/p>\n<p>\u201eMai cu seam\u0103 \u00een materie de erudi\u021bie, niciun alt apologet cre\u0219tin contemporan nu \u00eel dep\u0103\u0219e\u0219te pe Bill Craig. O parte dintre diversele interese ale lui Craig sunt evidente \u00een aceast\u0103 a treia edi\u021bie a lucr\u0103rii Credin\u021b\u0103 ra\u021bional\u0103. E un deliciu felul \u00een care ne prezint\u0103 teme fundamentale, precum existen\u021ba lui Dumnezeu, crea\u021bia, Scriptura \u0219i istoricitatea lui Isus, inclusiv dumnezeirea \u0219i \u00cenvierea Lui, toate \u00eentr-o singur\u0103 carte. Niciun pasionat de apologetic\u0103 n-ar trebui s\u0103 rateze acest volum, scris de un cercet\u0103tor de seam\u0103.\u201d<\/p>\n<p>&#8212; Gary R. Habermas, profesor, Departamentul de Filosofie, Liberty University<\/p>\n<p>\u201eBill Craig este unul dintre oamenii pe care \u00eei admir! Face parte dintre cei mai subtili ap\u0103r\u0103tori ai cre\u0219tinismului. El aduce o consistent\u0103 combina\u021bie de credin\u021b\u0103 veritabil\u0103, de putere \u00eenfl\u0103c\u0103rat\u0103, de abilit\u0103\u021bi dialogale, al\u0103turi de delicate\u021bea \u0219i de respectul pe care ni le cere Biblia.\u201d<\/p>\n<p>&#8212; Lee Strobel, scriitor, Pledoarie pentru Cristos \u0219i Pledoarie pentru credin\u021ba cre\u0219tin\u0103<\/p>\n","protected":false},"excerpt":{"rendered":"<p>\u201eNu se poate exagera importan\u021ba pe care William Lane Craig a avut-o \u00een privin\u021ba cauzei lui Cristos. Este \u00een mod cert cel mai subtil apologet cre\u0219tin din ultima jum\u0103tate de veac, iar lucr\u0103rile lui academice \u00eel plaseaz\u0103 \u00een e\u0219alonul celor mai buni filosofi activi ai lumii occidentale. \u00cen plus, este un fascinant ambasador pentru Cristos, [&hellip;]<\/p>\n","protected":false},"featured_media":10193,"comment_status":"open","ping_status":"closed","template":"","meta":[],"product_brand":[],"product_cat":[32],"product_tag":[],"class_list":{"0":"post-4789","1":"product","2":"type-product","3":"status-publish","4":"has-post-thumbnail","6":"product_cat-apologetica","8":"first","9":"instock","10":"shipping-taxable","11":"purchasable","12":"product-type-simple"},"_links":{"self":[{"href":"https:\/\/dev.sbro.ro\/wp-json\/wp\/v2\/product\/4789","targetHints":{"allow":["GET"]}}],"collection":[{"href":"https:\/\/dev.sbro.ro\/wp-json\/wp\/v2\/product"}],"about":[{"href":"https:\/\/dev.sbro.ro\/wp-json\/wp\/v2\/types\/product"}],"replies":[{"embeddable":true,"href":"https:\/\/dev.sbro.ro\/wp-json\/wp\/v2\/comments?post=4789"}],"wp:featuredmedia":[{"embeddable":true,"href":"https:\/\/dev.sbro.ro\/wp-json\/wp\/v2\/media\/10193"}],"wp:attachment":[{"href":"https:\/\/dev.sbro.ro\/wp-json\/wp\/v2\/media?parent=4789"}],"wp:term":[{"taxonomy":"product_brand","embeddable":true,"href":"https:\/\/dev.sbro.ro\/wp-json\/wp\/v2\/product_brand?post=4789"},{"taxonomy":"product_cat","embeddable":true,"href":"https:\/\/dev.sbro.ro\/wp-json\/wp\/v2\/product_cat?post=4789"},{"taxonomy":"product_tag","embeddable":true,"href":"https:\/\/dev.sbro.ro\/wp-json\/wp\/v2\/product_tag?post=4789"}],"curies":[{"name":"wp","href":"https:\/\/api.w.org\/{rel}","templated":true}]}}