{"id":4795,"date":"2026-04-21T09:10:40","date_gmt":"2026-04-21T09:10:40","guid":{"rendered":"https:\/\/dev.sbro.ro\/?product=joc-cauta-intrusul"},"modified":"2026-04-21T09:10:40","modified_gmt":"2026-04-21T09:10:40","slug":"joc-cauta-intrusul","status":"publish","type":"product","link":"https:\/\/dev.sbro.ro\/product\/joc-cauta-intrusul\/","title":{"rendered":"Joc &#8211; Cauta intrusul"},"content":{"rendered":"<p>CAUT\u0102 INTRUSUL \u2013 s\u0103pt\u0103m\u00e2na patimilor \u2013 este un joc excelent prin care po\u021bi evalua c\u00e2t \u0219i consolida cuno\u0219tin\u021bele despre evenimentele din ultima s\u0103pt\u0103m\u00e2n\u0103 de via\u021b\u0103 pe p\u0103m\u00e2nt, a M\u00e2ntuitorului. Gradul de dificultate al activit\u0103\u021bilor este de la simplu la complex. Obiectivele jocului: Dezvolt\u0103 \u0219i antreneaz\u0103 capacitatea de g\u00e2ndire prin decodarea simbolurilor Antreneaz\u0103 spiritul de echip\u0103 Testeaz\u0103 \u0219i aprofundeaz\u0103 cuno\u0219tin\u021bele \u0219i dezvolt\u0103 vocabularul juc\u0103torului Un joc captivant care poate fi explorat at\u00e2t individual c\u00e2t \u0219i \u00een echip\u0103. Timp + 15 minute. Se adreseaz\u0103 copiilor cu v\u00e2rste + 3 ani, poate fi \u00eens\u0103 foarte nimerit adolescen\u021bilor \u0219i chiar adul\u021bilor \u2013 o ocazie minunat\u0103 de a duce \u00eempreun\u0103 copiii cu p\u0103rin\u021bi, bunici, etc. Un excelent cadou de Pa\u0219te, la ziua de na\u0219tere, la concursuri biblice, olimpiade de religie, sau premieri \u00een cadrul \u0219colii duminicale, etc.<\/p>\n","protected":false},"excerpt":{"rendered":"<p>CAUT\u0102 INTRUSUL \u2013 s\u0103pt\u0103m\u00e2na patimilor \u2013 este un joc excelent prin care po\u021bi evalua c\u00e2t \u0219i consolida cuno\u0219tin\u021bele despre evenimentele din ultima s\u0103pt\u0103m\u00e2n\u0103 de via\u021b\u0103 pe p\u0103m\u00e2nt, a M\u00e2ntuitorului. Gradul de dificultate al activit\u0103\u021bilor este de la simplu la complex. Obiectivele jocului: Dezvolt\u0103 \u0219i antreneaz\u0103 capacitatea de g\u00e2ndire prin decodarea simbolurilor Antreneaz\u0103 spiritul de echip\u0103 [&hellip;]<\/p>\n","protected":false},"featured_media":10199,"comment_status":"open","ping_status":"closed","template":"","meta":[],"product_brand":[],"product_cat":[98],"product_tag":[],"class_list":{"0":"post-4795","1":"product","2":"type-product","3":"status-publish","4":"has-post-thumbnail","6":"product_cat-jocuri","8":"first","9":"instock","10":"shipping-taxable","11":"purchasable","12":"product-type-simple"},"_links":{"self":[{"href":"https:\/\/dev.sbro.ro\/wp-json\/wp\/v2\/product\/4795","targetHints":{"allow":["GET"]}}],"collection":[{"href":"https:\/\/dev.sbro.ro\/wp-json\/wp\/v2\/product"}],"about":[{"href":"https:\/\/dev.sbro.ro\/wp-json\/wp\/v2\/types\/product"}],"replies":[{"embeddable":true,"href":"https:\/\/dev.sbro.ro\/wp-json\/wp\/v2\/comments?post=4795"}],"wp:featuredmedia":[{"embeddable":true,"href":"https:\/\/dev.sbro.ro\/wp-json\/wp\/v2\/media\/10199"}],"wp:attachment":[{"href":"https:\/\/dev.sbro.ro\/wp-json\/wp\/v2\/media?parent=4795"}],"wp:term":[{"taxonomy":"product_brand","embeddable":true,"href":"https:\/\/dev.sbro.ro\/wp-json\/wp\/v2\/product_brand?post=4795"},{"taxonomy":"product_cat","embeddable":true,"href":"https:\/\/dev.sbro.ro\/wp-json\/wp\/v2\/product_cat?post=4795"},{"taxonomy":"product_tag","embeddable":true,"href":"https:\/\/dev.sbro.ro\/wp-json\/wp\/v2\/product_tag?post=4795"}],"curies":[{"name":"wp","href":"https:\/\/api.w.org\/{rel}","templated":true}]}}