{"id":4800,"date":"2026-04-21T09:10:40","date_gmt":"2026-04-21T09:10:40","guid":{"rendered":"https:\/\/dev.sbro.ro\/?product=szent-biblia-ct"},"modified":"2026-04-21T09:10:40","modified_gmt":"2026-04-21T09:10:40","slug":"szent-biblia-ct","status":"publish","type":"product","link":"https:\/\/dev.sbro.ro\/product\/szent-biblia-ct\/","title":{"rendered":"Szent Biblia CT"},"content":{"rendered":"<p>Biblia sau Sf\u00e2nta Scriptur\u0103 cu trimiteri, traducere K\u00e1roli G\u00e1sp\u00e1r.<br \/>\nBiblia \u00een limba maghiar\u0103.<br \/>\nEdi\u021bie cu pagini albe \u0219i text negru<\/p>\n","protected":false},"excerpt":{"rendered":"<p>Biblia sau Sf\u00e2nta Scriptur\u0103 cu trimiteri, traducere K\u00e1roli G\u00e1sp\u00e1r. Biblia \u00een limba maghiar\u0103. Edi\u021bie cu pagini albe \u0219i text negru<\/p>\n","protected":false},"featured_media":10204,"comment_status":"open","ping_status":"closed","template":"","meta":[],"product_brand":[],"product_cat":[6],"product_tag":[],"class_list":{"0":"post-4800","1":"product","2":"type-product","3":"status-publish","4":"has-post-thumbnail","6":"product_cat-editie-economica","8":"first","9":"outofstock","10":"shipping-taxable","11":"purchasable","12":"product-type-simple"},"_links":{"self":[{"href":"https:\/\/dev.sbro.ro\/wp-json\/wp\/v2\/product\/4800","targetHints":{"allow":["GET"]}}],"collection":[{"href":"https:\/\/dev.sbro.ro\/wp-json\/wp\/v2\/product"}],"about":[{"href":"https:\/\/dev.sbro.ro\/wp-json\/wp\/v2\/types\/product"}],"replies":[{"embeddable":true,"href":"https:\/\/dev.sbro.ro\/wp-json\/wp\/v2\/comments?post=4800"}],"wp:featuredmedia":[{"embeddable":true,"href":"https:\/\/dev.sbro.ro\/wp-json\/wp\/v2\/media\/10204"}],"wp:attachment":[{"href":"https:\/\/dev.sbro.ro\/wp-json\/wp\/v2\/media?parent=4800"}],"wp:term":[{"taxonomy":"product_brand","embeddable":true,"href":"https:\/\/dev.sbro.ro\/wp-json\/wp\/v2\/product_brand?post=4800"},{"taxonomy":"product_cat","embeddable":true,"href":"https:\/\/dev.sbro.ro\/wp-json\/wp\/v2\/product_cat?post=4800"},{"taxonomy":"product_tag","embeddable":true,"href":"https:\/\/dev.sbro.ro\/wp-json\/wp\/v2\/product_tag?post=4800"}],"curies":[{"name":"wp","href":"https:\/\/api.w.org\/{rel}","templated":true}]}}