{"id":4802,"date":"2026-04-21T09:10:41","date_gmt":"2026-04-21T09:10:41","guid":{"rendered":"https:\/\/dev.sbro.ro\/?product=rescris-roman"},"modified":"2026-04-21T09:10:41","modified_gmt":"2026-04-21T09:10:41","slug":"rescris-roman","status":"publish","type":"product","link":"https:\/\/dev.sbro.ro\/product\/rescris-roman\/","title":{"rendered":"Rescris &#8211; roman"},"content":{"rendered":"<p>RESCRIS &#8211; ESTE O CARTE DESPRE IUBIRE.<\/p>\n<p>&#8220;Unul dintre personajele romanului divagheaza la un moment dat: &#8220;iubirea nu poate sa fie rea&#8221;, de?i realitatea ne arata foarte clar ca iubirea poate sa fie nepotrivita, lucru pe care Dumnezeu \u00eel lasa \u00een seama noastra pentru a-l discerne ?i sa-l judecam \u00een func?ie de valorile pe care ne cladim via?a. Iubirea este buna, salvatoare, eterna, c\u00e2nd e vorba de Dumnezeu, ?i nu exista pacat \u00een ea.<\/p>\n<p>Dar c\u00e2nd vorbim despre iubirea umana, aceasta este departe de a fi perfecta; mai degraba o gasim defectuoasa, aroganta, vicleana, egoista, din cauza \u00eendepartarii omului de sursa ei reala &#8211; Dumnezeu.<\/p>\n","protected":false},"excerpt":{"rendered":"<p>RESCRIS &#8211; ESTE O CARTE DESPRE IUBIRE. &#8220;Unul dintre personajele romanului divagheaza la un moment dat: &#8220;iubirea nu poate sa fie rea&#8221;, de?i realitatea ne arata foarte clar ca iubirea poate sa fie nepotrivita, lucru pe care Dumnezeu \u00eel lasa \u00een seama noastra pentru a-l discerne ?i sa-l judecam \u00een func?ie de valorile pe care [&hellip;]<\/p>\n","protected":false},"featured_media":10206,"comment_status":"open","ping_status":"closed","template":"","meta":[],"product_brand":[],"product_cat":[31],"product_tag":[],"class_list":{"0":"post-4802","1":"product","2":"type-product","3":"status-publish","4":"has-post-thumbnail","6":"product_cat-romane","8":"first","9":"instock","10":"shipping-taxable","11":"purchasable","12":"product-type-simple"},"_links":{"self":[{"href":"https:\/\/dev.sbro.ro\/wp-json\/wp\/v2\/product\/4802","targetHints":{"allow":["GET"]}}],"collection":[{"href":"https:\/\/dev.sbro.ro\/wp-json\/wp\/v2\/product"}],"about":[{"href":"https:\/\/dev.sbro.ro\/wp-json\/wp\/v2\/types\/product"}],"replies":[{"embeddable":true,"href":"https:\/\/dev.sbro.ro\/wp-json\/wp\/v2\/comments?post=4802"}],"wp:featuredmedia":[{"embeddable":true,"href":"https:\/\/dev.sbro.ro\/wp-json\/wp\/v2\/media\/10206"}],"wp:attachment":[{"href":"https:\/\/dev.sbro.ro\/wp-json\/wp\/v2\/media?parent=4802"}],"wp:term":[{"taxonomy":"product_brand","embeddable":true,"href":"https:\/\/dev.sbro.ro\/wp-json\/wp\/v2\/product_brand?post=4802"},{"taxonomy":"product_cat","embeddable":true,"href":"https:\/\/dev.sbro.ro\/wp-json\/wp\/v2\/product_cat?post=4802"},{"taxonomy":"product_tag","embeddable":true,"href":"https:\/\/dev.sbro.ro\/wp-json\/wp\/v2\/product_tag?post=4802"}],"curies":[{"name":"wp","href":"https:\/\/api.w.org\/{rel}","templated":true}]}}